{"id":4736,"date":"2022-04-18T14:03:46","date_gmt":"2022-04-18T12:03:46","guid":{"rendered":"https:\/\/dz.smartnetmedia.rs\/?page_id=4736"},"modified":"2022-04-18T14:24:51","modified_gmt":"2022-04-18T12:24:51","slug":"sluzba-za-pravne-ekonomsko-finansijske-tehnicke-i-druge-slicne-poslove","status":"publish","type":"page","link":"https:\/\/dzsvilajnac.com\/cir\/sluzba-za-pravne-ekonomsko-finansijske-tehnicke-i-druge-slicne-poslove\/","title":{"rendered":"Slu\u017eba za pravne, ekonomsko-finansijske, tehni\u010dke i druge sli\u010dne poslove"},"content":{"rendered":"<div data-elementor-type=\"wp-page\" data-elementor-id=\"4736\" class=\"elementor elementor-4736\">\n\t\t\t\t\t\t\t\t\t<section class=\"elementor-section elementor-top-section elementor-element elementor-element-45eab12 elementor-section-boxed elementor-section-height-default elementor-section-height-default\" data-id=\"45eab12\" data-element_type=\"section\">\n\t\t\t\t\t\t<div class=\"elementor-container elementor-column-gap-default\">\n\t\t\t\t\t<div class=\"elementor-column elementor-col-100 elementor-top-column elementor-element elementor-element-69c0e8f\" data-id=\"69c0e8f\" data-element_type=\"column\">\n\t\t\t<div class=\"elementor-widget-wrap elementor-element-populated\">\n\t\t\t\t\t\t\t\t<div class=\"elementor-element elementor-element-0a1effc elementor-widget elementor-widget-text-editor\" data-id=\"0a1effc\" data-element_type=\"widget\" data-widget_type=\"text-editor.default\">\n\t\t\t\t<div class=\"elementor-widget-container\">\n\t\t\t\t\t\t\t<p><span style=\"color: #000000;\"><strong>Slu\u017eba za pravne, ekonomsko-finansijske, tehni\u010dke i druge sli\u010dne poslove<br \/><\/strong> <\/span><br \/><span style=\"color: #000000;\">\u2013 \u041e\u0434\u0441\u0435\u043a \u0437\u0430 \u043e\u043f\u0448\u0442\u0435 \u0438 \u043f\u0440\u0430\u0432\u043d\u0435 \u043f\u043e\u0441\u043b\u043e\u0432\u0435;<\/span><br \/><span style=\"color: #000000;\">\u2013 \u041e\u0434\u0441\u0435\u043a \u0437\u0430 \u0435\u043a\u043e\u043d\u043e\u043c\u0441\u043a\u043e-\u0444\u0438\u043d\u0430\u043d\u0441\u0438\u0458\u0441\u043a\u0435 \u043f\u043e\u0441\u043b\u043e\u0432\u0435;<\/span><br \/><span style=\"color: #000000;\">\u2013 \u041e\u0434\u0435\u0459\u0435\u045a\u0435 \u0437\u0430 \u0442\u0435\u0445\u043d\u0438\u0447\u043a\u0435 \u043f\u043e\u0441\u043b\u043e\u0432\u0435;<\/span><\/p><p><span style=\"color: #000000;\"><strong>Odseka za pravna pitanja<\/strong><\/span><\/p><p><span style=\"color: #000000;\">Radno vreme: 07:00-15:00 radnim danima; (subota i nedelja \u2013 neradni dan)<\/span><br \/><span style=\"color: #000000;\">Tel : 035\/314136<\/span><\/p><p><span style=\"color: #000000;\"><strong>Odseka za ekonomska pitanja<\/strong><\/span><\/p><p><span style=\"color: #000000;\">Radno vreme: 07:00-15:00 radnim danima; (subota i nedelja \u2013 neradni dan)<\/span><br \/><span style=\"color: #000000;\">Tel : 035\/321234<\/span><\/p><p><strong><span style=\"color: #000000;\">Odsek za finansijske poslove <\/span><\/strong><br \/><span style=\"color: #000000;\">Radno vreme: 07:00-15:00 radnim danima; (subota i nedelja \u2013 neradni dan)<\/span><br \/><span style=\"color: #000000;\">Tel : 035\/321-234 , e-mail : racunovodstvodzsv@gmail.com<\/span><br \/><span style=\"color: #000000;\"><br \/><strong>Zaposleni :<\/strong><\/span><br \/><span style=\"color: #000000;\">Bojan Milosavljevi\u0107 , dipl.ecc , \u0161ef slu\u017ebe<\/span><br \/><span style=\"color: #000000;\">Dragana Stanojevi\u0107 , dipl.ecc<\/span><br \/><span style=\"color: #000000;\">Ankica Radosavljevi\u0107 , vi\u0161a stru\u010dna sprema<\/span><br \/><span style=\"color: #000000;\">Ljiljana Strainovi\u0107 , srednja stru\u010dna sprema<\/span><br \/><span style=\"color: #000000;\">Nela Milanovi\u0107 , vi\u0161a stru\u010dna sprema<\/span><br \/><span style=\"color: #000000;\"><br \/><strong>U Odseku za finansijske poslove obavljaju se slede\u0107i poslovi :<\/strong><\/span><br \/><span style=\"color: #000000;\">&#8211; evidentiraju se i iskazuju stanje i promene na imovini, potra\u017eivanjima, obavezama, izvorima finansiranja, rashodima, izdacima, prihodima i primanjima. Sastavljaju se periodi\u010dni i godi\u0161nji izve\u0161taji o finansijskom poslovanju, vr\u0161i se obra\u010dun poreza na dodatu vrednost, obra\u0111uju se redovni popisi imovine, obaveza i potra\u017eivanja i izra\u0111uju razni interni i eksterni izve\u0161taji.<\/span><br \/><span style=\"color: #000000;\">&#8211; fakturisanje zdravstvenih i drugih usluga kupcima, evidentiranje ulaza medicinskog i nemedicinskog materijala u magacine, izlaz iz tih magacina i evidentiranje ulaza i izlaza tih materijala po slu\u017ebama , i to po koli\u010dini i vrednosti.<\/span><br \/><span style=\"color: #000000;\">&#8211; vr\u0161i se koordinacija evidencije svih ulaznih i izlaznih finansijskih dokumenata od zaklju\u010divanja ugovora, preko prijema robe u magacin, evidentiranja u finansijskom knjigovodstvu do pra\u0107enja realizacije zaklju\u010denih ugovora.<\/span><br \/><span style=\"color: #000000;\">&#8211; vr\u0161i formalna, ra\u010dunska i su\u0161tinska kontrola ra\u010dunovodstvenih isprava, evidencija svih ulaznih ra\u010duna i priprema za pla\u0107anje, sa\u010dinjavanje izve\u0161taja o dospelosti ra\u010duna za pla\u0107anje po dobavlja\u010dima i namenama, pra\u0107enje uplate pazara od participacije i pru\u017eenih zdravstvenih usluga, obrada putnih naloga i drugo. Blagajna vr\u0161i prijem i uplatu pazara u Trezor<\/span><br \/><span style=\"color: #000000;\">&#8211; obavlja se obra\u010dun zarada \u2013 plata i naknada zarada za bolovanja, obra\u010dun naknade za prevoz zaposlenih, obra\u010dun jubilarnih nagrada, otpremnina prilikom odlaska u penziju ili po osnovu racionalizacije zaposlenih, obra\u010dun za ugovore o delu, za privremene i povremene poslove, naknade \u010dlanovima upravnog odbora, sastavljanje i podno\u0161enje poreskih prijava i drugiih propisanih obra\u010duna i evidencija od strane dr\u017eavnih i drugih nadle\u017enih organa.<\/span><\/p><p><strong><span style=\"color: #000000;\">Odeljenje za tehni\u010dke poslove<\/span><\/strong><\/p><p><span style=\"color: #000000;\">Odeljenje za tehni\u010dke poslove obavlja sve poslove odr\u017eavanja vodovodnih, grejnih i elektri\u010dnih instalacija, kao i poslove odr\u017eavanja higijene prostorija i kruga koji pripada ustanovi. Poslove odr\u017eavanja ra\u010dunarske mre\u017ee, ra\u010dunarske opreme i \u0161tampa\u010da obavlja informati\u010dko lice koje pripada ovom odeljenju.<\/span><br \/><span style=\"color: #000000;\">\u0417\u0430\u043f\u043e\u0441\u043b\u0435\u043d\u0438:<\/span><br \/><span style=\"color: #000000;\">&#8211; Aleksandar Jevti\u0107 , diplomirani in\u017eenjer elektrotehnike, informati\u010dko lice i \u0161ef odeljenja<\/span><br \/><span style=\"color: #000000;\">&#8211; Goran Pen\u010di\u0107, glavni tehni\u010dar<\/span><br \/><span style=\"color: #000000;\">&#8211; Novica Stepanovi\u0107, radnik na odr\u017eavanju instalacija<\/span><br \/><span style=\"color: #000000;\">&#8211; Zoran Stamenkovi\u0107, radnik na odr\u017eavanju higijene kruga<\/span><br \/><span style=\"color: #000000;\">&#8211; Divna Stamenkovi\u0107, radnik u ve\u0161eraju<\/span><br \/><span style=\"color: #000000;\">&#8211; Irena Vasi\u0107, higijeni\u010dar<\/span><br \/><span style=\"color: #000000;\">&#8211; Sla\u0111ana Gruji\u0107, higijeni\u010dar<\/span><\/p><p><span style=\"color: #000000;\">Radno vreme odeljenja je od 7 do 15 \u010dasova. Svi radnici su dostupni 24 \u010dasa u slu\u010daju hitnih intervencija usled havarija.<\/span><br \/><span style=\"color: #000000;\">Telefon: 035\/8815369<\/span><\/p>\t\t\t\t\t\t<\/div>\n\t\t\t\t<\/div>\n\t\t\t\t\t<\/div>\n\t\t<\/div>\n\t\t\t\t\t\t\t<\/div>\n\t\t<\/section>\n\t\t\t\t\t\t\t<\/div>","protected":false},"excerpt":{"rendered":"<p>Slu\u017eba za pravne, ekonomsko-finansijske, tehni\u010dke i druge sli\u010dne poslove &#8211; Odsek za op\u0161te i pravne poslove;&#8211; Odsek za ekonomsko-finansijske poslove;&#8211; Odeljenje za tehni\u010dke poslove; Odseka za pravna pitanja Radno vreme: 07:00-15:00 radnim danima; (subota i nedelja \u2013 neradni dan)Tel : 035\/314136 Odseka za ekonomska pitanja Radno vreme: 07:00-15:00 radnim danima; (subota i nedelja \u2013 neradni&hellip;<\/p>","protected":false},"author":1,"featured_media":0,"parent":0,"menu_order":0,"comment_status":"closed","ping_status":"closed","template":"","meta":[],"_links":{"self":[{"href":"https:\/\/dzsvilajnac.com\/cir\/wp-json\/wp\/v2\/pages\/4736"}],"collection":[{"href":"https:\/\/dzsvilajnac.com\/cir\/wp-json\/wp\/v2\/pages"}],"about":[{"href":"https:\/\/dzsvilajnac.com\/cir\/wp-json\/wp\/v2\/types\/page"}],"author":[{"embeddable":true,"href":"https:\/\/dzsvilajnac.com\/cir\/wp-json\/wp\/v2\/users\/1"}],"replies":[{"embeddable":true,"href":"https:\/\/dzsvilajnac.com\/cir\/wp-json\/wp\/v2\/comments?post=4736"}],"version-history":[{"count":7,"href":"https:\/\/dzsvilajnac.com\/cir\/wp-json\/wp\/v2\/pages\/4736\/revisions"}],"predecessor-version":[{"id":4758,"href":"https:\/\/dzsvilajnac.com\/cir\/wp-json\/wp\/v2\/pages\/4736\/revisions\/4758"}],"wp:attachment":[{"href":"https:\/\/dzsvilajnac.com\/cir\/wp-json\/wp\/v2\/media?parent=4736"}],"curies":[{"name":"wp","href":"https:\/\/api.w.org\/{rel}","templated":true}]}}