{"id":4593,"date":"2022-04-07T11:29:46","date_gmt":"2022-04-07T09:29:46","guid":{"rendered":"https:\/\/dz.smartnetmedia.rs\/?page_id=4593"},"modified":"2022-04-07T11:31:05","modified_gmt":"2022-04-07T09:31:05","slug":"covid-ambulanta","status":"publish","type":"page","link":"https:\/\/dzsvilajnac.com\/cir\/covid-ambulanta\/","title":{"rendered":"\u041a\u043e\u0432\u0438\u0434 \u0430\u043c\u0431\u0443\u043b\u0430\u043d\u0442\u0430"},"content":{"rendered":"<div data-elementor-type=\"wp-page\" data-elementor-id=\"4593\" class=\"elementor elementor-4593\">\n\t\t\t\t\t\t\t\t\t<section class=\"elementor-section elementor-top-section elementor-element elementor-element-b4315ba elementor-section-boxed elementor-section-height-default elementor-section-height-default\" data-id=\"b4315ba\" data-element_type=\"section\">\n\t\t\t\t\t\t<div class=\"elementor-container elementor-column-gap-default\">\n\t\t\t\t\t<div class=\"elementor-column elementor-col-100 elementor-top-column elementor-element elementor-element-13bdf59\" data-id=\"13bdf59\" data-element_type=\"column\">\n\t\t\t<div class=\"elementor-widget-wrap elementor-element-populated\">\n\t\t\t\t\t\t\t\t<div class=\"elementor-element elementor-element-8bcfc66 elementor-widget elementor-widget-text-editor\" data-id=\"8bcfc66\" data-element_type=\"widget\" data-widget_type=\"text-editor.default\">\n\t\t\t\t<div class=\"elementor-widget-container\">\n\t\t\t\t\t\t\t<p style=\"margin-bottom: 0cm; line-height: 14.65pt; background: white;\"><span lang=\"EN-US\" style=\"font-family: Arial, sans-serif; color: #000000;\">\u041f\u0440\u0435\u043c\u0430 \u0434\u043e\u043f\u0438\u0441\u0443<span class=\"apple-converted-space\">\u00a0<\/span>\u0438 \u043f\u0440\u0435\u043f\u043e\u0440\u0443\u043a\u0430\u043c\u0430<span class=\"apple-converted-space\">\u00a0<\/span>\u041c\u0438\u043d\u0438\u0441\u0442\u0430\u0440\u0441\u0442\u0432\u0430<span class=\"apple-converted-space\">\u00a0<\/span>\u0437\u0434\u0440\u0430\u0432\u0459\u0430 \u0420\u0435\u043f\u0443\u0431\u043b\u0438\u043a\u0435 \u0421\u0440\u0431\u0438\u0458\u0435 \u043d\u0430\u043a\u043e\u043d \u043f\u0440\u043e\u0433\u043b\u0430\u0448\u0435\u045a\u0430 \u0435\u043f\u0438\u0434\u0435\u043c\u0438\u0458\u0435 \u0421\u0410\u0420\u0421-\u0426\u043e\u0412-2 \u0432\u0438\u0440\u0443\u0441\u0430 \u043d\u0430 \u0442\u0435\u0440\u0438\u0442\u043e\u0440\u0438\u0458\u0438 \u0420\u0435\u043f\u0443\u0431\u043b\u0438\u043a\u0435 \u0421\u0440\u0431\u0438\u0458\u0435 17.03.2020. \u0433\u043e\u0434\u0438\u043d\u0435 \u043f\u043e\u0447\u0435\u043b\u0430 \u0458\u0435 \u0441\u0430 \u0440\u0430\u0434\u043e\u043c \u0426\u043e\u0432\u0438\u0434 \u0430\u043c\u0431\u0443\u043b\u0430\u043d\u0442\u0430 \u043f\u0440\u0438 \u0414\u043e\u043c\u0443 \u0437\u0434\u0440\u0430\u0432\u0459\u0430 \u0421\u0432\u0438\u043b\u0430\u0458\u043d\u0430\u0446.<\/span><\/p><p style=\"margin-bottom: 0cm; line-height: 14.65pt; background: white;\"><span lang=\"EN-US\" style=\"font-family: Arial, sans-serif; color: #000000;\">\u00a0<\/span><\/p><p style=\"margin-bottom: 0cm; line-height: 14.65pt; background: white;\"><span lang=\"EN-US\" style=\"font-family: Arial, sans-serif; color: #000000;\">\u0426\u0438\u0459 \u0426\u043e\u0432\u0438\u0434 \u0430\u043c\u0431\u0443\u043b\u043d\u0442\u0435 \u043e\u0431\u0443\u0445\u0432\u0430\u0442\u0430 \u0442\u0440\u0438\u0458\u0430\u0436\u0443 \u043f\u0430\u0446\u0438\u0458\u0435\u043d\u0430\u0442\u0430 \u0441\u0430 \u0444\u0435\u0431\u0440\u0438\u043b\u043d\u0438\u043c \u0441\u0442\u0430\u045a\u0438\u043c\u0430 \u0438 \u0441\u0438\u043c\u043f\u0442\u043e\u043c\u0438\u043c\u0430 \u0440\u0435\u0441\u043f\u0438\u0440\u0430\u0442\u043e\u0440\u043d\u0438\u0445 \u0438\u043d\u0444\u0435\u043a\u0446\u0438\u0458\u0430, \u045a\u0438\u0445\u043e\u0432\u043e \u0442\u0435\u0441\u0442\u0438\u0440\u0430\u045a\u0435, \u0434\u0438\u0458\u0430\u0433\u043d\u043e\u0441\u0442\u0438\u043a\u0443 \u0438 \u043b\u0435\u0447\u0435\u045a\u0435 \u0441\u0430\u043c\u0438\u0445 \u043f\u0430\u0446\u0438\u0458\u0435\u043d\u0430\u0442\u0430, \u043a\u0430\u043e \u0438 \u043f\u0440\u0430\u045b\u0435\u045a\u0435 \u0441\u0432\u0438\u0445 \u043a\u043e\u043d\u0442\u0430\u0442\u043a\u0430 \u043a\u043e\u0458\u0435 \u0441\u0443 \u0437\u0430\u0440\u0430\u0436\u0435\u043d\u0438 \u043e\u0441\u0442\u0432\u0430\u0440\u0438\u0432\u0430\u043b\u0438. \u0422\u043e\u043a\u043e\u043c \u043f\u0430\u043d\u0434\u0435\u043c\u0438\u0458\u0435 \u0426\u043e\u0440\u043e\u043d\u0430 \u0432\u0438\u0440\u0443\u0441\u0430 \u0440\u0430\u0434 \u0443 \u0446\u043e\u0432\u0438\u0434 \u0430\u043c\u0431\u0443\u043b\u0430\u043d\u0442\u0438 \u0441\u0435 \u043e\u0434\u0432\u0438\u0458\u0430\u043e \u0442\u0430\u043a\u043e \u0434\u0430 \u0437\u0430\u0434\u043e\u0432\u043e\u0459\u0438 \u043f\u043e\u0442\u0435\u0431\u0435 \u043f\u0430\u0446\u0438\u0458\u0435\u043d\u0430\u0442\u0430. \u041e\u0440\u0433\u0430\u043d\u0438\u0437\u043e\u0432\u0430\u043d\u0438 \u0440\u0430\u0434 \u0441\u0435 \u0441\u043f\u0440\u043e\u0432\u043e\u0434\u0438\u043e \u043d\u0430\u0458\u0447\u0435\u0441\u0448\u045b\u0435 \u0443 3 \u0435\u043a\u0438\u043f\u0435 (\u043a\u043e\u0458\u0443 \u0447\u0438\u043d\u0435 1 \u043b\u0435\u043a\u0430\u0440 \u0438 2 \u043c\u0435\u0434\u0438\u0446\u0438\u043d\u0441\u043a\u0435 \u0441\u0435\u0441\u0442\u0440\u0435) \u0434\u043e \u043d\u0430\u0458\u0432\u0438\u0448\u0435 \u0443 6 \u0435\u043a\u0438\u043f\u0430 \u0442\u043e\u043a\u043e\u043c \u043d\u0430\u0458\u0432\u0435\u045b\u0438\u0445 \u0442\u0430\u043b\u0430\u0441\u0430 \u0437\u0430\u0440\u0430\u0437\u0435, \u043a\u0430\u0434\u0430 \u0458\u0435 \u043f\u0440\u0438\u0432\u0440\u0435\u043c\u0435\u043d\u043e \u043e\u0442\u0432\u0430\u0440\u0430\u043d\u0430 \u0438 \u0426\u041e\u0412\u0418\u0414 2 \u0430\u043c\u0431\u0443\u043b\u0430\u043d\u0442\u0430, \u043a\u0430\u043a\u043e \u0431\u0438 \u0441\u0435 \u0440\u0430\u0434 \u0441\u0430 \u043f\u0430\u0446\u0438\u0458\u0435\u043d\u0442\u0438\u043c\u0430 \u043e\u0434\u0432\u0438\u0458\u0430\u043e \u043d\u0430 \u043d\u0430\u0458\u0431\u043e\u0459\u0438 \u043c\u043e\u0433\u0443\u045b\u0438 \u043d\u0430\u0447\u0438\u043d, \u0438 \u043a\u0430\u043a\u043e \u0431\u0438 \u0441\u0432\u0438 \u043f\u0430\u0446\u0438\u0458\u0435\u043d\u0442\u0438 \u0431\u0438\u043b\u0438 \u043f\u0440\u0430\u0432\u043e\u0432\u0440\u0435\u043c\u0435\u043d\u043e \u0437\u0431\u0440\u0438\u043d\u0443\u0442\u0438, \u0434\u0438\u0458\u0430\u0433\u043d\u043e\u0441\u0442\u0438\u043a\u043e\u0432\u0430\u043d\u0438 \u0438 \u043b\u0435\u0447\u0435\u043d\u0438 \u043f\u0440\u0435\u043c\u0430 \u0441\u0432\u0438\u043c \u0432\u0430\u0436\u0435\u045b\u0438\u043c \u043f\u0440\u043e\u0442\u043e\u043a\u043e\u043b\u0438\u043c\u0430 \u0437\u0430 \u0441\u0443\u0437\u0431\u0438\u0458\u0430\u045a\u0435 \u0438 \u043b\u0435\u0447\u0435\u045a\u0435 \u0438\u043d\u0444\u0435\u043a\u0446\u0438\u0458\u0435 \u0421\u0410\u0420\u0421-\u0426\u043e\u0412-2 \u0432\u0438\u0440\u0443\u0441\u0430. \u0423 \u043e\u043a\u0432\u0438\u0440\u0443 \u0426\u043e\u0432\u0438\u0434 \u0430\u043c\u0431\u0443\u043b\u0430\u043d\u0442\u0435 \u0444\u0443\u043d\u0446\u0438\u043e\u043d\u0438\u0448\u0435 \u0438 \u0437\u0430\u0441\u0435\u0431\u0430\u043d \u0434\u0435\u043e \u0426\u041e\u0412\u0418\u0414 \u0418\u041d\u0422\u0415\u0420\u0412\u0415\u041d\u0426\u0418\u0408\u0415 \u0443 \u043a\u043e\u0458\u0435\u043c \u0458\u0435 \u043e\u043c\u043e\u0433\u0443\u045b\u0435\u043d\u043e \u043f\u0430\u0446\u0438\u0458\u0435\u043d\u0442\u0438\u043c\u0430, \u043a\u043e\u043d\u0442\u0438\u043d\u0443\u0440\u0430\u043d\u0430 \u043f\u0440\u0438\u043c\u0435\u043d\u0430 \u0438\u043d\u0444\u0443\u0437\u0438\u043e\u043d\u0435 \u0442\u0435\u0440\u0430\u043f\u0438\u0458\u0435 \u0438 \u0441\u0432\u0430\u043a\u043e\u0434\u043d\u0435\u0432\u043d\u0438 \u0437\u0434\u0440\u0430\u0432\u0441\u0442\u0432\u0435\u043d\u0438 \u043d\u0430\u0434\u0437\u043e\u0440. \u0421\u0432\u0430\u043a\u043e\u0434\u043d\u0435\u0432\u043d\u0443 \u043f\u043e\u043c\u043e\u045b \u0443 \u0440\u0430\u0434\u0443 \u0426\u041e\u0412\u0418\u0414 \u0430\u043c\u0431\u0443\u043b\u0430\u043d\u0442\u0435 \u043f\u0440\u0443\u0436\u0430\u0458\u0443 \u0437\u0430\u043f\u043e\u0441\u043b\u0435\u043d\u0438 \u0443 \u043e\u043a\u0432\u0438\u0440\u0443 \u043b\u0430\u0431\u043e\u0440\u0430\u0442\u043e\u0440\u0441\u0438\u0458\u0441\u043a\u0435 \u0438 \u0440\u0435\u043d\u0434\u0433\u0435\u043d \u0434\u0438\u0458\u0430\u0433\u043d\u043e\u0441\u0442\u0438\u043a\u0435, \u0442\u0430\u043a\u043e\u0434\u0458\u0435 \u0443 \u043e\u043a\u0432\u0438\u0440\u0443 \u0426\u041e\u0412\u0418\u0414 \u0430\u043c\u0431\u0443\u043b\u0435\u043d\u0442\u0435, \u0437\u0430\u0441\u0435\u0431\u043d\u043e \u0444\u0443\u043d\u043a\u0446\u0438\u043e\u043d\u0438\u0448\u0435 \u0438 \u0412\u0410\u041a\u0426\u0418\u041d\u0410\u041b\u041d\u0418 \u041f\u0423\u041d\u041a\u0422 \u043d\u0430 \u043a\u043e\u0458\u0435\u043c \u0441\u0435 \u0441\u043f\u0440\u043e\u0432\u043e\u0434\u0438 \u0438\u043c\u0443\u043d\u0438\u0437\u0430\u0446\u0438\u0458\u0430 \u043f\u0440\u043e\u0442\u0438\u0432 \u0426\u043e\u0432\u0438\u0434-19 \u043e\u0431\u043e\u0459\u0435\u045a\u0430, \u0441\u0432\u0438\u043c \u0440\u0430\u0441\u043f\u043e\u043b\u043e\u0436\u0438\u0432\u0438\u043c \u0432\u0430\u043a\u0446\u0438\u043d\u0430\u043c\u0430 \u043d\u0430 \u0442\u0435\u0440\u0438\u0442\u043e\u0440\u0438\u0458\u0438 \u0420\u0435\u043f\u0443\u0431\u043b\u0438\u043a\u0435 \u0421\u0440\u0431\u0438\u0458\u0435.<\/span><\/p><p style=\"margin-bottom: 0cm; line-height: 14.65pt; background: white;\"><span lang=\"EN-US\" style=\"font-family: Arial, sans-serif; color: #000000;\">\u00a0<\/span><\/p><p><img decoding=\"async\" loading=\"lazy\" class=\"alignnone size-medium wp-image-4589\" src=\"https:\/\/dz.smartnetmedia.rs\/wp-content\/uploads\/2022\/04\/STE_C192-300x225.jpg\" alt=\"\" width=\"300\" height=\"225\" srcset=\"https:\/\/dzsvilajnac.com\/wp-content\/uploads\/2022\/04\/STE_C192-300x225.jpg 300w, https:\/\/dzsvilajnac.com\/wp-content\/uploads\/2022\/04\/STE_C192-1024x768.jpg 1024w, https:\/\/dzsvilajnac.com\/wp-content\/uploads\/2022\/04\/STE_C192-768x576.jpg 768w, https:\/\/dzsvilajnac.com\/wp-content\/uploads\/2022\/04\/STE_C192.jpg 1440w\" sizes=\"(max-width: 300px) 100vw, 300px\" \/> <img decoding=\"async\" loading=\"lazy\" class=\"alignnone size-medium wp-image-4588\" src=\"https:\/\/dz.smartnetmedia.rs\/wp-content\/uploads\/2022\/04\/STE_C191-300x225.jpg\" alt=\"\" width=\"300\" height=\"225\" srcset=\"https:\/\/dzsvilajnac.com\/wp-content\/uploads\/2022\/04\/STE_C191-300x225.jpg 300w, https:\/\/dzsvilajnac.com\/wp-content\/uploads\/2022\/04\/STE_C191-1024x768.jpg 1024w, https:\/\/dzsvilajnac.com\/wp-content\/uploads\/2022\/04\/STE_C191-768x576.jpg 768w, https:\/\/dzsvilajnac.com\/wp-content\/uploads\/2022\/04\/STE_C191.jpg 1440w\" sizes=\"(max-width: 300px) 100vw, 300px\" \/><\/p><p style=\"margin-bottom: 0cm; line-height: 14.65pt; background: white;\"><strong><span lang=\"EN-US\" style=\"font-family: Arial, sans-serif; color: #000000;\">\u0420\u0430\u0434\u043d\u043e \u0432\u0440\u0435\u043c\u0435:<\/span><\/strong><\/p><p style=\"margin-bottom: 0cm; line-height: 14.65pt; background: white;\"><span lang=\"EN-US\" style=\"font-family: Arial, sans-serif; color: #000000;\"> \u043f\u043e\u043d\u0435\u0434\u0435\u0459\u0430\u043a-\u043d\u0435\u0434\u0435\u0459\u0430 07:00 \u2013 17:00<\/span><\/p><p style=\"margin-bottom: 0cm; line-height: 14.65pt; background: white;\"><span lang=\"EN-US\" style=\"font-family: Arial, sans-serif; color: #000000;\">\u041a\u043e\u043d\u0442\u0430\u043a\u0442 \u0442\u0435\u043b\u0435\u0444\u043e\u043d: 035\/321-260<\/span><\/p><p style=\"margin-bottom: 0cm; line-height: 14.65pt; background: white;\"><span lang=\"EN-US\" style=\"font-family: Arial, sans-serif; color: #000000;\">\u043c\u0435\u0458\u043b:<span class=\"apple-converted-space\">\u00a0<\/span><a style=\"color: #000000;\" href=\"mailto:trijaznaambulantasv@gmail.com\" target=\"_blank\" rel=\"noopener\">trijaznaambulantasv@gmail.com<\/a><\/span><\/p><p style=\"margin-bottom: 0cm; line-height: 14.65pt; background: white;\"><span lang=\"EN-US\" style=\"font-family: Arial, sans-serif; color: #000000;\">\u00a0<\/span><\/p><p style=\"margin-bottom: 0cm; line-height: 14.65pt; background: white;\"><strong><span lang=\"EN-US\" style=\"font-family: Arial, sans-serif; color: #000000;\">\u0417\u0430\u043f\u043e\u0441\u043b\u0435\u043d\u0438:<\/span><\/strong><\/p><p style=\"margin-bottom: 0cm; line-height: 14.65pt; background: white;\"><span lang=\"EN-US\" style=\"font-family: Arial, sans-serif; color: #000000;\">\u0414\u0440 \u0441\u043f\u0435\u0446. \u043f\u0435\u0434\u0438\u0458\u0430\u0442\u0440\u0438\u0458\u0435-\u043c\u0430\u0433\u0438\u0441\u0442\u0430\u0440 \u043c\u0435\u0434\u0438\u0446\u0438\u043d\u0441\u043a\u0438\u0445 \u043d\u0430\u0443\u043a\u0430 \u0412\u0435\u0440\u0430 \u0411\u0440\u0430\u043d\u0438\u0441\u0430\u0432\u0459\u0435\u0432\u0438\u045b<\/span><\/p><p style=\"margin-bottom: 0cm; line-height: 14.65pt; background: white;\"><span lang=\"EN-US\" style=\"font-family: Arial, sans-serif; color: #000000;\">\u0414\u0440 \u043c\u0435\u0434 \u0418\u0433\u043e\u0440 \u0421\u0442\u043e\u0458\u043c\u0435\u043d\u043e\u0432\u0438\u045b<\/span><\/p><p style=\"margin-bottom: 0cm; line-height: 14.65pt; background: white;\"><span lang=\"EN-US\" style=\"font-family: Arial, sans-serif; color: #000000;\">\u00a0<\/span><\/p><p style=\"margin-bottom: 0cm; line-height: 14.65pt; background: white;\"><span lang=\"EN-US\" style=\"font-family: Arial, sans-serif; color: #000000;\">\u041c\u0421 \u0411\u0438\u0459\u0430\u043d\u0430 \u0408\u043e\u0432\u0430\u043d\u043e\u0432\u0438\u045b<\/span><\/p><p style=\"margin-bottom: 0cm; line-height: 14.65pt; background: white;\"><span lang=\"EN-US\" style=\"font-family: Arial, sans-serif; color: #000000;\">\u041c\u0421 \u0408\u0430\u0441\u043c\u0438\u043d\u0430 \u0408\u043e\u0432\u0430\u043d\u043e\u0432\u0438\u045b<\/span><\/p><p style=\"margin-bottom: 0cm; line-height: 14.65pt; background: white;\"><span lang=\"EN-US\" style=\"font-family: Arial, sans-serif; color: #000000;\">\u041c\u0421 \u0414\u0430\u043d\u0438\u0458\u0435\u043b\u0430 \u0413\u0430\u0440\u0430\u0448\u0435\u0432\u0438\u045b<\/span><\/p><p style=\"margin-bottom: 0cm; line-height: 14.65pt; background: white;\"><span lang=\"EN-US\" style=\"font-family: Arial, sans-serif; color: #000000;\">\u041c\u0421 \u041c\u0430\u0458\u0430 \u0421\u0442\u0430\u043d\u043a\u043e\u0432\u0438\u045b<\/span><\/p><p style=\"margin-bottom: 0cm; line-height: 14.65pt; background: white;\"><span lang=\"EN-US\" style=\"font-family: Arial, sans-serif; color: #000000;\">\u0412\u041c\u0421 \u0422\u0430\u0442\u0458\u0430\u043d\u0430 \u041a\u043e\u0441\u0442\u0438\u045b<\/span><\/p><p style=\"margin-bottom: 0cm; line-height: 14.65pt; background: white;\"><span lang=\"EN-US\" style=\"font-family: Arial, sans-serif; color: #000000;\">\u041c\u0421 \u0417\u0432\u0435\u0437\u0434\u0430\u043d\u0430 \u0421\u0442\u043e\u0438\u043b\u043e\u0432\u0438\u045b<\/span><\/p><p style=\"margin-bottom: 0cm; line-height: 14.65pt; background: white;\"><span lang=\"EN-US\" style=\"font-family: Arial, sans-serif; color: #000000;\">\u041c\u0421 \u0413\u043e\u0440\u0438\u0446\u0430 \u041f\u0430\u0443\u043d\u043e\u0432\u0438\u045b<\/span><\/p><p style=\"margin-bottom: 0cm; line-height: 14.65pt; background: white;\"><span lang=\"EN-US\" style=\"font-family: Arial, sans-serif; color: #000000;\">\u00a0<\/span><\/p>\t\t\t\t\t\t<\/div>\n\t\t\t\t<\/div>\n\t\t\t\t\t<\/div>\n\t\t<\/div>\n\t\t\t\t\t\t\t<\/div>\n\t\t<\/section>\n\t\t\t\t\t\t\t<\/div>","protected":false},"excerpt":{"rendered":"<p>Prema dopisu\u00a0i preporukama\u00a0Ministarstva\u00a0zdravlja Republike Srbije nakon progla\u0161enja epidemije SARS-CoV-2 virusa na teritoriji Republike Srbije 17.03.2020. godine po\u010dela je sa radom Covid ambulanta pri Domu zdravlja Svilajnac. \u00a0 Cilj Covid ambulnte obuhvata trija\u017eu pacijenata sa febrilnim stanjima i simptomima respiratornih infekcija, njihovo testiranje, dijagnostiku i le\u010denje samih pacijenata, kao i pra\u0107enje svih kontatka koje su zara\u017eeni&hellip;<\/p>","protected":false},"author":1,"featured_media":0,"parent":0,"menu_order":0,"comment_status":"closed","ping_status":"closed","template":"","meta":[],"_links":{"self":[{"href":"https:\/\/dzsvilajnac.com\/cir\/wp-json\/wp\/v2\/pages\/4593"}],"collection":[{"href":"https:\/\/dzsvilajnac.com\/cir\/wp-json\/wp\/v2\/pages"}],"about":[{"href":"https:\/\/dzsvilajnac.com\/cir\/wp-json\/wp\/v2\/types\/page"}],"author":[{"embeddable":true,"href":"https:\/\/dzsvilajnac.com\/cir\/wp-json\/wp\/v2\/users\/1"}],"replies":[{"embeddable":true,"href":"https:\/\/dzsvilajnac.com\/cir\/wp-json\/wp\/v2\/comments?post=4593"}],"version-history":[{"count":4,"href":"https:\/\/dzsvilajnac.com\/cir\/wp-json\/wp\/v2\/pages\/4593\/revisions"}],"predecessor-version":[{"id":4598,"href":"https:\/\/dzsvilajnac.com\/cir\/wp-json\/wp\/v2\/pages\/4593\/revisions\/4598"}],"wp:attachment":[{"href":"https:\/\/dzsvilajnac.com\/cir\/wp-json\/wp\/v2\/media?parent=4593"}],"curies":[{"name":"wp","href":"https:\/\/api.w.org\/{rel}","templated":true}]}}