{"id":4257,"date":"2022-04-05T14:47:48","date_gmt":"2022-04-05T12:47:48","guid":{"rendered":"https:\/\/dz.smartnetmedia.rs\/?page_id=4257"},"modified":"2024-07-15T10:45:33","modified_gmt":"2024-07-15T08:45:33","slug":"stomatoloska-sluzba","status":"publish","type":"page","link":"https:\/\/dzsvilajnac.com\/cir\/stomatoloska-sluzba\/","title":{"rendered":"\u0421\u0442\u043e\u043c\u0430\u0442\u043e\u043b\u043e\u0448\u043a\u0430 \u0441\u043b\u0443\u0436\u0431\u0430"},"content":{"rendered":"<div data-elementor-type=\"wp-page\" data-elementor-id=\"4257\" class=\"elementor elementor-4257\">\n\t\t\t\t\t\t\t\t\t<section class=\"elementor-section elementor-top-section elementor-element elementor-element-e9e2065 elementor-section-boxed elementor-section-height-default elementor-section-height-default\" data-id=\"e9e2065\" data-element_type=\"section\">\n\t\t\t\t\t\t<div class=\"elementor-container elementor-column-gap-default\">\n\t\t\t\t\t<div class=\"elementor-column elementor-col-100 elementor-top-column elementor-element elementor-element-8855a80\" data-id=\"8855a80\" data-element_type=\"column\">\n\t\t\t<div class=\"elementor-widget-wrap elementor-element-populated\">\n\t\t\t\t\t\t\t\t<div class=\"elementor-element elementor-element-0e98f4d elementor-widget elementor-widget-text-editor\" data-id=\"0e98f4d\" data-element_type=\"widget\" data-widget_type=\"text-editor.default\">\n\t\t\t\t<div class=\"elementor-widget-container\">\n\t\t\t\t\t\t\t<p><span style=\"color: #000000;\"><strong>\u0421\u0442\u043e\u043c\u0430\u0442\u043e\u043b\u043e\u0448\u043a\u0430 \u0441\u043b\u0443\u0436\u0431\u0430<\/strong><\/span><\/p>\n<p style=\"font-weight: 400;\"><span style=\"color: #000000;\">\u0421\u0442\u043e\u043c\u0430\u0442\u043e\u043b\u043e\u0448\u043a\u0430 \u0437\u0434\u0440\u0430\u0432\u0441\u0442\u0432\u0435\u043d\u0430 \u0437\u0430\u0448\u0442\u0438\u0442\u0430 \u0443 \u0421\u0432\u0438\u043b\u0430\u0458\u043d\u0446\u0443 \u0458\u0435 \u043d\u0430\u0458\u043e\u0434\u0433\u043e\u0432\u043e\u0440\u043d\u0438\u0458\u0430 \u0441\u043b\u0443\u0436\u0431\u0430 \u043a\u043e\u0458\u0430 \u0431\u0440\u0438\u043d\u0435 \u043e \u043e\u0440\u0430\u043b\u043d\u043e\u043c \u0437\u0434\u0440\u0430\u0432\u0459\u0443 \u0441\u0442\u0430\u043d\u043e\u0432\u043d\u0438\u043a\u0430 \u043e\u0432\u0435 \u043e\u043f\u0448\u0442\u0438\u043d\u0435. \u0421\u043b\u0443\u0436\u0431\u0430 \u0458\u0435 \u043f\u043e\u0447\u0435\u043b\u0430 \u0441\u0430 \u0440\u0430\u0434\u043e\u043c \u0458\u043e\u0448 \u0434\u0430\u0432\u043d\u0435 1953 \u0433\u043e\u0434\u0438\u043d\u0435 \u043a\u0430\u0434\u0430 \u0458\u0435 \u0443 \u045a\u043e\u0458 \u0440\u0430\u0434\u0438\u043b\u043e \u0441\u0430\u043c\u043e \u043d\u0435\u043a\u043e\u043b\u0438\u043a\u043e \u0432\u0438\u0448\u0438\u0445 \u0437\u0443\u0431\u0430\u0440\u0430 \u0438 \u0442\u0435\u0445\u043d\u0438\u0447\u0430\u0440\u0430<\/span><br><span style=\"color: #000000;\">\u041a\u0440\u043e\u0437 \u043d\u0430\u043f\u0440\u0435\u0434\u0430\u043a \u0441\u0442\u043e\u043c\u0430\u0442\u043e\u043b\u043e\u0448\u043a\u0435 \u0437\u0434\u0440\u0430\u0432\u0441\u0442\u0432\u0435\u043d\u0435 \u0441\u043b\u0443\u0436\u0431\u0435 \u0434\u0430\u043d\u0430\u0441 \u0441\u0442\u0430\u043d\u043e\u0432\u043d\u0438\u0446\u0438 \u0421\u0432\u0438\u043b\u0430\u0458\u043d\u0446\u0430 \u043c\u043e\u0433\u0443 \u0434\u043e\u0431\u0438\u0442\u0438 \u0441\u0442\u043e\u043c\u0430\u0442\u043e\u043b\u043e\u0448\u043a\u0443 \u0437\u0434\u0440\u0430\u0432\u0441\u0442\u0432\u0435\u043d\u0443 \u0437\u0430\u0448\u0442\u0438\u0442\u0443 \u043e\u0434:<\/span><\/p>\n<ul style=\"font-weight: 400;\">\n<li><span style=\"color: #000000;\">\u0421\u043f\u0435\u0446\u0438\u0458\u0430\u043b\u0438\u0441\u0442\u0435 \u0434\u0435\u0447\u0438\u0458\u0435 \u0438 \u043f\u0440\u0435\u0432\u0435\u043d\u0442\u0438\u0432\u043d\u0435 \u0441\u0442\u043e\u043c\u0430\u0442\u043e\u043b\u043e\u0433\u0438\u0458\u0435 \u0443 \u0414\u043e\u043c\u0443 \u0437\u0434\u0440\u0430\u0432\u0459\u0430, \u043a\u0430\u043e \u0438 \u0443 \u0432\u0440\u0442\u0438\u045b\u0443 \u201e\u0414\u0435\u0447\u0438\u0458\u0430 \u0440\u0430\u0434\u043e\u0441\u0442\u201c \u0438 \u0443 \u043e\u0441\u043d\u043e\u0432\u043d\u043e\u0458 \u0448\u043a\u043e\u043b\u0438 \u201e\u0408. \u0408. \u0417\u043c\u0430\u0458\u201c ( \u043b\u0435\u0447\u0435\u045a\u0435 \u0438 \u0441\u0430\u043d\u0438\u0440\u0430\u045a\u0435 \u0437\u0443\u0431\u0430 \u043a\u043e\u0434 \u0434\u0435\u0446\u0435)<\/span><\/li>\n<li><span style=\"color: #000000;\">\u0421\u043f\u0435\u0446\u0438\u0458\u0430\u043b\u0438\u0441\u0442\u0430 \u043f\u0430\u0440\u0430\u0434\u043e\u0434\u043b\u043e\u0433\u0438\u0458\u0435 \u043a\u043e\u0458\u0438 \u0440\u0430\u0434\u0438 \u0443 \u0434\u043e\u043c\u0443 \u0437\u0434\u0440\u0430\u0432\u0459\u0430 \u043f\u0440\u0435 \u0438 \u043f\u043e \u043f\u043e\u0434\u043d\u0435 (\u043e\u0431\u043e\u043b\u0435\u045a\u0435 \u0443\u0441\u043d\u0435 \u0434\u0443\u043f\u0459\u0435)<\/span><\/li>\n<li><span style=\"color: #000000;\">\u0421\u043f\u0435\u0446\u0438\u0458\u0430\u043b\u0438\u0441\u0442\u0430 \u043e\u0440\u0442\u043e\u043f\u0435\u0434\u0438\u0458\u0435 \u0432\u0438\u043b\u0438\u0446\u0430 \u043a\u043e\u0458\u0438 \u0440\u0430\u0434\u0438 \u0443 \u0414\u043e\u043c\u0443 \u0437\u0434\u0440\u0430\u0432\u0459\u0430 \u043f\u0440\u0435 \u0438 \u043f\u043e \u043f\u043e\u0434\u043d\u0435 (\u0438\u0437\u0440\u0430\u0434\u0430 \u0434\u0435\u0447\u0438\u0458\u0438\u0445 \u043f\u0440\u043e\u0442\u0435\u0437\u0430)<\/span><\/li>\n<li><span style=\"color: #000000;\">\u0414\u043e\u043a\u0442\u043e\u0440\u0438 \u0441\u0442\u043e\u043c\u0430\u0442\u043e\u043b\u043e\u0433\u0438\u0458\u0435 \u043a\u043e\u0458\u0438 \u0440\u0430\u0434\u0435 \u043d\u0430 \u043a\u043e\u043d\u0437\u0435\u0440\u0432\u0430\u0442\u0438\u0432\u0438 \u0438 \u043b\u0435\u0447\u0435\u045a\u0443 \u0437\u0443\u0431\u0430<\/span><\/li>\n<li><span style=\"color: #000000;\">\u0423 \u0437\u0443\u0431\u043d\u043e\u0458 \u0442\u0435\u0445\u043d\u0438\u0446\u0438 \u0441\u0435 \u0438\u0437\u0440\u0430\u0452\u0443\u0458\u0443 \u043e\u0441\u043d\u043e\u0432\u043d\u0435 \u043f\u0440\u043e\u0442\u0435\u0442\u0441\u043a\u0435 \u043d\u0430\u0434\u043e\u043a\u043d\u0430\u0434\u0435 \u0430\u043a\u0440\u0438\u043b\u0430\u0442\u043d\u0435, \u0442\u043e\u0442\u0430\u043b\u043d\u0435 \u0438 \u043f\u0430\u0440\u0446\u0438\u0458\u0430\u043b\u043d\u0435 \u043f\u0440\u043e\u0442\u0435\u0437\u0435. \u0420\u0435\u043f\u0430\u0440\u0430\u0446\u0438\u0458\u0430 \u043f\u0440\u043e\u0442\u0435\u0437\u043d\u0435 \u043f\u043b\u043e\u0447\u0435 \u0437\u0443\u0431\u0430 \u0438 \u043a\u0443\u043a\u0438\u0446\u0430<\/span><\/li>\n<\/ul>\n<p><span style=\"color: #000000;\"><strong>\u0417\u0430\u043f\u043e\u0441\u043b\u0435\u043d\u0438<\/strong><\/span><\/p>\n<p style=\"font-weight: 400;\"><span style=\"color: #000000;\">Dr.med. Milo\u0161 \u010cukni\u0107, specijalista ortopedije vilica, na\u010delnik slu\u017ebe<\/span><\/p>\n<p style=\"font-weight: 400;\"><span style=\"color: #000000;\">Dr.med. Tiosava Pavlovi\u0107, specijalista de\u010dje i preventivne stomatologije<\/span><\/p>\n<p style=\"font-weight: 400;\"><span style=\"color: #000000;\">\u0414\u0440.\u043c\u0435\u0434. \u0411\u043e\u0458\u0430\u043d \u041c\u0438\u043a\u0438\u045b, \u0441\u043f\u0435\u0446\u0438\u0458\u0430\u043b\u0438\u0441\u0442\u0430 \u043f\u0430\u0440\u0430\u0434\u043e\u043d\u0442\u043e\u043b\u043e\u0433\u0438\u0458\u0435 \u0438 \u043e\u0440\u0430\u043b\u043d\u0435 \u043c\u0435\u0434\u0438\u0446\u0438\u043d\u0435<\/span><\/p>\n<p style=\"font-weight: 400;\"><span style=\"color: #000000;\">\u0414\u0440.\u043c\u0435\u0434. \u0409\u0438\u0459\u0430\u043d\u0430 \u0414\u0435\u043b\u0438\u045b, \u0434\u043e\u043a\u0442\u043e\u0440 \u0441\u0442\u043e\u043c\u0430\u0442\u043e\u043b\u043e\u0433<\/span><\/p>\n<p style=\"font-weight: 400;\"><span style=\"color: #000000;\">\u0414\u0440.\u043c\u0435\u0434. \u041c\u0438\u0440\u0458\u0430\u043d\u0430 \u0414\u0440\u043e\u0431\u045a\u0430\u043a, \u0434\u043e\u043a\u0442\u043e\u0440 \u0441\u0442\u043e\u043c\u0430\u0442\u043e\u043b\u043e\u0433<\/span><\/p>\n<p style=\"font-weight: 400;\"><span style=\"color: #000000;\">\u0414\u0440.\u043c\u0435\u0434. \u041e\u043b\u0438\u0432\u0435\u0440\u0430 \u041c\u0438\u043a\u0438\u045b, \u0434\u043e\u043a\u0442\u043e\u0440 \u0441\u0442\u043e\u043c\u0430\u0442\u043e\u043b\u043e\u0433<\/span><\/p>\n<p style=\"font-weight: 400;\"><span style=\"color: #000000;\">\u041c\u0430\u0440\u0433\u0430\u0440\u0435\u0442\u0430 \u0402\u0443\u0440\u0438\u045b, \u0441\u0442\u043e\u043c\u0430\u0442\u043e\u043b\u043e\u0448\u043a\u0438 \u0442\u0435\u0445\u043d\u0438\u0447\u0430\u0440, \u0433\u043b\u0430\u0432\u043d\u0430 \u0441\u0435\u0441\u0442\u0440\u0430 \u0441\u043b\u0443\u0436\u0431\u0435<\/span><\/p>\n<p><span style=\"color: #000000;\"><strong>\u0420\u0430\u0434\u043d\u043e \u0432\u0440\u0435\u043c\u0435<\/strong><\/span><\/p>\n<p style=\"font-weight: 400;\"><span style=\"color: #000000;\">\u0420\u0430\u0434\u043d\u0438\u043c \u0434\u0430\u043d\u043e\u043c : 07 \u2013 20\u0447<\/span><\/p><p style=\"font-weight: 400;\"><font color=\"#000000\">Telefon:<\/font><\/p><p style=\"font-weight: 400;\"><font color=\"#000000\">035\/321-457<\/font><\/p>\t\t\t\t\t\t<\/div>\n\t\t\t\t<\/div>\n\t\t\t\t\t<\/div>\n\t\t<\/div>\n\t\t\t\t\t\t\t<\/div>\n\t\t<\/section>\n\t\t\t\t\t\t\t<\/div>","protected":false},"excerpt":{"rendered":"<p>Stomatolo\u0161ka slu\u017eba Stomatolo\u0161ka zdravstvena za\u0161tita u Svilajncu je najodgovornija slu\u017eba koja brine o oralnom zdravlju stanovnika ove op\u0161tine. Slu\u017eba je po\u010dela sa radom jo\u0161 davne 1953 godine kada je u njoj radilo samo nekoliko vi\u0161ih zubara i tehni\u010daraKroz napredak stomatolo\u0161ke zdravstvene slu\u017ebe danas stanovnici Svilajnca mogu dobiti stomatolo\u0161ku zdravstvenu za\u0161titu od: Specijaliste de\u010dije i preventivne&hellip;<\/p>","protected":false},"author":1,"featured_media":0,"parent":0,"menu_order":0,"comment_status":"closed","ping_status":"closed","template":"","meta":[],"_links":{"self":[{"href":"https:\/\/dzsvilajnac.com\/cir\/wp-json\/wp\/v2\/pages\/4257"}],"collection":[{"href":"https:\/\/dzsvilajnac.com\/cir\/wp-json\/wp\/v2\/pages"}],"about":[{"href":"https:\/\/dzsvilajnac.com\/cir\/wp-json\/wp\/v2\/types\/page"}],"author":[{"embeddable":true,"href":"https:\/\/dzsvilajnac.com\/cir\/wp-json\/wp\/v2\/users\/1"}],"replies":[{"embeddable":true,"href":"https:\/\/dzsvilajnac.com\/cir\/wp-json\/wp\/v2\/comments?post=4257"}],"version-history":[{"count":13,"href":"https:\/\/dzsvilajnac.com\/cir\/wp-json\/wp\/v2\/pages\/4257\/revisions"}],"predecessor-version":[{"id":5081,"href":"https:\/\/dzsvilajnac.com\/cir\/wp-json\/wp\/v2\/pages\/4257\/revisions\/5081"}],"wp:attachment":[{"href":"https:\/\/dzsvilajnac.com\/cir\/wp-json\/wp\/v2\/media?parent=4257"}],"curies":[{"name":"wp","href":"https:\/\/api.w.org\/{rel}","templated":true}]}}