{"id":4253,"date":"2022-04-05T14:46:25","date_gmt":"2022-04-05T12:46:25","guid":{"rendered":"https:\/\/dz.smartnetmedia.rs\/?page_id=4253"},"modified":"2022-04-07T11:10:56","modified_gmt":"2022-04-07T09:10:56","slug":"specijalisticko-konsultativna-sluzba","status":"publish","type":"page","link":"https:\/\/dzsvilajnac.com\/cir\/specijalisticko-konsultativna-sluzba\/","title":{"rendered":"\u0421\u043f\u0435\u0446\u0438\u0458\u0430\u043b\u0438\u0441\u0442\u0438\u0447\u043a\u043e \u043a\u043e\u043d\u0441\u0443\u043b\u0442\u0430\u0442\u0438\u0432\u043d\u0430 \u0441\u043b\u0443\u0436\u0431\u0430"},"content":{"rendered":"<div data-elementor-type=\"wp-page\" data-elementor-id=\"4253\" class=\"elementor elementor-4253\">\n\t\t\t\t\t\t\t\t\t<section class=\"elementor-section elementor-top-section elementor-element elementor-element-312ec70 elementor-section-boxed elementor-section-height-default elementor-section-height-default\" data-id=\"312ec70\" data-element_type=\"section\">\n\t\t\t\t\t\t<div class=\"elementor-container elementor-column-gap-default\">\n\t\t\t\t\t<div class=\"elementor-column elementor-col-100 elementor-top-column elementor-element elementor-element-1e2f2de\" data-id=\"1e2f2de\" data-element_type=\"column\">\n\t\t\t<div class=\"elementor-widget-wrap elementor-element-populated\">\n\t\t\t\t\t\t\t\t<div class=\"elementor-element elementor-element-6bbb988 elementor-widget elementor-widget-text-editor\" data-id=\"6bbb988\" data-element_type=\"widget\" data-widget_type=\"text-editor.default\">\n\t\t\t\t<div class=\"elementor-widget-container\">\n\t\t\t\t\t\t\t<p class=\"title\"><span style=\"color: #000000;\"><strong>\u0421\u043f\u0435\u0446\u0438\u0458\u0430\u043b\u0438\u0441\u0442\u0438\u0447\u043a\u043e \u043a\u043e\u043d\u0441\u0443\u043b\u0442\u0430\u0442\u0438\u0432\u043d\u0430 \u0441\u043b\u0443\u0436\u0431\u0430<\/strong><\/span><\/p><p class=\"subtitle\"><span style=\"color: #000000;\"><strong>\u0417\u0430\u043f\u043e\u0441\u043b\u0435\u043d\u0438<\/strong><\/span><\/p><p><span style=\"color: #000000;\">\u0414\u0440 \u043c\u0435\u0434. \u0413\u043e\u0440\u0438\u0446\u0430 \u0414\u0438\u043c\u0447\u0438\u045b- \u0422\u0430\u0441\u0438\u045b \u0441\u043f\u0435\u0446\u0438\u0458\u0430\u043b\u0438\u0441\u0442\u0430 \u0438\u043d\u0442\u0435\u0440\u043d\u0435 \u043c\u0435\u0434\u0438\u0446\u0438\u043d\u0435, \u0448\u0435\u0444 \u0441\u043b\u0443\u0436\u0431\u0435<\/span><br \/><span style=\"color: #000000;\">\u041c\u0438\u0440\u0458\u0430\u043d\u0430 \u0412\u0440\u0430\u0433\u0430, \u043c\u0435\u0434\u0438\u0446\u0438\u043d\u0441\u043a\u0438 \u0442\u0435\u0445\u043d\u0438\u0447\u0430\u0440, \u0433\u043b\u0430\u0432\u043d\u0430 \u0441\u0435\u0441\u0442\u0440\u0430 \u0441\u043b\u0443\u0436\u0431\u0435<\/span><\/p><p class=\"subtitle\"><span style=\"color: #000000;\"><strong>\u0420\u0430\u0434\u043d\u043e \u0432\u0440\u0435\u043c\u0435<\/strong><\/span><\/p><p><span style=\"color: #000000;\">\u0420\u0430\u0434\u043d\u0438\u043c \u0434\u0430\u043d\u043e\u043c : 07-15\u0447<\/span><\/p>\t\t\t\t\t\t<\/div>\n\t\t\t\t<\/div>\n\t\t\t\t\t<\/div>\n\t\t<\/div>\n\t\t\t\t\t\t\t<\/div>\n\t\t<\/section>\n\t\t\t\t\t\t\t<\/div>","protected":false},"excerpt":{"rendered":"<p>Specijalisti\u010dko konsultativna slu\u017eba Zaposleni Dr med. Gorica Dim\u010di\u0107- Tasi\u0107 specijalista interne medicine, \u0161ef slu\u017ebeMirjana Vraga, medicinski tehni\u010dar, glavna sestra slu\u017ebe Radno vreme Radnim danom : 07-15h<\/p>","protected":false},"author":1,"featured_media":0,"parent":0,"menu_order":0,"comment_status":"closed","ping_status":"closed","template":"","meta":[],"_links":{"self":[{"href":"https:\/\/dzsvilajnac.com\/cir\/wp-json\/wp\/v2\/pages\/4253"}],"collection":[{"href":"https:\/\/dzsvilajnac.com\/cir\/wp-json\/wp\/v2\/pages"}],"about":[{"href":"https:\/\/dzsvilajnac.com\/cir\/wp-json\/wp\/v2\/types\/page"}],"author":[{"embeddable":true,"href":"https:\/\/dzsvilajnac.com\/cir\/wp-json\/wp\/v2\/users\/1"}],"replies":[{"embeddable":true,"href":"https:\/\/dzsvilajnac.com\/cir\/wp-json\/wp\/v2\/comments?post=4253"}],"version-history":[{"count":7,"href":"https:\/\/dzsvilajnac.com\/cir\/wp-json\/wp\/v2\/pages\/4253\/revisions"}],"predecessor-version":[{"id":4570,"href":"https:\/\/dzsvilajnac.com\/cir\/wp-json\/wp\/v2\/pages\/4253\/revisions\/4570"}],"wp:attachment":[{"href":"https:\/\/dzsvilajnac.com\/cir\/wp-json\/wp\/v2\/media?parent=4253"}],"curies":[{"name":"wp","href":"https:\/\/api.w.org\/{rel}","templated":true}]}}