{"id":4243,"date":"2022-04-05T14:44:52","date_gmt":"2022-04-05T12:44:52","guid":{"rendered":"https:\/\/dz.smartnetmedia.rs\/?page_id=4243"},"modified":"2024-08-15T09:47:17","modified_gmt":"2024-08-15T07:47:17","slug":"psihijatrija","status":"publish","type":"page","link":"https:\/\/dzsvilajnac.com\/cir\/psihijatrija\/","title":{"rendered":"\u041f\u0441\u0438\u0445\u0438\u0458\u0430\u0442\u0440\u0438\u0458\u0430"},"content":{"rendered":"<div data-elementor-type=\"wp-page\" data-elementor-id=\"4243\" class=\"elementor elementor-4243\">\n\t\t\t\t\t\t\t\t\t<section class=\"elementor-section elementor-top-section elementor-element elementor-element-f8d338d elementor-section-boxed elementor-section-height-default elementor-section-height-default\" data-id=\"f8d338d\" data-element_type=\"section\">\n\t\t\t\t\t\t<div class=\"elementor-container elementor-column-gap-default\">\n\t\t\t\t\t<div class=\"elementor-column elementor-col-100 elementor-top-column elementor-element elementor-element-a7e1818\" data-id=\"a7e1818\" data-element_type=\"column\">\n\t\t\t<div class=\"elementor-widget-wrap elementor-element-populated\">\n\t\t\t\t\t\t\t\t<div class=\"elementor-element elementor-element-c8e4312 elementor-widget elementor-widget-text-editor\" data-id=\"c8e4312\" data-element_type=\"widget\" data-widget_type=\"text-editor.default\">\n\t\t\t\t<div class=\"elementor-widget-container\">\n\t\t\t\t\t\t\t<p><span style=\"color: #000000;\"><strong>\u041f\u0441\u0438\u0445\u0438\u0458\u0430\u0442\u0440\u0438\u0458\u0430<\/strong><\/span><\/p>\n<p style=\"font-weight: 400;\"><span style=\"color: #000000;\">\u041e\u0432\u0430 \u0441\u043b\u0443\u0436\u0431\u0430 \u0443 \u043e\u043a\u0432\u0438\u0440\u0443 \u0414\u043e\u043c\u0430 \u0437\u0434\u0440\u0430\u0432\u0459\u0430 \u0421\u0432\u0438\u043b\u0430\u0458\u043d\u0430\u0446 \u043f\u043e\u0441\u0442\u043e\u0458\u0438 \u0432\u0438\u0448\u0435 \u043e\u0434 5 \u0433\u043e\u0434\u0438\u043d\u0430. \u0411\u0430\u0432\u0438 \u0441\u0435 \u043f\u0440\u0435\u0432\u0435\u043d\u0442\u0438\u0432\u043e\u043c \u0438 \u043b\u0435\u0447\u0435\u045a\u0435\u043c \u043f\u0441\u0438\u0445\u0438\u0458\u0430\u0442\u0440\u0438\u0458\u0441\u043a\u0438\u0445 \u043f\u043e\u0440\u0435\u043c\u0435\u045b\u0430\u0458\u0430 \u0438 \u0431\u043e\u043b\u0435\u0441\u0442\u0438 \u043a\u0430\u043a\u043e \u043d\u0435\u043f\u0441\u0438\u0445\u043e\u0442\u0438\u0447\u043d\u0438\u0445 \u0442\u0430\u043a\u043e \u0438 \u043f\u0441\u0438\u0445\u043e\u0442\u0438\u0447\u043d\u0438\u0445. \u041f\u0430\u0446\u0438\u0458\u0435\u043d\u0442\u0438 \u0441\u0443 \u0438\u0437 \u0441\u0432\u0438\u0445 \u0441\u0442\u0430\u0440\u043e\u0441\u043d\u0438\u0445 \u0433\u0440\u0443\u043f\u0430 \u043e\u0434 \u0430\u0434\u043e\u043b\u0435\u0441\u0446\u0435\u043d\u0430\u0442\u0430 \u0434\u043e \u043d\u0430\u0458\u0441\u0442\u0430\u0440\u0438\u0458\u0435 \u043f\u043e\u043f\u0443\u043b\u0430\u0446\u0438\u0458\u0435.<\/span><br><span style=\"color: #000000;\">\u0422\u0440\u0435\u0442\u0438\u0440\u0430\u0458\u0443 \u0441\u0435 \u0440\u0430\u0437\u043b\u0438\u0447\u0438\u0442\u0438 \u043f\u0440\u043e\u0431\u043b\u0435\u043c\u0438 \u0441\u0432\u0430\u043a\u043e\u0434\u043d\u0435\u0432\u043d\u043e\u0433 \u0436\u0438\u0432\u043e\u0442\u0430, \u043f\u043e\u0440\u0435\u043c\u0435\u045b\u0430\u0458\u0438 \u0432\u0435\u0437\u0430\u043d\u0438 \u0437\u0430 \u0441\u0442\u0440\u0435\u0441, \u0431\u0440\u0430\u0447\u043d\u0438 \u043f\u0440\u043e\u0431\u043b\u0435\u043c\u0438, \u0430\u0434\u043e\u043b\u0435\u0441\u0446\u0435\u043d\u0442\u043d\u0435 \u043a\u0440\u0438\u0437\u0435, \u043f\u0441\u0438\u0445\u043e\u0441\u043e\u043c\u0430\u0442\u0441\u043a\u0438 \u043f\u043e\u0440\u0435\u043c\u0435\u045b\u0430\u0458\u0438.<br><\/span><br><span style=\"color: #000000;\">\u0412\u0430\u0436\u043d\u0430 \u043e\u0431\u043b\u0430\u0441\u0442 \u0440\u0430\u0434\u0430 \u0441\u0443 \u0438 \u043f\u043e\u0440\u0435\u043c\u0435\u045b\u0430\u0458\u0438 \u0440\u0430\u0441\u043f\u043e\u043b\u043e\u0436\u0435\u045a\u0430 \u0443 \u0441\u043c\u0438\u0441\u043b\u0443 \u0434\u0435\u043f\u0440\u0435\u0441\u0438\u0458\u0430, \u043c\u0430\u043d\u0438\u0458\u0430, \u0431\u0438\u043f\u043e\u043b\u0430\u0440\u043d\u043e\u0433 \u043f\u043e\u0440\u0435\u043c\u0435\u045b\u0430\u0458\u0430. \u041b\u0435\u0447\u0435 \u0441\u0435 \u0438 \u0441\u0432\u0435 \u0432\u0440\u0441\u0442\u0435 \u0430\u043d\u043a\u0441\u0438\u043e\u0437\u043d\u0438\u0445 \u043f\u043e\u0440\u0435\u043c\u0435\u045b\u0430\u0458\u0430 \u043e\u0434 \u0433\u0435\u043d\u0435\u0440\u0430\u043b\u0438\u0437\u043e\u0432\u0430\u043d\u043e\u0433 \u0441\u0442\u0440\u0430\u0445\u0430, \u0444\u043e\u0431\u0438\u0458\u0430,\u043f\u0430\u043d\u0438\u0447\u043d\u043e\u0433 \u043f\u043e\u0440\u0435\u043c\u0435\u045b\u0430\u0458\u0430, \u043a\u043e\u043d\u0432\u0435\u0440\u0437\u0438\u0432\u043d\u043e\u0433 \u043f\u043e\u0440\u0435\u043c\u0435\u045b\u0430\u0458\u0430, \u043f\u0430 \u0434\u043e \u0440\u0430\u0437\u043d\u0438\u0445 \u0444\u043e\u0440\u043c\u0438 \u043f\u0441\u0438\u0445\u043e\u0442\u0438\u0447\u043d\u0438\u0445\u043f\u043e\u0440\u0435\u043c\u0435\u045b\u0430\u0458\u0430-\u0448\u0438\u0437\u043e\u0444\u0440\u0435\u043d\u0438\u0445 \u043f\u0441\u0438\u0445\u043e\u0437\u0430, \u0441\u0443\u043c\u0430\u043d\u0443\u0442\u0438\u0445 \u043f\u0441\u0438\u0445\u043e\u0437\u0430. \u0422\u0440\u0435\u0442\u0438\u0440\u0430\u0458\u0443 \u0441\u0435 \u0438 \u0431\u043e\u043b\u0435\u0441\u0442\u0438 \u0437\u0430\u0432\u0438\u0441\u043d\u043e\u0441\u0442\u0438&nbsp;<\/span><\/p>\n<p><img decoding=\"async\" loading=\"lazy\" class=\"alignnone size-medium wp-image-4750\" src=\"https:\/\/dz.smartnetmedia.rs\/wp-content\/uploads\/2022\/04\/STE_01PSI-300x225.jpg\" alt=\"\" width=\"300\" height=\"225\" srcset=\"https:\/\/dzsvilajnac.com\/wp-content\/uploads\/2022\/04\/STE_01PSI-300x225.jpg 300w, https:\/\/dzsvilajnac.com\/wp-content\/uploads\/2022\/04\/STE_01PSI-1024x768.jpg 1024w, https:\/\/dzsvilajnac.com\/wp-content\/uploads\/2022\/04\/STE_01PSI-768x576.jpg 768w, https:\/\/dzsvilajnac.com\/wp-content\/uploads\/2022\/04\/STE_01PSI-16x12.jpg 16w, https:\/\/dzsvilajnac.com\/wp-content\/uploads\/2022\/04\/STE_01PSI.jpg 1440w\" sizes=\"(max-width: 300px) 100vw, 300px\" \/> <img decoding=\"async\" loading=\"lazy\" class=\"alignnone size-medium wp-image-4751\" src=\"https:\/\/dz.smartnetmedia.rs\/wp-content\/uploads\/2022\/04\/STE_02PSi-300x225.jpg\" alt=\"\" width=\"300\" height=\"225\" srcset=\"https:\/\/dzsvilajnac.com\/wp-content\/uploads\/2022\/04\/STE_02PSi-300x225.jpg 300w, https:\/\/dzsvilajnac.com\/wp-content\/uploads\/2022\/04\/STE_02PSi-1024x768.jpg 1024w, https:\/\/dzsvilajnac.com\/wp-content\/uploads\/2022\/04\/STE_02PSi-768x576.jpg 768w, https:\/\/dzsvilajnac.com\/wp-content\/uploads\/2022\/04\/STE_02PSi-16x12.jpg 16w, https:\/\/dzsvilajnac.com\/wp-content\/uploads\/2022\/04\/STE_02PSi.jpg 1440w\" sizes=\"(max-width: 300px) 100vw, 300px\" \/><\/p>\n<p style=\"font-weight: 400;\"><span style=\"color: #000000;\">\u041e\u0432\u0434\u0435 \u0441\u0435 \u043b\u0435\u0447\u0435 \u0438 \u043f\u0441\u0438\u0445\u0438\u0458\u0430\u0442\u0440\u0438\u0458\u0441\u043a\u0435 \u0431\u043e\u043b\u0435\u0441\u0442\u0438 \u0441\u0442\u0430\u0440\u0438\u0445 \u0459\u0443\u0434\u0438-\u0440\u0430\u0437\u043d\u0435 \u0444\u043e\u0440\u043c\u0435 \u0434\u0435\u043c\u0435\u043d\u0446\u0438\u0458\u0430-\u0432\u0430\u0441\u043a\u0443\u043b\u0430\u0440\u043d\u0430, \u0410\u043b\u0446\u0445\u0430\u0458\u043c\u0435\u0440\u043e\u0432\u0430 \u0438\u0442\u0434.<\/span><br><span style=\"color: #000000;\">\u0421\u043b\u0443\u0436\u0431\u0443 \u0447\u0438\u043d\u0435 \u043b\u0435\u043a\u0430\u0440 \u0441\u043f\u0435\u0446\u0438\u0458\u0430\u043b\u0438\u0441\u0442\u0430 \u043f\u0441\u0438\u0445\u0438\u0458\u0430\u0442\u0440\u0438\u0458\u0435 \u0438 \u0458\u0435\u0434\u0430\u043d \u043c\u0435\u0434\u0438\u0446\u0438\u043d\u0441\u043a\u0438 \u0442\u0435\u0445\u043d\u0438\u0447\u0430\u0440.<\/span><\/p>\n<p><span style=\"color: #000000;\"><strong>\u0417\u0430\u043f\u043e\u0441\u043b\u0435\u043d\u0438<\/strong><\/span><\/p>\n<p style=\"font-weight: 400;\"><span style=\"color: #000000;\">\u0414\u0440.\u043c\u0435\u0434 \u0422\u0430\u045a\u0430 \u0420\u0430\u0434\u043e\u0441\u0430\u0432\u0459\u0435\u0432\u0438\u045b , \u0441\u043f\u0435\u0446\u0438\u0458\u0430\u043b\u0438\u0441\u0442\u0430 \u043f\u0441\u0438\u0445\u0438\u0458\u0430\u0442\u0430\u0440<\/span><\/p>\n<p style=\"font-weight: 400;\"><span style=\"color: #000000;\">\u0421\u043b\u0430\u0432\u0438\u0446\u0430 \u041a\u0435\u043f\u0447\u0438\u0458\u0430, \u043c\u0435\u0434\u0438\u0446\u0438\u043d\u0441\u043a\u0430 \u0441\u0435\u0441\u0442\u0440\u0430<\/span><\/p>\n<p><span style=\"color: #000000;\"><strong>\u0420\u0430\u0434\u043d\u043e \u0432\u0440\u0435\u043c\u0435<\/strong><\/span><\/p>\n<p style=\"font-weight: 400;\"><span style=\"color: #000000;\">\u0420\u0430\u0434\u043d\u0438\u043c \u0434\u0430\u043d\u043e\u043c: 07-15 \u0447<\/span><\/p><p style=\"\"><span style=\"color: rgb(0, 0, 0);\"><b>Telefon:<\/b><\/span><\/p><p style=\"font-weight: 400;\"><span style=\"color: #000000;\">035\/323-072<\/span><\/p>\t\t\t\t\t\t<\/div>\n\t\t\t\t<\/div>\n\t\t\t\t\t<\/div>\n\t\t<\/div>\n\t\t\t\t\t\t\t<\/div>\n\t\t<\/section>\n\t\t\t\t\t\t\t<\/div>","protected":false},"excerpt":{"rendered":"<p>Psihijatrija Ova slu\u017eba u okviru Doma zdravlja Svilajnac postoji vi\u0161e od 5 godina. Bavi se preventivom i le\u010denjem psihijatrijskih poreme\u0107aja i bolesti kako nepsihoti\u010dnih tako i psihoti\u010dnih. Pacijenti su iz svih starosnih grupa od adolescenata do najstarije populacije.Tretiraju se razli\u010diti problemi svakodnevnog \u017eivota, poreme\u0107aji vezani za stres, bra\u010dni problemi, adolescentne krize, psihosomatski poreme\u0107aji. Va\u017ena oblast&hellip;<\/p>","protected":false},"author":1,"featured_media":0,"parent":0,"menu_order":0,"comment_status":"closed","ping_status":"closed","template":"","meta":[],"_links":{"self":[{"href":"https:\/\/dzsvilajnac.com\/cir\/wp-json\/wp\/v2\/pages\/4243"}],"collection":[{"href":"https:\/\/dzsvilajnac.com\/cir\/wp-json\/wp\/v2\/pages"}],"about":[{"href":"https:\/\/dzsvilajnac.com\/cir\/wp-json\/wp\/v2\/types\/page"}],"author":[{"embeddable":true,"href":"https:\/\/dzsvilajnac.com\/cir\/wp-json\/wp\/v2\/users\/1"}],"replies":[{"embeddable":true,"href":"https:\/\/dzsvilajnac.com\/cir\/wp-json\/wp\/v2\/comments?post=4243"}],"version-history":[{"count":13,"href":"https:\/\/dzsvilajnac.com\/cir\/wp-json\/wp\/v2\/pages\/4243\/revisions"}],"predecessor-version":[{"id":5100,"href":"https:\/\/dzsvilajnac.com\/cir\/wp-json\/wp\/v2\/pages\/4243\/revisions\/5100"}],"wp:attachment":[{"href":"https:\/\/dzsvilajnac.com\/cir\/wp-json\/wp\/v2\/media?parent=4243"}],"curies":[{"name":"wp","href":"https:\/\/api.w.org\/{rel}","templated":true}]}}