{"id":4242,"date":"2022-04-05T14:44:39","date_gmt":"2022-04-05T12:44:39","guid":{"rendered":"https:\/\/dz.smartnetmedia.rs\/?page_id=4242"},"modified":"2022-04-18T09:54:24","modified_gmt":"2022-04-18T07:54:24","slug":"polivalenta-patronaza","status":"publish","type":"page","link":"https:\/\/dzsvilajnac.com\/cir\/polivalenta-patronaza\/","title":{"rendered":"Polivalenta patrona\u017ea"},"content":{"rendered":"<div data-elementor-type=\"wp-page\" data-elementor-id=\"4242\" class=\"elementor elementor-4242\">\n\t\t\t\t\t\t\t\t\t<section class=\"elementor-section elementor-top-section elementor-element elementor-element-81a04d9 elementor-section-boxed elementor-section-height-default elementor-section-height-default\" data-id=\"81a04d9\" data-element_type=\"section\">\n\t\t\t\t\t\t<div class=\"elementor-container elementor-column-gap-default\">\n\t\t\t\t\t<div class=\"elementor-column elementor-col-100 elementor-top-column elementor-element elementor-element-8664fc1\" data-id=\"8664fc1\" data-element_type=\"column\">\n\t\t\t<div class=\"elementor-widget-wrap elementor-element-populated\">\n\t\t\t\t\t\t\t\t<div class=\"elementor-element elementor-element-36f4966 elementor-widget elementor-widget-text-editor\" data-id=\"36f4966\" data-element_type=\"widget\" data-widget_type=\"text-editor.default\">\n\t\t\t\t<div class=\"elementor-widget-container\">\n\t\t\t\t\t\t\t<p><span style=\"color: #000000;\"><strong>\u041f\u043e\u043b\u0438\u0432\u0430\u043b\u0435\u043d\u0442\u043d\u0430 \u043f\u0430\u0442\u0440\u043e\u043d\u0430\u0436\u0430<\/strong><\/span><\/p><p><span style=\"color: #000000;\">\u041f\u043e\u043b\u0438\u0432\u0430\u043b\u0435\u043d\u0442\u043d\u0430 \u043f\u0430\u0442\u0440\u043e\u043d\u0430\u0436\u0430\u00a0 \u0458\u0435 \u0458\u0435\u0434\u043d\u0430 \u043e\u0434 \u043d\u0430\u0458\u0437\u043d\u0430\u0447\u0430\u0458\u043d\u0438\u0458\u0438\u0445 \u0443 \u0437\u0434\u0440\u0430\u0432\u0441\u0442\u0432\u0435\u043d\u043e\u0458 \u0437\u0430\u0448\u0442\u0438\u0442\u0438 \u0441\u0442\u0430\u043d\u043e\u0432\u043d\u0438\u0448\u0442\u0432\u0430.<\/span><br \/><span style=\"color: #000000;\">\u0423 \u0440\u0430\u0434\u0443 \u043d\u0430 \u0442\u0435\u0440\u0438\u0442\u043e\u0440\u0438\u0458\u0438 \u043e\u043f\u0448\u0442\u0438\u043d\u0435 \u0421\u0432\u0438\u043b\u0430\u0458\u0430\u043d\u0430\u0446 \u0443\u0447\u0435\u0441\u0442\u0432\u0443\u0458\u0435 5\u00a0 \u043f\u0430\u0442\u0440\u043e\u043d\u0430\u0436\u043d\u0438\u0445 \u0441\u0435\u0441\u0442\u0430\u0440\u0430. \u0411\u0440\u043e\u0458 \u0441\u0442\u0430\u043d\u043e\u0432\u043d\u0438\u043a\u0430 \u043d\u0430 \u0458\u0435\u0434\u043d\u0443 \u043f\u0430\u0442\u0440\u043e\u043d\u0430\u0436\u043d\u0443 \u0441\u0435\u0441\u0442\u0440\u0443 \u0438\u0437\u043d\u043e\u0441\u0438 \u0434\u043e 5.000. \u0421\u0432\u0430\u043a\u0430 \u0441\u0435\u0441\u0442\u0440\u0430 \u0438\u043c\u0430 \u0441\u0432\u043e\u0458\u0443 \u043e\u0434\u0440\u0435\u0452\u0435\u043d\u0443 \u0442\u0435\u0440\u0438\u0442\u043e\u0440\u0438\u0458\u0443-\u043c\u0438\u043a\u0440\u043e\u0440\u0435\u0458\u043e\u043d\u0435.<\/span><br \/><span style=\"color: #000000;\">\u041f\u0430\u0442\u0440\u043e\u043d\u0430\u0436\u043d\u0438 \u0440\u0430\u0434 \u043e\u0431\u0443\u0445\u0432\u0430\u0442\u0430:<\/span><br \/><span style=\"color: #000000;\">\u043f\u043e\u0440\u043e\u0434\u0438\u0459\u0435 \u0438 \u043d\u043e\u0432\u043e\u0440\u043e\u0452\u0435\u043d\u0447\u0430\u0434, \u043e\u0434\u043e\u0458\u0447\u0430\u0434, \u0438 \u043c\u0430\u043b\u0443 \u0434\u0435\u0446\u0443<\/span><br \/><span style=\"color: #000000;\">\u0422\u0443\u0434\u043d\u0438\u0446\u0435, \u0436\u0435\u043d\u0435 \u0433\u0435\u043d\u0435\u0440\u0430\u0442\u0438\u0432\u043d\u043e\u0433 \u0434\u043e\u0431\u0430 \u0438 \u043f\u043e\u0441\u0442 \u0433\u0435\u043d\u0435\u0440\u0430\u0442\u0438\u0432\u043d\u043e\u0433 \u0434\u043e\u0431\u0430, \u0422\u0411\u0426 \u0431\u043e\u043b\u0435\u0441\u043d\u0438\u043a\u0435, \u0434\u0438\u0458\u0430\u0431\u0435\u0442\u0438\u0447\u0430\u0440\u0435, \u0434\u0443\u0448\u0435\u0432\u043d\u0435 \u0438 \u043c\u0430\u043b\u0438\u0433\u043d\u0435 \u0431\u043e\u043b\u0435\u0441\u0442\u0438, \u043b\u0438\u0446\u0430 \u0441\u0442\u0430\u0440\u0438\u0458\u0430 \u043e\u0434 65 \u0433\u043e\u0434\u0438\u043d\u0430 \u0438 \u043e\u0441\u0442\u0430\u043b\u0435 \u0445\u0440\u043e\u043d\u0438\u0447\u043d\u0435 \u0431\u043e\u043b\u0435\u0441\u0442\u0438.<\/span><br \/><span style=\"color: #000000;\">\u041e\u0431\u0430\u0432\u0459\u0430\u043c\u043e \u0438 \u0432\u0438\u0434\u043e\u0432\u0435 \u0437\u0434\u0440\u0430\u0432\u0441\u0442\u0432\u0435\u043d\u043e\u0433 \u0432\u0430\u0441\u043f\u0438\u0442\u0430\u045a\u0430 \u0441\u0442\u0430\u043d\u043e\u0432\u043d\u0438\u0448\u0442\u0432\u0430.<\/span><br \/><span style=\"color: #000000;\">\u041f\u0430\u0442\u0440\u043e\u043d\u0430\u0436\u043d\u0430 \u0441\u0435\u0441\u0442\u0440\u0430 \u043d\u0438\u0458\u0435 \u0441\u0430\u043c\u043e \u0437\u0434\u0440\u0430\u0432\u0441\u0442\u0432\u0435\u043d\u0438 \u0440\u0430\u0434\u043d\u0438\u043a \u0432\u0435\u045b \u0438 \u043f\u0440\u0438\u0458\u0430\u0442\u0435\u0459 \u043f\u043e\u0440\u043e\u0434\u0438\u0446\u0435.\u00a0<\/span><\/p><p><img decoding=\"async\" loading=\"lazy\" class=\"alignnone size-medium wp-image-4689\" src=\"https:\/\/dz.smartnetmedia.rs\/wp-content\/uploads\/2022\/04\/STE_POLI7-1-300x225.jpg\" alt=\"\" width=\"300\" height=\"225\" srcset=\"https:\/\/dzsvilajnac.com\/wp-content\/uploads\/2022\/04\/STE_POLI7-1-300x225.jpg 300w, https:\/\/dzsvilajnac.com\/wp-content\/uploads\/2022\/04\/STE_POLI7-1-1024x768.jpg 1024w, https:\/\/dzsvilajnac.com\/wp-content\/uploads\/2022\/04\/STE_POLI7-1-768x576.jpg 768w, https:\/\/dzsvilajnac.com\/wp-content\/uploads\/2022\/04\/STE_POLI7-1-16x12.jpg 16w, https:\/\/dzsvilajnac.com\/wp-content\/uploads\/2022\/04\/STE_POLI7-1.jpg 1440w\" sizes=\"(max-width: 300px) 100vw, 300px\" \/> <img decoding=\"async\" loading=\"lazy\" class=\"alignnone size-medium wp-image-4690\" src=\"https:\/\/dz.smartnetmedia.rs\/wp-content\/uploads\/2022\/04\/STE_POLI2-1-300x225.jpg\" alt=\"\" width=\"300\" height=\"225\" srcset=\"https:\/\/dzsvilajnac.com\/wp-content\/uploads\/2022\/04\/STE_POLI2-1-300x225.jpg 300w, https:\/\/dzsvilajnac.com\/wp-content\/uploads\/2022\/04\/STE_POLI2-1-1024x768.jpg 1024w, https:\/\/dzsvilajnac.com\/wp-content\/uploads\/2022\/04\/STE_POLI2-1-768x576.jpg 768w, https:\/\/dzsvilajnac.com\/wp-content\/uploads\/2022\/04\/STE_POLI2-1-16x12.jpg 16w, https:\/\/dzsvilajnac.com\/wp-content\/uploads\/2022\/04\/STE_POLI2-1.jpg 1440w\" sizes=\"(max-width: 300px) 100vw, 300px\" \/> <img decoding=\"async\" loading=\"lazy\" class=\"alignnone size-medium wp-image-4691\" src=\"https:\/\/dz.smartnetmedia.rs\/wp-content\/uploads\/2022\/04\/STE_POLI3-2-300x225.jpg\" alt=\"\" width=\"300\" height=\"225\" srcset=\"https:\/\/dzsvilajnac.com\/wp-content\/uploads\/2022\/04\/STE_POLI3-2-300x225.jpg 300w, https:\/\/dzsvilajnac.com\/wp-content\/uploads\/2022\/04\/STE_POLI3-2-1024x768.jpg 1024w, https:\/\/dzsvilajnac.com\/wp-content\/uploads\/2022\/04\/STE_POLI3-2-768x576.jpg 768w, https:\/\/dzsvilajnac.com\/wp-content\/uploads\/2022\/04\/STE_POLI3-2-16x12.jpg 16w, https:\/\/dzsvilajnac.com\/wp-content\/uploads\/2022\/04\/STE_POLI3-2.jpg 1440w\" sizes=\"(max-width: 300px) 100vw, 300px\" \/><\/p><p><span style=\"color: #000000;\"><strong>\u0417\u0430\u043f\u043e\u0441\u043b\u0435\u043d\u0438<\/strong><\/span><\/p><p><span style=\"color: #000000;\">\u0408\u0435\u043b\u0435\u043d\u0430 \u0420\u0430\u0434\u043e\u0441\u0430\u0432\u0459\u0435\u0432\u0438\u045b, \u0432\u0438\u0448\u0430 \u0433\u0438\u043d\u0435\u043a\u043e\u043b\u043e\u0448\u043a\u043e-\u0430\u043a\u0443\u0448\u0435\u0440\u0441\u043a\u0430 \u0441\u0435\u0441\u0442\u0440\u0430, \u0433\u043b\u0430\u0432\u043d\u0430 \u0441\u0435\u0441\u0442\u0440\u0430\u00a0<\/span><\/p><p><span style=\"color: #000000;\">\u041d\u0435\u043b\u0430 \u041c\u0438\u043b\u043e\u0458\u0435\u0432\u0438\u045b, \u0441\u0442\u0440\u0443\u043a\u043e\u0432\u043d\u0430 \u043c\u0435\u0434\u0438\u0446\u0438\u043d\u0441\u043a\u0430 \u0441\u0435\u0441\u0442\u0440\u0430<\/span><\/p><p><span style=\"color: #000000;\">\u0421\u0443\u0437\u0430\u043d\u0430 \u0408\u043e\u0432\u0430\u043d\u043e\u0432\u0438\u045b, \u0432\u0438\u0448\u0438 \u043c\u0435\u0434\u0438\u0446\u0438\u043d\u0441\u043a\u0438 \u0442\u0435\u0445\u043d\u0438\u0447\u0430\u0440<\/span><\/p><p><span style=\"color: #000000;\">\u0409\u0438\u0459\u0430\u043d\u0430 \u0408\u043e\u0432\u0430\u043d\u043e\u0432\u0438\u045b, \u043c\u0435\u0434\u0438\u0446\u0438\u043d\u0441\u043a\u0438 \u0442\u0435\u0445\u043d\u0438\u0447\u0430\u0440<\/span><\/p><p><span style=\"color: #000000;\">\u0414\u0438\u0458\u0430\u043d\u0430 \u041a\u043e\u0458\u0447\u0438\u045b, \u043c\u0435\u0434\u0438\u0446\u0438\u043d\u0441\u043a\u0438 \u0442\u0435\u0445\u043d\u0438\u0447\u0430\u0440<\/span><\/p><p><span style=\"color: #000000;\"><strong>\u0420\u0430\u0434\u043d\u043e \u0432\u0440\u0435\u043c\u0435<\/strong><\/span><\/p><p><span style=\"color: #000000;\">\u0420\u0430\u0434\u043d\u0438\u043c \u0434\u0430\u043d\u043e\u043c : 07 \u2013 14\u0447<\/span><br \/><span style=\"color: #000000;\">\u0421\u0443\u0431\u043e\u0442\u043e\u043c: 07-13\u0447,<\/span><\/p><p><span style=\"color: #000000;\">\u0422\u0435\u043b\u0435\u0444\u043e\u043d:035\/323-445, \u041c\u043e\u0431\u0438\u043b\u043d\u0438:\u00a0062\/657310, \u0437\u0430 \u0441\u0432\u0435 \u0438\u043d\u0444\u043e\u0440\u043c\u0430\u0446\u0438\u0458\u0435 \u043f\u043e\u0441\u043b\u0435 \u0440\u0430\u0434\u043d\u043e\u0433 \u0432\u0440\u0435\u043c\u0435\u043d\u0430<\/span><\/p><p><img decoding=\"async\" loading=\"lazy\" class=\"alignnone size-medium wp-image-4692\" src=\"https:\/\/dz.smartnetmedia.rs\/wp-content\/uploads\/2022\/04\/STE_POLI5-2-300x225.jpg\" alt=\"\" width=\"300\" height=\"225\" srcset=\"https:\/\/dzsvilajnac.com\/wp-content\/uploads\/2022\/04\/STE_POLI5-2-300x225.jpg 300w, https:\/\/dzsvilajnac.com\/wp-content\/uploads\/2022\/04\/STE_POLI5-2-1024x768.jpg 1024w, https:\/\/dzsvilajnac.com\/wp-content\/uploads\/2022\/04\/STE_POLI5-2-768x576.jpg 768w, https:\/\/dzsvilajnac.com\/wp-content\/uploads\/2022\/04\/STE_POLI5-2-16x12.jpg 16w, https:\/\/dzsvilajnac.com\/wp-content\/uploads\/2022\/04\/STE_POLI5-2.jpg 1440w\" sizes=\"(max-width: 300px) 100vw, 300px\" \/> <img decoding=\"async\" loading=\"lazy\" class=\"alignnone size-medium wp-image-4693\" src=\"https:\/\/dz.smartnetmedia.rs\/wp-content\/uploads\/2022\/04\/STE_POLI6-2-300x225.jpg\" alt=\"\" width=\"300\" height=\"225\" srcset=\"https:\/\/dzsvilajnac.com\/wp-content\/uploads\/2022\/04\/STE_POLI6-2-300x225.jpg 300w, https:\/\/dzsvilajnac.com\/wp-content\/uploads\/2022\/04\/STE_POLI6-2-1024x768.jpg 1024w, https:\/\/dzsvilajnac.com\/wp-content\/uploads\/2022\/04\/STE_POLI6-2-768x576.jpg 768w, https:\/\/dzsvilajnac.com\/wp-content\/uploads\/2022\/04\/STE_POLI6-2-16x12.jpg 16w, https:\/\/dzsvilajnac.com\/wp-content\/uploads\/2022\/04\/STE_POLI6-2.jpg 1440w\" sizes=\"(max-width: 300px) 100vw, 300px\" \/><\/p>\t\t\t\t\t\t<\/div>\n\t\t\t\t<\/div>\n\t\t\t\t\t<\/div>\n\t\t<\/div>\n\t\t\t\t\t\t\t<\/div>\n\t\t<\/section>\n\t\t\t\t\t\t\t<\/div>","protected":false},"excerpt":{"rendered":"<p>Polivalentna patrona\u017ea Polivalentna patrona\u017ea\u00a0 je jedna od najzna\u010dajnijih u zdravstvenoj za\u0161titi stanovni\u0161tva.U radu na teritoriji op\u0161tine Svilajanac u\u010destvuje 5\u00a0 patrona\u017enih sestara. Broj stanovnika na jednu patrona\u017enu sestru iznosi do 5.000. Svaka sestra ima svoju odre\u0111enu teritoriju-mikrorejone.Patrona\u017eni rad obuhvata:porodilje i novoro\u0111en\u010dad, odoj\u010dad, i malu decuTudnice, \u017eene generativnog doba i post generativnog doba, TBC bolesnike, dijabeti\u010dare, du\u0161evne&hellip;<\/p>","protected":false},"author":1,"featured_media":0,"parent":0,"menu_order":0,"comment_status":"closed","ping_status":"closed","template":"","meta":[],"_links":{"self":[{"href":"https:\/\/dzsvilajnac.com\/cir\/wp-json\/wp\/v2\/pages\/4242"}],"collection":[{"href":"https:\/\/dzsvilajnac.com\/cir\/wp-json\/wp\/v2\/pages"}],"about":[{"href":"https:\/\/dzsvilajnac.com\/cir\/wp-json\/wp\/v2\/types\/page"}],"author":[{"embeddable":true,"href":"https:\/\/dzsvilajnac.com\/cir\/wp-json\/wp\/v2\/users\/1"}],"replies":[{"embeddable":true,"href":"https:\/\/dzsvilajnac.com\/cir\/wp-json\/wp\/v2\/comments?post=4242"}],"version-history":[{"count":16,"href":"https:\/\/dzsvilajnac.com\/cir\/wp-json\/wp\/v2\/pages\/4242\/revisions"}],"predecessor-version":[{"id":4696,"href":"https:\/\/dzsvilajnac.com\/cir\/wp-json\/wp\/v2\/pages\/4242\/revisions\/4696"}],"wp:attachment":[{"href":"https:\/\/dzsvilajnac.com\/cir\/wp-json\/wp\/v2\/media?parent=4242"}],"curies":[{"name":"wp","href":"https:\/\/api.w.org\/{rel}","templated":true}]}}