{"id":4222,"date":"2022-04-05T14:41:18","date_gmt":"2022-04-05T12:41:18","guid":{"rendered":"https:\/\/dz.smartnetmedia.rs\/?page_id=4222"},"modified":"2024-07-15T10:50:54","modified_gmt":"2024-07-15T08:50:54","slug":"odsek-za-oftalmologiju","status":"publish","type":"page","link":"https:\/\/dzsvilajnac.com\/cir\/odsek-za-oftalmologiju\/","title":{"rendered":"\u041e\u0434\u0441\u0435\u043a \u0437\u0430 \u043e\u0444\u0442\u0430\u043b\u043c\u043e\u043b\u043e\u0433\u0438\u0458\u0443"},"content":{"rendered":"<div data-elementor-type=\"wp-page\" data-elementor-id=\"4222\" class=\"elementor elementor-4222\">\n\t\t\t\t\t\t\t\t\t<section class=\"elementor-section elementor-top-section elementor-element elementor-element-3b4d652 elementor-section-boxed elementor-section-height-default elementor-section-height-default\" data-id=\"3b4d652\" data-element_type=\"section\">\n\t\t\t\t\t\t<div class=\"elementor-container elementor-column-gap-default\">\n\t\t\t\t\t<div class=\"elementor-column elementor-col-100 elementor-top-column elementor-element elementor-element-33944ff\" data-id=\"33944ff\" data-element_type=\"column\">\n\t\t\t<div class=\"elementor-widget-wrap elementor-element-populated\">\n\t\t\t\t\t\t\t\t<div class=\"elementor-element elementor-element-3870ce6 elementor-widget elementor-widget-text-editor\" data-id=\"3870ce6\" data-element_type=\"widget\" data-widget_type=\"text-editor.default\">\n\t\t\t\t<div class=\"elementor-widget-container\">\n\t\t\t\t\t\t\t<p class=\"title\"><span style=\"color: #000000;\"><strong>\u041e\u0434\u0441\u0435\u043a \u0437\u0430 \u043e\u0444\u0442\u0430\u043b\u043c\u043e\u043b\u043e\u0433\u0438\u0458\u0443<\/strong><\/span><\/p>\n<p><span style=\"color: #000000;\">\u041f\u0440\u0443\u0436\u0430 \u0443\u0441\u043b\u0443\u0433\u0435 \u0438\u0437 \u0441\u0432\u0438\u0445 \u043e\u0431\u043b\u0430\u0441\u0442\u0438 \u043e\u0444\u0442\u0430\u043b\u043c\u043e\u043b\u043e\u0433\u0438\u0458\u0435<\/span><\/p>\n<ul>\n<li><span style=\"color: #000000;\">\u0441\u0430\u0432\u0440\u0435\u043c\u0435\u043d\u0430 \u0434\u0438\u0458\u0430\u0433\u043d\u043e\u0441\u0442\u0438\u043a\u0430 \u0438 \u0442\u0435\u0440\u0430\u043f\u0438\u0458\u0430 \u0441\u0432\u0438\u0445 \u0431\u043e\u043b\u0435\u0441\u0442\u0438 \u043e\u043a\u0430: \u043f\u043e\u043c\u043e\u045b\u043d\u043e\u0433 \u0430\u043f\u0430\u0440\u0430\u0442\u0430 \u043e\u043a\u0430,\u043e\u0447\u043d\u0435 \u0434\u0443\u043f\u0459\u0435,\u0441\u0443\u0437\u043d\u043e\u0433 \u0430\u043f\u0430\u0440\u0430\u0442\u0430,\u0432\u0435\u0436\u045a\u0430\u0447\u0435,\u0440\u043e\u0436\u045a\u0430\u0447\u0435,\u043e\u0447\u043d\u043e\u0433 \u0441\u043e\u0447\u0438\u0432\u0430,\u0441\u0442\u0430\u043a\u043b\u0430\u0441\u0442\u043e\u0433 \u0442\u0435\u043b\u0430,\u043c\u0440\u0435\u0436\u045a\u0430\u0447\u0435,\u043e\u0447\u043d\u043e\u0433 \u0436\u0438\u0432\u0446\u0430,\u0432\u0438\u0434\u043d\u0438\u0445 \u043f\u0443\u0442\u0435\u0432\u0430\u2026<\/span><\/li>\n<li><span style=\"color: #000000;\">\u0437\u0431\u0440\u0438\u045a\u0430\u0432\u0430\u045a\u0435 \u0445\u0438\u0442\u043d\u0438\u0445 \u0441\u0442\u0430\u045a\u0430 \u0443 \u043e\u0444\u0442\u0430\u043b\u043c\u043e\u043b\u043e\u0433\u0438\u0458\u0438,\u043b\u0435\u0447\u0435\u045a\u0435 \u043f\u043e\u0432\u0440\u0435\u0434\u0430,\u0432\u0430\u0452\u0435\u045a\u0435 \u0441\u0442\u0440\u0430\u043d\u0438\u0445 \u0442\u0435\u043b\u0430.<\/span><\/li>\n<li><span style=\"color: #000000;\">\u043e\u0434\u0440\u0435\u0452\u0438\u0432\u0430\u045a\u0435 \u0434\u0438\u043e\u043f\u0442\u0440\u0438\u0458\u0435 \u0437\u0430 \u0434\u0430\u0459\u0438\u043d\u0443\u0438 \u0431\u043b\u0438\u0437\u0438\u043d\u0443,\u0441\u0430\u0432\u0435\u0442\u0438 \u0438 \u043e\u0434\u0440\u0435\u0452\u0438\u0432\u0430\u045a\u0435 \u0431\u0438\u0444\u043e\u043a\u0430\u043b\u043d\u0438\u0445 \u0438 \u043f\u0440\u043e\u0433\u0440\u0435\u0441\u0438\u0432\u043d\u0438\u0445 \u043d\u0430\u043e\u0447\u0430\u0440\u0430<\/span><\/li>\n<li><span style=\"color: #000000;\">\u043f\u0440\u0435\u0433\u043b\u0435\u0434\u0438 \u0434\u0435\u0446\u0435 \u0438 \u0434\u0438\u0458\u0430\u0433\u043d\u043e\u0441\u0442\u0438\u043a\u0430 \u043f\u043e\u0440\u0435\u043c\u0435\u045b\u0430\u0458\u0430 \u043c\u043e\u0442\u0438\u043b\u0438\u0442\u0435\u0442\u0430<\/span><\/li>\n<li><span style=\"color: #000000;\">\u0443\u0442\u0432\u0440\u0452\u0438\u0432\u0430\u045a\u0435 \u0438\u043d\u0434\u0438\u043a\u0430\u0446\u0438\u0458\u0435 \u0437\u0430 \u0441\u0432\u0435 \u0432\u0440\u0441\u0442\u0435 \u043e\u043f\u0435\u0440\u0430\u0442\u0438\u0432\u043d\u043e\u0433 \u043b\u0435\u0447\u0435\u045a\u0430 \u0438 \u043f\u0440\u0430\u045b\u0435\u045a\u0435 \u0437\u0434\u0440\u0430\u0432\u0441\u0442\u0432\u0435\u043d\u043e\u0433 \u0441\u0442\u0430\u045a\u0430 \u043d\u0430\u043a\u043e\u043d \u043e\u043f\u0435\u0440\u0430\u0446\u0438\u0458\u0435<\/span><\/li>\n<li><span style=\"color: #000000;\">\u043a\u043e\u043d\u0441\u0443\u043b\u0442\u0430\u0442\u0438\u0432\u043d\u0438 \u043f\u0440\u0435\u0433\u043b\u0435\u0434\u0438 \u043d\u0430 \u0437\u0430\u0445\u0442\u0435\u0432 \u0434\u0440\u0443\u0433\u0438\u0445 \u0441\u043f\u0435\u0446\u0438\u0458\u0430\u043b\u0438\u0441\u0442\u0430 \u0440\u0430\u0434\u0438 \u0431\u0440\u0436\u0435\u0433 \u043f\u043e\u0441\u0442\u0430\u0432\u0459\u0430\u045a\u0430 \u0434\u0438\u0458\u0430\u0433\u043d\u043e\u0437\u0435 \u0434\u0440\u0443\u0433\u0438\u0445 \u0431\u043e\u043b\u0435\u0441\u0442\u0438<\/span><\/li>\n<li><span style=\"color: #000000;\">\u043f\u0435\u0440\u0438\u043e\u0434\u0438\u0447\u043d\u0438 \u043f\u0440\u0435\u0433\u043b\u0435\u0434\u0438 \u043e\u0447\u043d\u043e\u0433 \u0434\u043d\u0430 \u043a\u043e\u0434 \u0434\u0438\u0458\u0430\u0431\u0435\u0442\u0438\u0447\u0430\u0440\u0430 \u0438 \u0434\u0440\u0443\u0433\u0438\u0445 \u0441\u0438\u0441\u0442\u0435\u043c\u0441\u043a\u0438\u0445 \u0431\u043e\u043b\u0435\u0441\u0442\u0438<\/span><\/li>\n<li><span style=\"color: #000000;\">\u043f\u0440\u043e\u0432\u0435\u0440\u0430 \u043a\u043e\u043b\u043e\u0440\u043d\u043e\u0433 \u0432\u0438\u0434\u0430<\/span><\/li>\n<li><span style=\"color: #000000;\">\u0441\u0438\u0441\u0442\u0435\u043c\u0430\u0442\u0441\u043a\u0438 \u043f\u0440\u0435\u0433\u043b\u0435\u0434\u0438 \u0434\u0435\u0446\u0435 \u0438 \u043e\u0434\u0440\u0430\u0441\u043b\u0438\u0445<\/span><\/li>\n<li><span style=\"color: #000000;\">\u043f\u0440\u0435\u0432\u0435\u043d\u0442\u0438\u0432\u043d\u0435 \u043c\u0435\u0440\u0435 \u0438 \u0441\u0430\u0432\u0435\u0442\u0438 \u0437\u0430 \u043e\u0447\u0443\u0432\u0430\u045a\u0435 \u0434\u043e\u0431\u0440\u043e\u0433 \u0432\u0438\u0434\u0430 \u0438 \u0434\u0440.<\/span><\/li>\n<\/ul>\n<p><span style=\"color: #000000;\">\u0423 \u0434\u0430\u043d\u0430\u0448\u045a\u0435\u043c \u0441\u0430\u0432\u0440\u0435\u043c\u0435\u043d\u043e\u043c \u0441\u0432\u0435\u0442\u0443 \u043e\u0447\u0438 \u0441\u0443 \u0438\u0437\u043b\u043e\u0436\u0435\u043d\u0435 \u0432\u0435\u043b\u0438\u043a\u043e\u043c \u0431\u0440\u043e\u0458\u0443 \u0448\u0442\u0435\u0442\u043d\u0438\u0445 \u0443\u0442\u0438\u0446\u0430\u0458\u0430: \u0458\u043e\u043d\u0438\u0437\u0443\u0458\u0443\u045b\u0435 \u0437\u0440\u0430\u0447\u0435\u045a\u0435,\u043a\u043e\u043c\u043f\u0458\u0443\u0442\u0435\u0440\u0438,\u0442\u0435\u043b\u0435\u0432\u0438\u0437\u043e\u0440\u0438,\u043c\u043e\u0431\u0438\u043b\u043d\u0438 \u0442\u0435\u043b\u0435\u0444\u043e\u043d\u0438,\u0432\u0438\u0441\u043e\u043a \u0438\u043d\u0434\u0435\u043a\u0441 \u0423\u0412 \u0437\u0440\u0430\u0447\u0435\u045a\u0430\u0438 \u0458\u043e\u0448 \u043c\u043d\u043e\u0433\u043e \u0442\u043e\u0433\u0430.<\/span><\/p>\n<p><span style=\"color: #000000;\">\u0418 \u043a\u0430\u0434 \u043c\u0438\u0441\u043b\u0438\u0442\u0435 \u0434\u0430 \u0434\u043e\u0431\u0440\u043e \u0432\u0438\u0434\u0438\u0442\u0435 \u0438 \u043d\u0435\u043c\u0430\u0442\u0435 \u043d\u0438\u043a\u0430\u043a\u0432\u0438\u0445 \u0442\u0435\u0433\u043e\u0431\u0430 \u043d\u0435\u043e\u043f\u0445\u043e\u0434\u0430\u043d \u0458\u0435 \u0431\u0430\u0440 \u0433\u043e\u0434\u0438\u0448\u045a\u0438 \u043e\u0444\u0442\u0430\u043b\u043c\u043e\u043b\u043e\u0448\u043a\u0438 \u043f\u0440\u0435\u0433\u043b\u0435\u0434 \u0458\u0435\u0440 \u043f\u043e\u0441\u0442\u043e\u0458\u0438 \u043c\u043d\u043e\u0433\u043e \u0441\u0442\u0430\u045a\u0430 \u043a\u043e\u0458\u0435 \u043f\u0440\u0438\u043c\u0435\u0442\u0438\u0442\u0435 \u043a\u0430\u0434 \u0432\u0435\u045b \u0431\u0443\u0434\u0435 \u043a\u0430\u0441\u043d\u043e \u0437\u0430 \u043b\u0435\u0447\u0435\u045a\u0435.<\/span><\/p>\n<p><span style=\"color: #000000;\">\u0421\u0430\u0447\u0443\u0432\u0430\u0458\u0442\u0435 \u0432\u0430\u0448 \u0432\u0438\u0434 \u0440\u0435\u0434\u043e\u0432\u043d\u0438\u043c \u043f\u0440\u0435\u0433\u043b\u0435\u0434\u0438\u043c\u0430 \u043d\u0430 \u0432\u0440\u0435\u043c\u0435!<\/span><\/p>\n<p class=\"subtitle\"><span style=\"color: #000000;\"><strong>\u0417\u0430\u043f\u043e\u0441\u043b\u0435\u043d\u0438<\/strong><\/span><\/p>\n<p><span style=\"color: rgb(0, 0, 0); letter-spacing: var(--the7-base-letter-spacing); text-transform: var(--the7-base-text-transform); word-spacing: normal;\">Dr Ru\u017eica Dimitrijevi\u0107, specijalista oftalmologije<\/span><\/p>\n<p><span style=\"color: rgb(0, 0, 0); letter-spacing: var(--the7-base-letter-spacing); text-transform: var(--the7-base-text-transform); word-spacing: normal;\">Biljana Jovanovi\u0107, medicinski tehni\u010dar<\/span><\/p>\n<p><strong style=\"color: rgb(0, 0, 0); letter-spacing: var(--the7-base-letter-spacing); text-transform: var(--the7-base-text-transform); word-spacing: normal;\">\u0420\u0430\u0434\u043d\u043e \u0432\u0440\u0435\u043c\u0435<\/strong><\/p>\n<p><font color=\"#000000\">Radnim danima od 7-15 \u010dasova<\/font><\/p><p><font color=\"#000000\">Telefon:<\/font><\/p><p><font color=\"#000000\">062\/657-606<\/font><\/p>\t\t\t\t\t\t<\/div>\n\t\t\t\t<\/div>\n\t\t\t\t\t<\/div>\n\t\t<\/div>\n\t\t\t\t\t\t\t<\/div>\n\t\t<\/section>\n\t\t\t\t\t\t\t<\/div>","protected":false},"excerpt":{"rendered":"<p>Odsek za oftalmologiju Pru\u017ea usluge iz svih oblasti oftalmologije savremena dijagnostika i terapija svih bolesti oka: pomo\u0107nog aparata oka,o\u010dne duplje,suznog aparata,ve\u017enja\u010de,ro\u017enja\u010de,o\u010dnog so\u010diva,staklastog tela,mre\u017enja\u010de,o\u010dnog \u017eivca,vidnih puteva&#8230; zbrinjavanje hitnih stanja u oftalmologiji,le\u010denje povreda,va\u0111enje stranih tela. odre\u0111ivanje dioptrije za daljinui blizinu,saveti i odre\u0111ivanje bifokalnih i progresivnih nao\u010dara pregledi dece i dijagnostika poreme\u0107aja motiliteta utvr\u0111ivanje indikacije za sve vrste&hellip;<\/p>","protected":false},"author":1,"featured_media":0,"parent":0,"menu_order":0,"comment_status":"closed","ping_status":"closed","template":"","meta":[],"_links":{"self":[{"href":"https:\/\/dzsvilajnac.com\/cir\/wp-json\/wp\/v2\/pages\/4222"}],"collection":[{"href":"https:\/\/dzsvilajnac.com\/cir\/wp-json\/wp\/v2\/pages"}],"about":[{"href":"https:\/\/dzsvilajnac.com\/cir\/wp-json\/wp\/v2\/types\/page"}],"author":[{"embeddable":true,"href":"https:\/\/dzsvilajnac.com\/cir\/wp-json\/wp\/v2\/users\/1"}],"replies":[{"embeddable":true,"href":"https:\/\/dzsvilajnac.com\/cir\/wp-json\/wp\/v2\/comments?post=4222"}],"version-history":[{"count":12,"href":"https:\/\/dzsvilajnac.com\/cir\/wp-json\/wp\/v2\/pages\/4222\/revisions"}],"predecessor-version":[{"id":5090,"href":"https:\/\/dzsvilajnac.com\/cir\/wp-json\/wp\/v2\/pages\/4222\/revisions\/5090"}],"wp:attachment":[{"href":"https:\/\/dzsvilajnac.com\/cir\/wp-json\/wp\/v2\/media?parent=4222"}],"curies":[{"name":"wp","href":"https:\/\/api.w.org\/{rel}","templated":true}]}}