{"id":4219,"date":"2022-04-05T14:39:42","date_gmt":"2022-04-05T12:39:42","guid":{"rendered":"https:\/\/dz.smartnetmedia.rs\/?page_id=4219"},"modified":"2022-04-07T11:02:26","modified_gmt":"2022-04-07T09:02:26","slug":"odsek-za-internu-medicinu","status":"publish","type":"page","link":"https:\/\/dzsvilajnac.com\/cir\/odsek-za-internu-medicinu\/","title":{"rendered":"\u041e\u0434\u0441\u0435\u043a \u0437\u0430 \u0438\u043d\u0442\u0435\u0440\u043d\u0443 \u043c\u0435\u0434\u0438\u0446\u0438\u043d\u0443"},"content":{"rendered":"<div data-elementor-type=\"wp-page\" data-elementor-id=\"4219\" class=\"elementor elementor-4219\">\n\t\t\t\t\t\t\t\t\t<section class=\"elementor-section elementor-top-section elementor-element elementor-element-3fe80c6 elementor-section-boxed elementor-section-height-default elementor-section-height-default\" data-id=\"3fe80c6\" data-element_type=\"section\">\n\t\t\t\t\t\t<div class=\"elementor-container elementor-column-gap-default\">\n\t\t\t\t\t<div class=\"elementor-column elementor-col-100 elementor-top-column elementor-element elementor-element-21cdd9c\" data-id=\"21cdd9c\" data-element_type=\"column\">\n\t\t\t<div class=\"elementor-widget-wrap elementor-element-populated\">\n\t\t\t\t\t\t\t\t<div class=\"elementor-element elementor-element-1fa3ee0 elementor-widget elementor-widget-text-editor\" data-id=\"1fa3ee0\" data-element_type=\"widget\" data-widget_type=\"text-editor.default\">\n\t\t\t\t<div class=\"elementor-widget-container\">\n\t\t\t\t\t\t\t<p><span style=\"color: #000000;\"><strong>\u041e\u0434\u0441\u0435\u043a \u0438\u043d\u0442\u0435\u0440\u043d\u0435 \u043c\u0435\u0434\u0438\u0446\u0438\u043d\u0435<\/strong><\/span><\/p><p><span style=\"color: #000000;\">\u041f\u043e\u0440\u0435\u0434 \u043a\u043e\u043c\u043f\u043b\u0435\u0442\u043d\u043e\u0433 \u0438\u043d\u0442\u0435\u0440\u043d\u0438\u0441\u0442\u0438\u0447\u043a\u043e\u0433 \u043f\u0440\u0435\u0433\u043b\u0435\u0434\u0430 \u0448\u0442\u043e \u043f\u043e\u0434\u0440\u0430\u0437\u0443\u043c\u0435\u0432\u0430 \u043f\u0440\u0435\u0433\u043b\u0435\u0434 \u043b\u0435\u043a\u0430\u0440\u0430 \u0438 \u043e\u0447\u0438\u0442\u0430\u0432\u0430\u045a\u0435 \u0415\u041a\u0413 \u0441\u043d\u0438\u043c\u043a\u0430, \u0443 \u043d\u0430\u0448\u043e\u0458 \u0430\u043c\u0431\u0443\u043b\u0430\u043d\u0442\u0438 \u043c\u043e\u0436\u0435\u0442\u0435 \u0438\u0437\u0432\u0440\u0448\u0438\u0442\u0438 \u0438 \u0443\u043b\u0442\u0440\u0430\u0437\u0432\u0443\u0447\u043d\u0438 \u043f\u0440\u0435\u0433\u043b\u0435\u0434 \u0430\u0431\u0434\u043e\u043c\u0435\u043d\u0430.<\/span><br \/><span style=\"color: #000000;\">\u041d\u0430\u0458\u0447\u0435\u0448\u045b\u0438 \u0432\u0438\u0434 \u043f\u0430\u0446\u0438\u0458\u0435\u043d\u0430\u0442\u0430 \u0441\u0443 \u0431\u043e\u043b\u0435\u0441\u043d\u0438\u0446\u0438 \u043a\u0430\u0440\u0434\u0438\u043e\u0432\u0430\u0441\u043a\u0443\u043b\u0430\u0440\u043d\u0438\u043c \u0438 \u0445\u0438\u043f\u0435\u0440\u0442\u0435\u043d\u0437\u0438\u0432\u043d\u0438\u043c \u0442\u0435\u0433\u043e\u0431\u0430\u043c\u0430 \u0430\u043b\u0438 \u0437\u0430 \u045a\u0438\u043c\u0430 \u043c\u043d\u043e\u0433\u043e \u043d\u0435 \u0437\u0430\u043e\u0441\u0442\u0430\u0458\u0443 \u043f\u0430\u0446\u0438\u0458\u0435\u043d\u0442\u0438 \u0441\u0430 \u0435\u043d\u0434\u043e\u043a\u0440\u0438\u043d\u043e\u043b\u043e\u0448\u043a\u0438\u043c \u043f\u043e\u0440\u0435\u043c\u0435\u045b\u0430\u0458\u0438\u043c\u0430(\u0434\u0438\u0458\u0430\u0431\u0435\u0442\u0435\u0441).<\/span><br \/><span style=\"color: #000000;\">\u0423\u0437 \u0440\u0435\u0434\u043e\u0432\u043d\u0443 \u043a\u043e\u043d\u0442\u0440\u043e\u043b\u0443 \u0433\u043b\u0438\u043a\u0435\u043c\u0438\u0458\u0435 \u0433\u043b\u0443\u043a\u043e\u0442\u0435\u0441\u0442\u043e\u043c \u043c\u043e\u0436\u0435\u0442\u0435 \u0434\u043e\u0431\u0438\u0442\u0438 \u0441\u0442\u0440\u0443\u0447\u043d\u0435 \u0441\u0430\u0432\u0435\u0442\u0435 \u043e \u043f\u0440\u0430\u0432\u0438\u043b\u043d\u043e\u0458 \u0438\u0441\u0445\u0440\u0430\u043d\u0438\u00a0 \u043e\u0434 \u043d\u0430\u0448\u0435\u0433 \u043d\u0443\u0442\u0440\u0438\u0446\u0438\u043e\u043d\u0438\u0441\u0442\u0435.<\/span><br \/><span style=\"color: #000000;\">\u0423 \u0438\u043d\u0442\u0435\u0440\u043d\u0438\u0441\u0442\u0438\u0447\u043a\u043e\u0458 \u0430\u043c\u0431\u0443\u043b\u0430\u043d\u0442\u0438 \u0440\u0430\u0434\u0435 \u0434\u0432\u0430 \u043b\u0435\u043a\u0430\u0440\u0430 \u0441\u043f\u0435\u0446\u0438\u0458\u0430\u043b\u0438\u0441\u0442\u0438 \u0438\u043d\u0442\u0435\u0440\u043d\u0435 \u043c\u0435\u0434\u0438\u0446\u0438\u043d\u0435 \u0438 \u0434\u0432\u0435 \u043c\u0435\u0434\u0438\u0446\u0438\u043d\u0441\u043a\u0435 \u0441\u0435\u0441\u0442\u0440\u0435.<\/span><\/p><p><span style=\"color: #000000;\">\u0410\u043c\u0431\u0443\u043b\u0430\u043d\u0442\u0430 \u0440\u0430\u0434\u0438 \u0441\u0432\u0430\u043a\u043e\u0433 \u0440\u0430\u0434\u043d\u043e\u0433 \u0434\u0430\u043d\u0430 \u043e\u0434 07-15 \u0447\u0430\u0441\u043e\u0432\u0430.<\/span><\/p><p><span style=\"color: #000000;\">\u0420\u0430\u0434 \u043e\u0431\u0430\u0432\u0459\u0430\u0458\u0443 \u0441\u043f\u0435\u0446\u0438\u0458\u0430\u043b\u0438\u0441\u0442\u0438 \u0438\u043d\u0442\u0435\u0440\u043d\u0435 \u043c\u0435\u0434\u0438\u0446\u0438\u043d\u0435 \u0434\u0440 \u0413\u043e\u0440\u0438\u0446\u0430 \u0414\u0438\u043c\u0447\u0438\u045b- \u0422\u0430\u0441\u0438\u045b \u0418 \u0434\u0440 \u0441\u0430\u045a\u0430 \u0422\u0440\u0438\u0448\u0438\u045b, \u043a\u0430\u043e \u0418 \u0434\u0432\u0435 \u043c\u0435\u0434\u0438\u0446\u0438\u043d\u0441\u043a\u0435 \u0441\u0435\u0441\u0442\u0440\u0435.<\/span><\/p><p><span style=\"color: #000000;\">\u041f\u0440\u0432\u0438 \u043f\u0440\u0435\u0433\u043b\u0435\u0434 \u0441\u0435 \u0437\u0430\u043a\u0430\u0437\u0443\u0458\u0435 \u0435\u043b\u0435\u043a\u0442\u0440\u043e\u043d\u0441\u043a\u0438\u043c \u043f\u0443\u0442\u0435\u043c \u043e\u0434 \u0438\u0437\u0430\u0431\u0440\u0430\u043d\u043e\u0433 \u043b\u0435\u043a\u0430\u0440\u0430, \u0430\u00a0 \u0438\u043d\u0444\u043e\u0440\u043c\u0430\u0446\u0438\u0458\u0435\u00a0 \u0441 \u0435\u043c\u043e\u0433\u0443 \u0434\u043e\u0431\u0438\u0442\u0438 \u043d\u0430 \u0431\u0440. \u0422\u0435\u043b\u0435\u0444\u043e\u043d\u0430 062 570523.<\/span><\/p><p><span style=\"color: #000000;\">\u0421\u0410 \u041f\u0423\u041d\u041e \u041f\u041e\u0412\u0415\u0420\u0415\u040a\u0410 \u0411\u0420\u0418\u0413\u0423 \u041e \u0412\u0410\u0428\u0415\u041c\u00a0 \u0417\u0414\u0420\u0410\u0412\u0409\u0423 \u041f\u0420\u0415\u041f\u0423\u0421\u0422\u0418\u0422\u0415 \u041d\u0410\u041c\u0410.\u00a0<\/span><\/p>\t\t\t\t\t\t<\/div>\n\t\t\t\t<\/div>\n\t\t\t\t<div class=\"elementor-element elementor-element-3d844e2 elementor-widget elementor-widget-image-gallery\" data-id=\"3d844e2\" data-element_type=\"widget\" data-widget_type=\"image-gallery.default\">\n\t\t\t\t<div class=\"elementor-widget-container\">\n\t\t\t\t\t<div class=\"elementor-image-gallery\">\n\t\t\t\n\t\t\t<style type='text\/css'>\n\t\t\t\t#gallery-1 {\n\t\t\t\t\tmargin: auto;\n\t\t\t\t}\n\t\t\t\t#gallery-1 .gallery-item {\n\t\t\t\t\tfloat: left;\n\t\t\t\t\tmargin-top: 10px;\n\t\t\t\t\ttext-align: center;\n\t\t\t\t\twidth: 25%;\n\t\t\t\t}\n\t\t\t\t#gallery-1 img {\n\t\t\t\t\tborder: 2px solid #cfcfcf;\n\t\t\t\t}\n\t\t\t\t#gallery-1 .gallery-caption {\n\t\t\t\t\tmargin-left: 0;\n\t\t\t\t}\n\t\t\t\t\/* see gallery_shortcode() in wp-includes\/media.php *\/\n\t\t\t<\/style>\n\t\t<div id='gallery-1' class='dt-gallery-container gallery galleryid-4219 gallery-columns-4 gallery-size-medium_large'><dl class='gallery-item'>\n\t\t\t\t<dt class='gallery-icon landscape'>\n\t\t\t\t\t<a class=\"rollover rollover-zoom dt-pswp-item\" title=\"STE_INT1\" data-dt-img-description=\"\" data-large_image_width=\"1440\" data-large_image_height=\"1080\" href='https:\/\/dzsvilajnac.com\/wp-content\/uploads\/2022\/04\/STE_INT1.jpg'><img width=\"768\" height=\"576\" src=\"https:\/\/dzsvilajnac.com\/wp-content\/uploads\/2022\/04\/STE_INT1-768x576.jpg\" class=\"attachment-medium_large size-medium_large\" alt=\"\" decoding=\"async\" loading=\"lazy\" srcset=\"https:\/\/dzsvilajnac.com\/wp-content\/uploads\/2022\/04\/STE_INT1-768x576.jpg 768w, https:\/\/dzsvilajnac.com\/wp-content\/uploads\/2022\/04\/STE_INT1-300x225.jpg 300w, https:\/\/dzsvilajnac.com\/wp-content\/uploads\/2022\/04\/STE_INT1-1024x768.jpg 1024w, https:\/\/dzsvilajnac.com\/wp-content\/uploads\/2022\/04\/STE_INT1.jpg 1440w\" sizes=\"(max-width: 768px) 100vw, 768px\" \/><\/a>\n\t\t\t\t<\/dt><\/dl><dl class='gallery-item'>\n\t\t\t\t<dt class='gallery-icon landscape'>\n\t\t\t\t\t<a class=\"rollover rollover-zoom dt-pswp-item\" title=\"STE_INT2\" data-dt-img-description=\"\" data-large_image_width=\"1440\" data-large_image_height=\"1080\" href='https:\/\/dzsvilajnac.com\/wp-content\/uploads\/2022\/04\/STE_INT2.jpg'><img width=\"768\" height=\"576\" src=\"https:\/\/dzsvilajnac.com\/wp-content\/uploads\/2022\/04\/STE_INT2-768x576.jpg\" class=\"attachment-medium_large size-medium_large\" alt=\"\" decoding=\"async\" loading=\"lazy\" srcset=\"https:\/\/dzsvilajnac.com\/wp-content\/uploads\/2022\/04\/STE_INT2-768x576.jpg 768w, https:\/\/dzsvilajnac.com\/wp-content\/uploads\/2022\/04\/STE_INT2-300x225.jpg 300w, https:\/\/dzsvilajnac.com\/wp-content\/uploads\/2022\/04\/STE_INT2-1024x768.jpg 1024w, https:\/\/dzsvilajnac.com\/wp-content\/uploads\/2022\/04\/STE_INT2.jpg 1440w\" sizes=\"(max-width: 768px) 100vw, 768px\" \/><\/a>\n\t\t\t\t<\/dt><\/dl><dl class='gallery-item'>\n\t\t\t\t<dt class='gallery-icon landscape'>\n\t\t\t\t\t<a class=\"rollover rollover-zoom dt-pswp-item\" title=\"STE_INT3\" data-dt-img-description=\"\" data-large_image_width=\"1440\" data-large_image_height=\"1080\" href='https:\/\/dzsvilajnac.com\/wp-content\/uploads\/2022\/04\/STE_INT3.jpg'><img width=\"768\" height=\"576\" src=\"https:\/\/dzsvilajnac.com\/wp-content\/uploads\/2022\/04\/STE_INT3-768x576.jpg\" class=\"attachment-medium_large size-medium_large\" alt=\"\" decoding=\"async\" loading=\"lazy\" srcset=\"https:\/\/dzsvilajnac.com\/wp-content\/uploads\/2022\/04\/STE_INT3-768x576.jpg 768w, https:\/\/dzsvilajnac.com\/wp-content\/uploads\/2022\/04\/STE_INT3-300x225.jpg 300w, https:\/\/dzsvilajnac.com\/wp-content\/uploads\/2022\/04\/STE_INT3-1024x768.jpg 1024w, https:\/\/dzsvilajnac.com\/wp-content\/uploads\/2022\/04\/STE_INT3.jpg 1440w\" sizes=\"(max-width: 768px) 100vw, 768px\" \/><\/a>\n\t\t\t\t<\/dt><\/dl>\n\t\t\t\t<br style='clear: both' \/>\n\t\t\t<\/div>\n\t\t<\/div>\n\t\t\t\t<\/div>\n\t\t\t\t<\/div>\n\t\t\t\t\t<\/div>\n\t\t<\/div>\n\t\t\t\t\t\t\t<\/div>\n\t\t<\/section>\n\t\t\t\t\t\t\t<\/div>","protected":false},"excerpt":{"rendered":"<p>Odsek interne medicine Pored kompletnog internisti\u010dkog pregleda \u0161to podrazumeva pregled lekara i o\u010ditavanje EKG snimka, u na\u0161oj ambulanti mo\u017eete izvr\u0161iti i ultrazvu\u010dni pregled abdomena.Naj\u010de\u0161\u0107i vid pacijenata su bolesnici kardiovaskularnim i hipertenzivnim tegobama ali za njima mnogo ne zaostaju pacijenti sa endokrinolo\u0161kim poreme\u0107ajima(dijabetes).Uz redovnu kontrolu glikemije glukotestom mo\u017eete dobiti stru\u010dne savete o pravilnoj ishrani\u00a0 od na\u0161eg&hellip;<\/p>","protected":false},"author":1,"featured_media":0,"parent":0,"menu_order":0,"comment_status":"closed","ping_status":"closed","template":"","meta":[],"_links":{"self":[{"href":"https:\/\/dzsvilajnac.com\/cir\/wp-json\/wp\/v2\/pages\/4219"}],"collection":[{"href":"https:\/\/dzsvilajnac.com\/cir\/wp-json\/wp\/v2\/pages"}],"about":[{"href":"https:\/\/dzsvilajnac.com\/cir\/wp-json\/wp\/v2\/types\/page"}],"author":[{"embeddable":true,"href":"https:\/\/dzsvilajnac.com\/cir\/wp-json\/wp\/v2\/users\/1"}],"replies":[{"embeddable":true,"href":"https:\/\/dzsvilajnac.com\/cir\/wp-json\/wp\/v2\/comments?post=4219"}],"version-history":[{"count":13,"href":"https:\/\/dzsvilajnac.com\/cir\/wp-json\/wp\/v2\/pages\/4219\/revisions"}],"predecessor-version":[{"id":4546,"href":"https:\/\/dzsvilajnac.com\/cir\/wp-json\/wp\/v2\/pages\/4219\/revisions\/4546"}],"wp:attachment":[{"href":"https:\/\/dzsvilajnac.com\/cir\/wp-json\/wp\/v2\/media?parent=4219"}],"curies":[{"name":"wp","href":"https:\/\/api.w.org\/{rel}","templated":true}]}}