{"id":4210,"date":"2022-04-05T14:38:16","date_gmt":"2022-04-05T12:38:16","guid":{"rendered":"https:\/\/dz.smartnetmedia.rs\/?page_id=4210"},"modified":"2024-07-15T10:49:21","modified_gmt":"2024-07-15T08:49:21","slug":"medicina-rada","status":"publish","type":"page","link":"https:\/\/dzsvilajnac.com\/cir\/medicina-rada\/","title":{"rendered":"\u041c\u0435\u0434\u0438\u0446\u0438\u043d\u0430 \u0440\u0430\u0434\u0430"},"content":{"rendered":"<div data-elementor-type=\"wp-page\" data-elementor-id=\"4210\" class=\"elementor elementor-4210\">\n\t\t\t\t\t\t\t\t\t<section class=\"elementor-section elementor-top-section elementor-element elementor-element-8483435 elementor-section-boxed elementor-section-height-default elementor-section-height-default\" data-id=\"8483435\" data-element_type=\"section\">\n\t\t\t\t\t\t<div class=\"elementor-container elementor-column-gap-default\">\n\t\t\t\t\t<div class=\"elementor-column elementor-col-100 elementor-top-column elementor-element elementor-element-9c65502\" data-id=\"9c65502\" data-element_type=\"column\">\n\t\t\t<div class=\"elementor-widget-wrap elementor-element-populated\">\n\t\t\t\t\t\t\t\t<div class=\"elementor-element elementor-element-653398f elementor-widget elementor-widget-text-editor\" data-id=\"653398f\" data-element_type=\"widget\" data-widget_type=\"text-editor.default\">\n\t\t\t\t<div class=\"elementor-widget-container\">\n\t\t\t\t\t\t\t<p><span style=\"color: #000000;\"><strong>\u041c\u0435\u0434\u0438\u0446\u0438\u043d\u0430 \u0440\u0430\u0434\u0430<\/strong><\/span><\/p>\n<p style=\"font-weight: 400;\"><span style=\"color: #000000;\">\u0421\u043b\u0443\u0436\u0431\u0430 \u043c\u0435\u0434\u0438\u0446\u0438\u043d\u0435 \u0440\u0430\u0434\u0430 \u0443 \u0421\u0432\u0438\u043b\u0430\u0458\u043d\u0446\u0443 \u043e\u0440\u0433\u0430\u043d\u0438\u0437\u0443\u0458\u0435 \u0441\u0432\u043e\u0458 \u0440\u0430\u0434 \u0443 \u043e\u043a\u0432\u0438\u0440\u0443 \u0414\u043e\u043c\u0430 \u0437\u0434\u0440\u0430\u0432\u0459\u0430.<\/span><\/p>\n<p style=\"font-weight: 400;\"><span style=\"color: #000000;\">\u041e\u0432\u0430 \u043c\u0435\u0434\u0435\u0441\u043a\u0430 \u0434\u0438\u0441\u0446\u0438\u043f\u043b\u0438\u043d\u0430 \u0431\u0430\u0432\u0438 \u0441\u0435:<\/span><\/p>\n<ul style=\"font-weight: 400;\">\n<li><span style=\"color: #000000;\">\u043f\u0441\u0438\u0445\u043e-\u0444\u0438\u0437\u0438\u043e\u043b\u043e\u0433\u0438\u0458\u043e\u043c \u0440\u0430\u0434\u0430<\/span><\/li>\n<li><span style=\"color: #000000;\">\u0438\u0441\u043f\u0438\u0442\u0438\u0432\u0430\u045a\u0435\u043c \u0443\u0441\u043b\u043e\u0432\u0430 \u0440\u0430\u0434\u0430<\/span><\/li>\n<li><span style=\"color: #000000;\">\u0438\u0441\u043f\u0438\u0442\u0438\u0432\u0430\u045a\u0435\u043c \u043f\u0440\u043e\u0444\u0435\u0441\u0438\u043e\u043d\u0430\u043b\u043d\u0438\u0445 \u0438\u0434\u0440\u0443\u0433\u0438\u0445 \u043e\u0448\u0442\u0435\u045b\u0435\u045a\u0430 \u043f\u043e\u0434 \u0443\u0442\u0438\u0446\u0430\u0458\u0435\u043c \u0440\u0430\u0434\u0430,\u045a\u0438\u0445\u043e\u0432\u043e \u043b\u0435\u0447\u0435\u045a\u0435 \u0438 \u0441\u043f\u0440\u0435\u0447\u0430\u0432\u0430\u045a\u0435\u043c \u045a\u0438\u0445\u043e\u0432\u043e\u0433 \u043d\u0430\u0441\u0442\u0430\u043d\u043a\u0430.<\/span><\/li>\n<\/ul>\n<p style=\"font-weight: 400;\"><span style=\"color: #000000;\">\u0423 \u043e\u043a\u0432\u0438\u0440\u0443 \u0441\u0432\u043e\u0458\u0435 \u0434\u0435\u043b\u0430\u0442\u043d\u043e\u0441\u0442\u0438 \u043e\u0431\u0430\u0432\u0459\u0430\u0458\u0443 \u0441\u0435 \u0441\u043b\u0435\u0434\u0435\u045b\u0438 \u043f\u043e\u0441\u043b\u043e\u0432\u0438:<\/span><\/p>\n<ul style=\"font-weight: 400;\">\n<li><span style=\"color: #000000;\">\u0438\u0441\u043f\u0438\u0442\u0438\u0432\u0430\u045a\u0435 \u043a\u0430\u043d\u0434\u0438\u0434\u0430\u0442\u0430 \u0437\u0430 \u0437\u0430\u043f\u043e\u0441\u043b\u0435\u045a\u0435 \u043d\u0430 \u043e\u0441\u043d\u043e\u0432\u0443 \u043e\u0446\u0435\u043d\u0435 \u0437\u0434\u0440\u0430\u0432\u0441\u0442\u0432\u0435\u043d\u043e\u0433 \u0441\u0442\u0430\u045a\u0430 \u043f\u043e\u0437\u043d\u0430\u0432\u0430\u045a\u0430 \u0437\u0430\u0445\u0442\u0435\u0432\u0430 \u0440\u0430\u0434\u043d\u043e\u0433 \u043c\u0435\u0441\u0442\u0430 \u0438 \u0434\u0430\u0458\u0435 \u0441\u0435 \u043c\u0438\u0448\u0459\u0435\u045a\u0435 \u043e \u0437\u0434\u0440\u0430\u0432\u0441\u0442\u0442\u0432\u0435\u043d\u043e\u0458 \u0441\u043f\u043e\u0441\u043e\u0431\u043d\u043e\u0441\u0442\u0438 \u0440\u0430\u0434\u043d\u0438\u043a\u0430<\/span><\/li>\n<li><span style=\"color: #000000;\">\u0432\u0440\u0448\u0435 \u0441\u0435 \u0441\u0438\u0441\u0442\u0435\u043c\u0430\u0442\u0441\u043a\u0438 \u043f\u0440\u0435\u0433\u043b\u0435\u0434\u0438 \u0437\u0430\u043f\u043e\u0441\u043b\u0435\u043d\u0438\u0445<\/span><\/li>\n<li><span style=\"color: #000000;\">\u0438\u0441\u043f\u0438\u0442\u0443\u0458\u0443 \u0441\u0435 \u0438\u0437\u0432\u043e\u0440\u0438 \u0418 \u0443\u0437\u0440\u043e\u0446\u0438 \u0431\u043e\u043b\u0435\u0441\u0442\u0438 \u043d\u0430 \u0440\u0430\u0434\u043d\u0438\u043c \u043c\u0435\u0441\u0442\u0438\u043c\u0430<\/span><\/li>\n<li><span style=\"color: #000000;\">\u043e\u0440\u0433\u0430\u043d\u0438\u0437\u0443\u0458\u0443 \u0441\u0435 \u043a\u043e\u043d\u0442\u0440\u043e\u043b\u0435 \u0440\u0430\u0434\u043d\u0438\u0445 \u043c\u0435\u0441\u0442\u0430<\/span><\/li>\n<li><span style=\"color: #000000;\">\u043f\u0440\u0435\u0434\u0443\u0437\u0438\u043c\u0430\u0458\u0443 \u0441\u0435 \u043f\u0440\u0435\u0432\u0435\u043d\u0442\u0438\u0432\u043d\u0435 \u043c\u0435\u0440\u0435 \u0437\u0430 \u0441\u043f\u0440\u0435\u0447\u0430\u0432\u0430\u045a\u0435 \u043c\u0430\u0441\u043e\u0432\u043d\u0438\u0445 \u0431\u043e\u043b\u0435\u0441\u0442\u0438<\/span><\/li>\n<li><span style=\"color: #000000;\">\u0432\u0440\u0448\u0435 \u0441\u0435 \u043f\u0435\u0440\u0438\u043e\u0434\u0438\u0447\u043d\u0438 \u0437\u0434\u0440\u0430\u0432\u0441\u0442\u0432\u0435\u043d\u0438 \u043f\u0440\u0435\u0433\u043b\u0435\u0434\u0438<\/span><\/li>\n<li><span style=\"color: #000000;\">\u043e\u0431\u0430\u0432\u0459\u0430 \u0441\u0435 \u0434\u0438\u0458\u0430\u0433\u043d\u043e\u0441\u0442\u0438\u043a\u0430<\/span><\/li>\n<li><span style=\"color: #000000;\">\u0441\u043f\u0440\u043e\u0432\u043e\u0434\u0438 \u0441\u0435 \u0437\u0434\u0440\u0430\u0432\u0441\u0442\u0432\u0435\u043d\u043e \u043f\u0440\u043e\u0441\u0432\u0435\u045b\u0438\u0432\u0430\u045a\u0435 \u0440\u0430\u0434\u043d\u0438\u043a\u0430<\/span><\/li>\n<\/ul>\n<p><span style=\"color: #000000;\"><strong>\u0417\u0430\u043f\u043e\u0441\u043b\u0435\u043d\u0438<\/strong><\/span><\/p>\n<p style=\"font-weight: 400;\"><span style=\"color: #000000;\">\u0414\u0440.\u043c\u0435\u0434. \u0421\u0432\u0435\u0442\u043b\u0430\u043d\u0430 \u0421\u0442\u0430\u043d\u043a\u043e\u0432\u0438\u045b-\u0408\u043e\u0432\u0430\u043d\u043e\u0432\u0438\u045b, \u0441\u043f\u0435\u0446\u0438\u0458\u0430\u043b\u0438\u0441\u0442\u0430\u043c\u0435\u0434\u0438\u0446\u0438\u043d\u0435 \u0440\u0430\u0434\u0430<\/span><br><span style=\"color: #000000;\">\u0414\u0440.\u043c\u0435\u0434. \u0408\u0430\u0434\u0440\u0430\u043d\u043a\u0430 \u0412\u0435\u043b\u0438\u0447\u043a\u043e\u0432\u0438\u045b, \u0441\u043f\u0435\u0446\u0438\u0458\u0430\u043b\u0438\u0441\u0442\u0430 \u043c\u0435\u0434\u0438\u0446\u0438\u043d\u0435 \u0440\u0430\u0434\u0430, \u0448\u0435\u0444 \u0441\u043b\u0443\u0436\u0431\u0435 \u043e\u043f\u0448\u0442\u0435 \u043c\u0435\u0434\u0438\u0446\u0438\u043d\u0435<\/span><br><span style=\"color: #000000;\">\u0409\u0438\u0459\u0430\u043d\u0430 \u0421\u0442\u043e\u043a\u0438\u045b, \u043c\u0435\u0434\u0438\u0446\u0438\u043d\u0441\u043a\u0438 \u0442\u0435\u0445\u043d\u0438\u0447\u0430\u0440<\/span><\/p>\n<p><span style=\"color: #000000;\"><strong>\u0420\u0430\u0434\u043d\u043e \u0432\u0440\u0435\u043c\u0435<\/strong><\/span><\/p>\n<p style=\"font-weight: 400;\"><span style=\"color: #000000;\">\u0420\u0430\u0434\u043d\u0438\u043c \u0434\u0430\u043d\u043e\u043c : 07 \u2013 20\u0447<\/span><\/p><p style=\"font-weight: 400;\"><span style=\"color: #000000;\">Telefon:<\/span><\/p><p style=\"font-weight: 400;\"><span style=\"color: #000000;\">035\/321-424<\/span><\/p>\t\t\t\t\t\t<\/div>\n\t\t\t\t<\/div>\n\t\t\t\t\t<\/div>\n\t\t<\/div>\n\t\t\t\t\t\t\t<\/div>\n\t\t<\/section>\n\t\t\t\t\t\t\t<\/div>","protected":false},"excerpt":{"rendered":"<p>Medicina rada Slu\u017eba medicine rada u Svilajncu organizuje svoj rad u okviru Doma zdravlja. Ova medeska disciplina bavi se: psiho-fiziologijom rada ispitivanjem uslova rada ispitivanjem profesionalnih idrugih o\u0161te\u0107enja pod uticajem rada,njihovo le\u010denje i spre\u010davanjem njihovog nastanka. U okviru svoje delatnosti obavljaju se slede\u0107i poslovi: ispitivanje kandidata za zaposlenje na osnovu ocene zdravstvenog stanja poznavanja zahteva&hellip;<\/p>","protected":false},"author":1,"featured_media":0,"parent":0,"menu_order":0,"comment_status":"closed","ping_status":"closed","template":"","meta":[],"_links":{"self":[{"href":"https:\/\/dzsvilajnac.com\/cir\/wp-json\/wp\/v2\/pages\/4210"}],"collection":[{"href":"https:\/\/dzsvilajnac.com\/cir\/wp-json\/wp\/v2\/pages"}],"about":[{"href":"https:\/\/dzsvilajnac.com\/cir\/wp-json\/wp\/v2\/types\/page"}],"author":[{"embeddable":true,"href":"https:\/\/dzsvilajnac.com\/cir\/wp-json\/wp\/v2\/users\/1"}],"replies":[{"embeddable":true,"href":"https:\/\/dzsvilajnac.com\/cir\/wp-json\/wp\/v2\/comments?post=4210"}],"version-history":[{"count":13,"href":"https:\/\/dzsvilajnac.com\/cir\/wp-json\/wp\/v2\/pages\/4210\/revisions"}],"predecessor-version":[{"id":5087,"href":"https:\/\/dzsvilajnac.com\/cir\/wp-json\/wp\/v2\/pages\/4210\/revisions\/5087"}],"wp:attachment":[{"href":"https:\/\/dzsvilajnac.com\/cir\/wp-json\/wp\/v2\/media?parent=4210"}],"curies":[{"name":"wp","href":"https:\/\/api.w.org\/{rel}","templated":true}]}}