{"id":4203,"date":"2022-04-05T14:36:54","date_gmt":"2022-04-05T12:36:54","guid":{"rendered":"https:\/\/dz.smartnetmedia.rs\/?page_id=4203"},"modified":"2024-01-18T10:05:12","modified_gmt":"2024-01-18T09:05:12","slug":"hinta-pomoc","status":"publish","type":"page","link":"https:\/\/dzsvilajnac.com\/cir\/hinta-pomoc\/","title":{"rendered":"\u0425\u0438\u0442\u043d\u0430 \u043f\u043e\u043c\u043e\u045b"},"content":{"rendered":"<div data-elementor-type=\"wp-page\" data-elementor-id=\"4203\" class=\"elementor elementor-4203\">\n\t\t\t\t\t\t\t\t\t<section class=\"elementor-section elementor-top-section elementor-element elementor-element-c7e7f63 elementor-section-boxed elementor-section-height-default elementor-section-height-default\" data-id=\"c7e7f63\" data-element_type=\"section\">\n\t\t\t\t\t\t<div class=\"elementor-container elementor-column-gap-default\">\n\t\t\t\t\t<div class=\"elementor-column elementor-col-100 elementor-top-column elementor-element elementor-element-efa76a1\" data-id=\"efa76a1\" data-element_type=\"column\">\n\t\t\t<div class=\"elementor-widget-wrap elementor-element-populated\">\n\t\t\t\t\t\t\t\t<div class=\"elementor-element elementor-element-28ada60 elementor-widget elementor-widget-text-editor\" data-id=\"28ada60\" data-element_type=\"widget\" data-widget_type=\"text-editor.default\">\n\t\t\t\t<div class=\"elementor-widget-container\">\n\t\t\t\t\t\t\t<p><span style=\"color: #000000;\">\u0421\u043b\u0443\u0436\u0431\u0430 \u0445\u0438\u0442\u043d\u0435 \u043c\u0435\u0434\u0438\u0446\u0438\u043d\u0441\u043a\u0435 \u043f\u043e\u043c\u043e\u045b\u0438 \u043f\u043e\u0441\u0442\u043e\u0458\u0438 \u043a\u0430\u043e \u043f\u043e\u0441\u0435\u0431\u043d\u0430 \u0441\u043b\u0443\u0436\u0431\u0430 \u043e\u0434 14 \u043c\u0430\u0458\u0430 1990. \u0433\u043e\u0434\u0438\u043d\u0435. \u0422\u043e\u043a\u043e\u043c \u0441\u0432\u043e\u0433 \u0440\u0430\u0434\u0430, \u0441\u043b\u0443\u0436\u0431\u0430 \u0441\u0435 \u0441\u0443\u043e\u0447\u0430\u0432\u0430\u043b\u0430 \u0441\u0430 \u0431\u0440\u043e\u0458\u043d\u0438\u043c \u0438\u0437\u0430\u0437\u043e\u0432\u0438\u043c\u0430, \u0443\u0432\u0435\u043a \u0443\u0441\u043f\u0435\u0432\u0430\u0458\u0443\u045b\u0438 \u0434\u0430 \u043e\u0434\u0433\u043e\u0432\u043e\u0440\u0438 \u043d\u0430 \u045a\u0438\u0445, \u0443 \u043d\u0430\u0458\u0431\u043e\u0459\u0435\u043c \u0438\u043d\u0442\u0435\u0440\u0435\u0441\u0443 \u0441\u0432\u043e\u0458\u0438\u0445 \u043f\u0430\u0446\u0438\u0458\u0435\u043d\u0430\u0442\u0430.<\/span><\/p>\n<p><span style=\"color: #000000;\">\u0420\u0430\u0434\u043d\u043e \u0432\u0440\u0435\u043c\u0435 \u0441\u043b\u0443\u0436\u0431\u0435 \u0458\u0435 24\u0447 \u0434\u043d\u0435\u0432\u043d\u043e. \u0423 \u0441\u043c\u0435\u043d\u0438 \u0440\u0430\u0434\u0438 \u0458\u0435\u0434\u043d\u0430 \u0435\u043a\u0438\u043f\u0430 \u043a\u043e\u0458\u0430 \u0441\u0435 \u0441\u0430\u0441\u0442\u043e\u0458\u0438 \u0438\u0437 1 \u043b\u0435\u043a\u0430\u0440\u0430, 2 \u043c\u0435\u0434\u0438\u0446\u0438\u043d\u0441\u043a\u0430 \u0442\u0435\u0445\u043d\u0438\u0447\u0430\u0440\u0430 \u0438 \u0458\u0435\u0434\u043d\u043e\u0433 \u0432\u043e\u0437\u0430\u0447\u0430.<\/span><\/p>\n<p><strong><span style=\"color: #000000;\">\u0421\u043b\u0443\u0436\u0431\u0443 \u0442\u0440\u0435\u043d\u0443\u0442\u043d\u043e \u0447\u0438\u043d\u0435:<\/span><\/strong><\/p>\n<p><span style=\"color: #000000;\">\u0434\u0440 \u043c\u0435\u0434 \u0420\u0435\u0459\u0430 \u041c\u043e\u043c\u0447\u0438\u043b\u043e\u0432\u0438\u045b, \u0441\u043f\u0435\u0446. \u0443\u0440\u0433\u0435\u043d\u0442\u043d\u0435 \u043c\u0435\u0434\u0438\u0446\u0438\u043d\u0435, \u043d\u0430\u0447\u0435\u043b\u043d\u0438\u043a \u0441\u043b\u0443\u0436\u0431\u0435,<\/span><\/p>\n<p><span style=\"color: #000000;\">\u0434\u0440 \u043c\u0435\u0434. \u0421\u043b\u0430\u0452\u0430\u043d\u0430 \u0413\u043e\u043b\u0443\u0431\u043e\u0432\u0438\u045b, \u0441\u043f\u0435\u0446. \u043e\u043f\u0448\u0442\u0435 \u043f\u0440\u0430\u043a\u0441\u0435,<\/span><\/p>\n<p><span style=\"color: #000000;\">\u0434\u0440 \u043c\u0435\u0434 \u0412\u0435\u043a\u043e\u0441\u043b\u0430\u0432 \u0417\u0430\u0458\u0438\u045b, \u0441\u043f\u0435\u0446. \u0443\u0440\u0433\u0435\u043d\u0442\u043d\u0435 \u043c\u0435\u0434\u0438\u0446\u0438\u043d\u0435,<\/span><\/p>\n<p><span style=\"color: #000000;\">\u0434\u0440 \u043c\u0435\u0434. \u0410\u043b\u0435\u043a\u0441\u0430\u043d\u0434\u0430\u0440 \u041f\u0430\u0432\u043b\u043e\u0432\u0438\u045b, \u043b\u0435\u043a\u0430\u0440 \u043d\u0430 \u0441\u043f\u0435\u0446\u0438\u0458\u0430\u043b\u0438\u0437\u0430\u0446\u0438\u0458\u0438 \u0438\u0437 \u0443\u0440\u0433\u0435\u043d\u0442\u043d\u0435 \u043c\u0435\u0434\u0438\u0446\u0438\u043d\u0435,<\/span><\/p>\n<p><span style=\"color: #000000;\">\u0434\u0440 \u043c\u0435\u0434. \u041c\u0438\u043b\u0438\u0446\u0430 \u0411\u0438\u0437\u0435\u0442\u0438\u045b,<\/span><\/p>\n<p><span style=\"color: #000000;\">dr med. Igor Stojmenovi\u0107,<\/span><\/p>\n<p><span style=\"color: #000000;\">dr med. Dragana \u017divi\u0107,<\/span><\/p>\n<p><span style=\"color: #000000;\">\u0432\u0438\u0448\u0438 \u043c\u0435\u0434. \u0442\u0435\u0445\u043d\u0438\u0447\u0430\u0440 \u0410\u043d\u0452\u0435\u043b\u043a\u0430 \u041c\u043b\u0430\u0434\u0435\u043d\u043e\u0432\u0438\u045b, \u0433\u043b\u0430\u0432\u043d\u0430 \u0441\u0435\u0441\u0442\u0440\u0430,<\/span><\/p>\n<p><span style=\"color: #000000;\">\u043c\u0435\u0434. \u0442\u0435\u0445\u043d\u0438\u0447\u0430\u0440 \u0409\u0438\u0459\u0430\u043d\u0430 \u041c\u0438\u043b\u043e\u0441\u0430\u0432\u0459\u0435\u0432\u0438\u045b,<\/span><\/p>\n<p><span style=\"color: #000000;\">\u043c\u0435\u0434. \u0442\u0435\u0445\u043d\u0438\u0447\u0430\u0440 \u0414\u0440\u0430\u0433\u0438\u0446\u0430 \u0418\u043b\u0438\u045b,<\/span><\/p>\n<p><span style=\"color: #000000;\">\u043c\u0435\u0434. \u0442\u0435\u0445\u043d\u0438\u0447\u0430\u0440 \u0411\u0438\u0459\u0430\u043d\u0430 \u0420\u0430\u0434\u043e\u0432\u0430\u043d\u043e\u0432\u0438\u045b,<\/span><\/p>\n<p><span style=\"color: #000000;\">\u043c\u0435\u0434. \u0442\u0435\u0445\u043d\u0438\u0447\u0430\u0440 \u0422\u0430\u045a\u0430 \u041c\u0430\u0440\u0438\u043d\u043a\u043e\u0432\u0438\u045b,<\/span><\/p>\n<p><span style=\"color: #000000;\">\u043c\u0435\u0434. \u0442\u0435\u0445\u043d\u0438\u0447\u0430\u0440 \u0411\u0440\u0430\u043d\u043a\u0438\u0446\u0430 \u041f\u043e\u043f\u043e\u0432\u0438\u045b,<\/span><\/p>\n<p><span style=\"color: #000000;\">\u043c\u0435\u0434. \u0442\u0435\u0445\u043d\u0438\u0447\u0430\u0440 \u041e\u043b\u0438\u0432\u0435\u0440\u0430 \u0408\u0435\u0440\u0435\u043c\u0438\u045b<\/span><\/p>\n<p><span style=\"color: #000000;\">\u043c\u0435\u0434. \u0442\u0435\u0445\u043d\u0438\u0447\u0430\u0440 \u0408\u0430\u0441\u043d\u0430 \u041a\u043e\u043c\u043d\u0435\u043d\u043e\u0432\u0438\u045b,<\/span><\/p>\n<p><span style=\"color: #000000;\">\u043c\u0435\u0434. \u0442\u0435\u0445\u043d\u0438\u0447\u0430\u0440 \u041b\u0438\u0434\u0438\u0458\u0430 \u0421\u0442\u0430\u043d\u043e\u0458\u0435\u0432\u0438\u045b,<\/span><\/p>\n<p><span style=\"color: #000000;\">\u043c\u0435\u0434. \u0442\u0435\u0445\u043d\u0438\u0447\u0430\u0440 \u0414\u0440\u0430\u0433\u0438\u0446\u0430 \u041f\u0435\u0442\u0440\u043e\u0432\u0438\u045b,<\/span><\/p>\n<p><span style=\"color: #000000;\">\u043c\u0435\u0434. \u0442\u0435\u0445\u043d\u0438\u0447\u0430\u0440 \u0414\u0430\u0440\u043a\u043e \u041f\u0430\u043d\u0438\u045b.<\/span><\/p>\n<p><img decoding=\"async\" loading=\"lazy\" class=\"alignnone size-medium wp-image-4337\" src=\"https:\/\/dz.smartnetmedia.rs\/wp-content\/uploads\/2022\/04\/STE_HP11-300x225.jpg\" alt=\"\" width=\"300\" height=\"225\" srcset=\"https:\/\/dzsvilajnac.com\/wp-content\/uploads\/2022\/04\/STE_HP11-300x225.jpg 300w, https:\/\/dzsvilajnac.com\/wp-content\/uploads\/2022\/04\/STE_HP11-1024x768.jpg 1024w, https:\/\/dzsvilajnac.com\/wp-content\/uploads\/2022\/04\/STE_HP11-768x576.jpg 768w, https:\/\/dzsvilajnac.com\/wp-content\/uploads\/2022\/04\/STE_HP11.jpg 1440w\" sizes=\"(max-width: 300px) 100vw, 300px\" \/> <img decoding=\"async\" loading=\"lazy\" class=\"alignnone size-medium wp-image-4343\" src=\"https:\/\/dz.smartnetmedia.rs\/wp-content\/uploads\/2022\/04\/STE_HP17-300x225.jpg\" alt=\"\" width=\"300\" height=\"225\" srcset=\"https:\/\/dzsvilajnac.com\/wp-content\/uploads\/2022\/04\/STE_HP17-300x225.jpg 300w, https:\/\/dzsvilajnac.com\/wp-content\/uploads\/2022\/04\/STE_HP17-1024x768.jpg 1024w, https:\/\/dzsvilajnac.com\/wp-content\/uploads\/2022\/04\/STE_HP17-768x576.jpg 768w, https:\/\/dzsvilajnac.com\/wp-content\/uploads\/2022\/04\/STE_HP17.jpg 1440w\" sizes=\"(max-width: 300px) 100vw, 300px\" \/> <img decoding=\"async\" loading=\"lazy\" class=\"alignnone size-medium wp-image-4339\" src=\"https:\/\/dz.smartnetmedia.rs\/wp-content\/uploads\/2022\/04\/STE_HP13-300x225.jpg\" alt=\"\" width=\"300\" height=\"225\" srcset=\"https:\/\/dzsvilajnac.com\/wp-content\/uploads\/2022\/04\/STE_HP13-300x225.jpg 300w, https:\/\/dzsvilajnac.com\/wp-content\/uploads\/2022\/04\/STE_HP13-1024x768.jpg 1024w, https:\/\/dzsvilajnac.com\/wp-content\/uploads\/2022\/04\/STE_HP13-768x576.jpg 768w, https:\/\/dzsvilajnac.com\/wp-content\/uploads\/2022\/04\/STE_HP13.jpg 1440w\" sizes=\"(max-width: 300px) 100vw, 300px\" \/><\/p>\n<p><span style=\"color: #000000;\">\u0423 \u0441\u0430\u0441\u0442\u0430\u0432\u0443 \u0441\u043b\u0443\u0436\u0431\u0435, \u043a\u0430\u043e \u043f\u043e\u0441\u0435\u0431\u043d\u0430 \u043e\u0440\u0433\u0430\u043d\u0438\u0437\u0430\u0446\u0438\u043e\u043d\u0430 \u0458\u0435\u0434\u0438\u043d\u0438\u0446\u0430, \u0444\u0443\u043d\u043a\u0446\u0438\u043e\u043d\u0438\u0448\u0435 \u0438 \u0432\u043e\u0437\u043d\u0438 \u043f\u0430\u0440\u043a, \u0441\u0430 \u0447\u0435\u0442\u0438\u0440\u0438 \u043e\u043f\u0440\u0435\u043c\u0459\u0435\u043d\u0430 \u0441\u0430\u043d\u0438\u0442\u0435\u0442\u0441\u043a\u0430 \u0432\u043e\u0437\u0438\u043b\u0430 \u0437\u0430 \u0442\u0440\u0430\u043d\u0441\u043f\u043e\u0440\u0442 \u0445\u0438\u0442\u043d\u0438\u0445 \u0441\u043b\u0443\u0447\u0430\u0458\u0435\u0432\u0430,\u0438 \u0434\u0432\u0430 \u0442\u0440\u0430\u043d\u0441\u043f\u043e\u0440\u0442\u043d\u0430 \u0432\u043e\u0437\u0438\u043b\u0438\u043c\u0430 \u0437\u0430 \u043f\u0440\u0435\u0432\u043e\u0437 \u043f\u0430\u0446\u0438\u0458\u0435\u043d\u0430\u0442\u0430 \u043d\u0430 \u0434\u0438\u0458\u0430\u043b\u0438\u0437\u0438 \u0438 \u043f\u0430\u0446\u0438\u0458\u0435\u043d\u0430\u0442\u0430 \u043a\u043e\u0458\u0438 \u043d\u0438\u0441\u0443 \u0445\u0438\u0442\u043d\u0438 \u0441\u043b\u0443\u0447\u0430\u0458\u0435\u0432\u0438. \u0412\u043e\u0437\u043d\u0438 \u043f\u0430\u0440\u043a \u043e\u0431\u0430\u0432\u0459\u0430 \u0438 \u043f\u0440\u0435\u0432\u043e\u0437 \u043f\u0430\u0446\u0438\u0458\u0435\u043d\u0430\u0442\u0430 \u043d\u0430 \u043b\u0438\u0447\u043d\u0438 \u0437\u0430\u0445\u0442\u0435\u0432, \u043f\u043e \u043a\u043e\u043c\u0435\u0440\u0446\u0438\u0458\u0430\u043b\u043d\u0438\u043c \u0443\u0441\u043b\u043e\u0432\u0438\u043c\u0430. \u0412\u043e\u0437\u043d\u0438 \u043f\u0430\u0440\u043a \u0447\u0438\u043d\u0435:<\/span><\/p>\n<p><span style=\"color: #000000;\">\u0412\u043b\u0430\u0434\u0430\u043d \u041d\u0438\u043a\u043e\u043b\u0438\u045b, \u0433\u043b\u0430\u0432\u043d\u0438 \u0432\u043e\u0437\u0430\u0447<\/span><\/p>\n<p><span style=\"color: #000000;\">\u0414\u0435\u0458\u0430\u043d \u041c\u0438\u043b\u043e\u0448\u0435\u0432\u0438\u045b, \u0432\u043e\u0437\u0430\u0447<\/span><\/p>\n<p><span style=\"color: #000000;\">\u0409\u0443\u0431\u0438\u0448\u0430 \u0408\u0430\u043a\u043e\u0432\u0459\u0435\u0432\u0438\u045b, \u0432\u043e\u0437\u0430\u0447<\/span><\/p>\n<p><span style=\"color: #000000;\">\u0414\u0440\u0430\u0433\u0430\u043d \u041c\u0430\u0440\u0438\u043d\u043a\u043e\u0432\u0438\u045b, \u0432\u043e\u0437\u0430\u0447<\/span><\/p>\n<p><span style=\"color: #000000;\">\u0410\u043b\u0435\u043a\u0441\u0430\u043d\u0434\u0430\u0440 \u041a\u043e\u043c\u043d\u0435\u043d\u043e\u0432\u0438\u045b, \u0432\u043e\u0437\u0430\u0447<\/span><\/p>\n<p><span style=\"color: #000000;\">\u0414\u0440\u0430\u0433\u0430\u043d \u041c\u0438\u043b\u043e\u0441\u0430\u0432\u0459\u0435\u0432\u0438\u045b, \u0432\u043e\u0437\u0430\u0447<\/span><\/p>\n<p><span style=\"color: #000000;\">\u041c\u0438\u043e\u043c\u0438\u0440 \u0420\u0430\u0448\u043a\u043e\u0432\u0438\u045b, \u0432\u043e\u0437\u0430\u0447<\/span><\/p>\n<p><span style=\"color: #000000;\">\u0417\u043b\u0430\u0442\u0430\u043d \u0410\u043a\u0441\u0435\u043d\u0442\u0438\u0458\u0435\u0432\u0438\u045b, \u0432\u043e\u0437\u0430\u0447<\/span><\/p>\n<p><span style=\"color: #000000;\">\u041d\u0435\u043d\u0430\u0434 \u0416\u0438\u0432\u043a\u043e\u0432\u0438\u045b, \u0432\u043e\u0437\u0430\u0447.<\/span><\/p>\n<p><strong><span style=\"color: #000000;\">\u0412\u0430\u0436\u043d\u0438 \u0442\u0435\u043b\u0435\u0444\u043e\u043d\u0438:<\/span><\/strong><\/p>\n<p><span style=\"color: #000000;\">194 \u2013 \u043f\u0440\u0438\u0458\u0435\u043c \u043f\u043e\u0437\u0438\u0432\u0430 \u043f\u0430\u0446\u0438\u0458\u0435\u043d\u0430\u0442\u0430 (\u0440\u0430\u0437\u0433\u043e\u0432\u043e\u0440\u0438 \u0441\u0435 \u0441\u043d\u0438\u043c\u0430\u0458\u0443),<\/span><\/p>\n<p><span style=\"color: #000000;\">035\/ 312 \u2013 212, \u0438\u043d\u0444\u043e\u0440\u043c\u0430\u0446\u0438\u0458\u0435<\/span><\/p>\n<p><span style=\"color: #000000;\">063\/ 103 \u2013 25 &#8211; 76<\/span><\/p>\t\t\t\t\t\t<\/div>\n\t\t\t\t<\/div>\n\t\t\t\t<div class=\"elementor-element elementor-element-fc05b6a gallery-spacing-custom elementor-widget elementor-widget-image-gallery\" data-id=\"fc05b6a\" data-element_type=\"widget\" data-widget_type=\"image-gallery.default\">\n\t\t\t\t<div class=\"elementor-widget-container\">\n\t\t\t\t\t<div class=\"elementor-image-gallery\">\n\t\t\t\n\t\t\t<style type='text\/css'>\n\t\t\t\t#gallery-1 {\n\t\t\t\t\tmargin: auto;\n\t\t\t\t}\n\t\t\t\t#gallery-1 .gallery-item {\n\t\t\t\t\tfloat: left;\n\t\t\t\t\tmargin-top: 10px;\n\t\t\t\t\ttext-align: center;\n\t\t\t\t\twidth: 25%;\n\t\t\t\t}\n\t\t\t\t#gallery-1 img {\n\t\t\t\t\tborder: 2px solid #cfcfcf;\n\t\t\t\t}\n\t\t\t\t#gallery-1 .gallery-caption {\n\t\t\t\t\tmargin-left: 0;\n\t\t\t\t}\n\t\t\t\t\/* see gallery_shortcode() in wp-includes\/media.php *\/\n\t\t\t<\/style>\n\t\t<div id='gallery-1' class='dt-gallery-container gallery galleryid-4203 gallery-columns-4 gallery-size-medium_large'><dl class='gallery-item'>\n\t\t\t\t<dt class='gallery-icon landscape'>\n\t\t\t\t\t<a class=\"rollover rollover-zoom dt-pswp-item\" title=\"STE_HP12\" data-dt-img-description=\"\" data-large_image_width=\"1440\" data-large_image_height=\"1080\" href='https:\/\/dzsvilajnac.com\/wp-content\/uploads\/2022\/04\/STE_HP12.jpg'><img width=\"768\" height=\"576\" src=\"https:\/\/dzsvilajnac.com\/wp-content\/uploads\/2022\/04\/STE_HP12-768x576.jpg\" class=\"attachment-medium_large size-medium_large\" alt=\"\" decoding=\"async\" loading=\"lazy\" srcset=\"https:\/\/dzsvilajnac.com\/wp-content\/uploads\/2022\/04\/STE_HP12-768x576.jpg 768w, https:\/\/dzsvilajnac.com\/wp-content\/uploads\/2022\/04\/STE_HP12-300x225.jpg 300w, https:\/\/dzsvilajnac.com\/wp-content\/uploads\/2022\/04\/STE_HP12-1024x768.jpg 1024w, https:\/\/dzsvilajnac.com\/wp-content\/uploads\/2022\/04\/STE_HP12.jpg 1440w\" sizes=\"(max-width: 768px) 100vw, 768px\" \/><\/a>\n\t\t\t\t<\/dt><\/dl><dl class='gallery-item'>\n\t\t\t\t<dt class='gallery-icon landscape'>\n\t\t\t\t\t<a class=\"rollover rollover-zoom dt-pswp-item\" title=\"STE_HP14\" data-dt-img-description=\"\" data-large_image_width=\"1440\" data-large_image_height=\"1080\" href='https:\/\/dzsvilajnac.com\/wp-content\/uploads\/2022\/04\/STE_HP14.jpg'><img width=\"768\" height=\"576\" src=\"https:\/\/dzsvilajnac.com\/wp-content\/uploads\/2022\/04\/STE_HP14-768x576.jpg\" class=\"attachment-medium_large size-medium_large\" alt=\"\" decoding=\"async\" loading=\"lazy\" srcset=\"https:\/\/dzsvilajnac.com\/wp-content\/uploads\/2022\/04\/STE_HP14-768x576.jpg 768w, https:\/\/dzsvilajnac.com\/wp-content\/uploads\/2022\/04\/STE_HP14-300x225.jpg 300w, https:\/\/dzsvilajnac.com\/wp-content\/uploads\/2022\/04\/STE_HP14-1024x768.jpg 1024w, https:\/\/dzsvilajnac.com\/wp-content\/uploads\/2022\/04\/STE_HP14.jpg 1440w\" sizes=\"(max-width: 768px) 100vw, 768px\" \/><\/a>\n\t\t\t\t<\/dt><\/dl><dl class='gallery-item'>\n\t\t\t\t<dt class='gallery-icon landscape'>\n\t\t\t\t\t<a class=\"rollover rollover-zoom dt-pswp-item\" title=\"STE_HP15\" data-dt-img-description=\"\" data-large_image_width=\"1440\" data-large_image_height=\"1080\" href='https:\/\/dzsvilajnac.com\/wp-content\/uploads\/2022\/04\/STE_HP15.jpg'><img width=\"768\" height=\"576\" src=\"https:\/\/dzsvilajnac.com\/wp-content\/uploads\/2022\/04\/STE_HP15-768x576.jpg\" class=\"attachment-medium_large size-medium_large\" alt=\"\" decoding=\"async\" loading=\"lazy\" srcset=\"https:\/\/dzsvilajnac.com\/wp-content\/uploads\/2022\/04\/STE_HP15-768x576.jpg 768w, https:\/\/dzsvilajnac.com\/wp-content\/uploads\/2022\/04\/STE_HP15-300x225.jpg 300w, https:\/\/dzsvilajnac.com\/wp-content\/uploads\/2022\/04\/STE_HP15-1024x768.jpg 1024w, https:\/\/dzsvilajnac.com\/wp-content\/uploads\/2022\/04\/STE_HP15.jpg 1440w\" sizes=\"(max-width: 768px) 100vw, 768px\" \/><\/a>\n\t\t\t\t<\/dt><\/dl><dl class='gallery-item'>\n\t\t\t\t<dt class='gallery-icon landscape'>\n\t\t\t\t\t<a class=\"rollover rollover-zoom dt-pswp-item\" title=\"STE_HP16\" data-dt-img-description=\"\" data-large_image_width=\"1440\" data-large_image_height=\"1080\" href='https:\/\/dzsvilajnac.com\/wp-content\/uploads\/2022\/04\/STE_HP16.jpg'><img width=\"768\" height=\"576\" src=\"https:\/\/dzsvilajnac.com\/wp-content\/uploads\/2022\/04\/STE_HP16-768x576.jpg\" class=\"attachment-medium_large size-medium_large\" alt=\"\" decoding=\"async\" loading=\"lazy\" srcset=\"https:\/\/dzsvilajnac.com\/wp-content\/uploads\/2022\/04\/STE_HP16-768x576.jpg 768w, https:\/\/dzsvilajnac.com\/wp-content\/uploads\/2022\/04\/STE_HP16-300x225.jpg 300w, https:\/\/dzsvilajnac.com\/wp-content\/uploads\/2022\/04\/STE_HP16-1024x768.jpg 1024w, https:\/\/dzsvilajnac.com\/wp-content\/uploads\/2022\/04\/STE_HP16.jpg 1440w\" sizes=\"(max-width: 768px) 100vw, 768px\" \/><\/a>\n\t\t\t\t<\/dt><\/dl><br style=\"clear: both\" \/>\n\t\t\t<\/div>\n\t\t<\/div>\n\t\t\t\t<\/div>\n\t\t\t\t<\/div>\n\t\t\t\t\t<\/div>\n\t\t<\/div>\n\t\t\t\t\t\t\t<\/div>\n\t\t<\/section>\n\t\t\t\t\t\t\t<\/div>","protected":false},"excerpt":{"rendered":"<p>Slu\u017eba hitne medicinske pomo\u0107i postoji kao posebna slu\u017eba od 14 maja 1990. godine. Tokom svog rada, slu\u017eba se suo\u010davala sa brojnim izazovima, uvek uspevaju\u0107i da odgovori na njih, u najboljem interesu svojih pacijenata. Radno vreme slu\u017ebe je 24h dnevno. U smeni radi jedna ekipa koja se sastoji iz 1 lekara, 2 medicinska tehni\u010dara i jednog&hellip;<\/p>","protected":false},"author":1,"featured_media":0,"parent":0,"menu_order":0,"comment_status":"closed","ping_status":"closed","template":"","meta":[],"_links":{"self":[{"href":"https:\/\/dzsvilajnac.com\/cir\/wp-json\/wp\/v2\/pages\/4203"}],"collection":[{"href":"https:\/\/dzsvilajnac.com\/cir\/wp-json\/wp\/v2\/pages"}],"about":[{"href":"https:\/\/dzsvilajnac.com\/cir\/wp-json\/wp\/v2\/types\/page"}],"author":[{"embeddable":true,"href":"https:\/\/dzsvilajnac.com\/cir\/wp-json\/wp\/v2\/users\/1"}],"replies":[{"embeddable":true,"href":"https:\/\/dzsvilajnac.com\/cir\/wp-json\/wp\/v2\/comments?post=4203"}],"version-history":[{"count":17,"href":"https:\/\/dzsvilajnac.com\/cir\/wp-json\/wp\/v2\/pages\/4203\/revisions"}],"predecessor-version":[{"id":4992,"href":"https:\/\/dzsvilajnac.com\/cir\/wp-json\/wp\/v2\/pages\/4203\/revisions\/4992"}],"wp:attachment":[{"href":"https:\/\/dzsvilajnac.com\/cir\/wp-json\/wp\/v2\/media?parent=4203"}],"curies":[{"name":"wp","href":"https:\/\/api.w.org\/{rel}","templated":true}]}}