{"id":4198,"date":"2022-04-05T14:35:43","date_gmt":"2022-04-05T12:35:43","guid":{"rendered":"https:\/\/dz.smartnetmedia.rs\/?page_id=4198"},"modified":"2022-04-07T10:48:04","modified_gmt":"2022-04-07T08:48:04","slug":"hemodijaliza","status":"publish","type":"page","link":"https:\/\/dzsvilajnac.com\/cir\/hemodijaliza\/","title":{"rendered":"\u0425\u0435\u043c\u043e\u0434\u0438\u0458\u0430\u043b\u0438\u0437\u0430"},"content":{"rendered":"<div data-elementor-type=\"wp-page\" data-elementor-id=\"4198\" class=\"elementor elementor-4198\">\n\t\t\t\t\t\t\t\t\t<section class=\"elementor-section elementor-top-section elementor-element elementor-element-9b5a83c elementor-section-boxed elementor-section-height-default elementor-section-height-default\" data-id=\"9b5a83c\" data-element_type=\"section\">\n\t\t\t\t\t\t<div class=\"elementor-container elementor-column-gap-default\">\n\t\t\t\t\t<div class=\"elementor-column elementor-col-100 elementor-top-column elementor-element elementor-element-a21a227\" data-id=\"a21a227\" data-element_type=\"column\">\n\t\t\t<div class=\"elementor-widget-wrap elementor-element-populated\">\n\t\t\t\t\t\t\t\t<div class=\"elementor-element elementor-element-1d5d744 elementor-widget elementor-widget-text-editor\" data-id=\"1d5d744\" data-element_type=\"widget\" data-widget_type=\"text-editor.default\">\n\t\t\t\t<div class=\"elementor-widget-container\">\n\t\t\t\t\t\t\t<p><span style=\"color: #000000;\"><strong>\u0425\u0435\u043c\u043e\u0434\u0438\u0458\u0430\u043b\u0438\u0437\u0430\u00a0\u00a0\u00a0\u00a0<\/strong><\/span><\/p><p><span style=\"color: #000000;\">\u0423 \u0442\u0435\u0440\u043c\u0438\u043d\u0430\u043b\u043d\u043e\u0458 \u0444\u0430\u0437\u0438 \u0431\u0443\u0431\u0440\u0435\u0436\u043d\u0435 \u0438\u043d\u0441\u0443\u0444\u0438\u0446\u0438\u0458\u0435\u043d\u0446\u0438\u0458\u0435, \u0443\u0437\u0440\u043e\u043a\u043e\u0432\u0430\u043d\u0435 \u043e\u0441\u043d\u043e\u0432\u043d\u043e\u043c \u0431\u043e\u043b\u0435\u0448\u045b\u0443, \u0458\u0430\u0432\u0459\u0430 \u0441\u0435 \u043f\u043e\u0442\u0440\u0435\u0431\u0430 \u0437\u0430 \u043d\u0435\u043a\u043e\u043c \u043e\u0434 \u043c\u0435\u0442\u043e\u0434\u0435 \u0437\u0430\u043c\u0435\u043d\u0435 \u0431\u0443\u0431\u0440\u0435\u0436\u043d\u0435 \u0444\u0443\u043d\u043a\u0446\u0438\u0458\u0435 \u2013 \u0434\u0438\u0458\u0430\u043b\u0438\u0437\u043e\u043c ( \u0425\u0435\u043c\u043e\u0434\u0438\u0458\u0430\u043b\u0438\u0437\u043e\u043c, \u041f\u0435\u0440\u0438\u0442\u043e\u043d\u0435\u0430\u043b\u043d\u043e\u043c \u0434\u0438\u0458\u0430\u043b\u0438\u0437\u043e\u043c) \u0438\u043b\u0438 \u0442\u0440\u0430\u043d\u0441\u043f\u043b\u0430\u0442\u0430\u0446\u0438\u0458\u043e\u043c \u0431\u0443\u0431\u0440\u0435\u0433\u0430.\u00a0<\/span><\/p><p><span style=\"color: #000000;\">\u0425\u0440\u043e\u043d\u0438\u0447\u043d\u0438 \u043f\u0440\u043e\u0433\u0440\u0430\u043c \u0434\u0438\u0458\u0430\u043b\u0438\u0437\u0435 \u043f\u043e\u0434\u0440\u0430\u0437\u0443\u043c\u0435\u0432\u0430 \u043b\u0435\u0447\u0435\u045a\u0435 \u0431\u043e\u043b\u0435\u0441\u043d\u0438\u043a\u0430 \u0441\u0430 \u0442\u0435\u0440\u043c\u043d\u0430\u043b\u043d\u043e\u043c \u0431\u0443\u0431\u0440\u0435\u0436\u043d\u043e\u043c \u0438\u043d\u0441\u0443\u0444\u0438\u0446\u0438\u0458\u0435\u043d\u0446\u0438\u0458\u043e\u043c, \u0440\u0435\u0434\u043e\u0432\u043d\u0438\u043c \u043f\u043e\u043d\u043e\u0432\u0459\u0435\u043d\u0438\u043c \u043f\u043e\u0441\u0442\u0443\u043f\u0446\u0438\u043c\u0430 \u0434\u0438\u0458\u0430\u043b\u0438\u0437\u0435.<\/span><br \/><span style=\"color: #000000;\">Dom Zdravlja Svilajnac poseduje slu\u017ebu za Hemodijalizu osnovana 30.11.2011. god<\/span><\/p><p><span style=\"color: #000000;\">\u0420\u0430\u0434 \u0421\u043b\u0443\u0436\u0431\u0435 \u043e\u0440\u0433\u0430\u043d\u0438\u0437\u043e\u0432\u0430\u043d \u0443 \u043f\u0440\u0435\u043f\u043e\u0434\u043d\u0435\u0432\u043d\u043e\u0458 \u0441\u043c\u0435\u043d\u0438, \u0443 \u0441\u043a\u043b\u0430\u0434\u0443 \u043f\u0440\u0435\u043c\u0430 \u043e\u0440\u0433\u0430\u043d\u0438\u0437\u0430\u0446\u0438\u0458\u0438 \u0438 \u043f\u043e\u0442\u0440\u0435\u0431\u0430\u043c\u0430 \u0441\u043b\u0443\u0436\u0431\u0435 \u0438 \u0443 \u043f\u043e\u043f\u043e\u0434\u043d\u0435\u0432\u043d\u043e\u0458 \u0441\u043c\u0435\u043d\u0438.\u00a0<\/span><\/p><p><img decoding=\"async\" loading=\"lazy\" class=\"alignnone size-medium wp-image-4368\" src=\"https:\/\/dz.smartnetmedia.rs\/wp-content\/uploads\/2022\/04\/STE_HEM5-300x225.jpg\" alt=\"\" width=\"300\" height=\"225\" srcset=\"https:\/\/dzsvilajnac.com\/wp-content\/uploads\/2022\/04\/STE_HEM5-300x225.jpg 300w, https:\/\/dzsvilajnac.com\/wp-content\/uploads\/2022\/04\/STE_HEM5-1024x768.jpg 1024w, https:\/\/dzsvilajnac.com\/wp-content\/uploads\/2022\/04\/STE_HEM5-768x576.jpg 768w, https:\/\/dzsvilajnac.com\/wp-content\/uploads\/2022\/04\/STE_HEM5.jpg 1440w\" sizes=\"(max-width: 300px) 100vw, 300px\" \/> <img decoding=\"async\" loading=\"lazy\" class=\"alignnone size-medium wp-image-4365\" src=\"https:\/\/dz.smartnetmedia.rs\/wp-content\/uploads\/2022\/04\/STE_HEM2-300x225.jpg\" alt=\"\" width=\"300\" height=\"225\" srcset=\"https:\/\/dzsvilajnac.com\/wp-content\/uploads\/2022\/04\/STE_HEM2-300x225.jpg 300w, https:\/\/dzsvilajnac.com\/wp-content\/uploads\/2022\/04\/STE_HEM2-1024x768.jpg 1024w, https:\/\/dzsvilajnac.com\/wp-content\/uploads\/2022\/04\/STE_HEM2-768x576.jpg 768w, https:\/\/dzsvilajnac.com\/wp-content\/uploads\/2022\/04\/STE_HEM2.jpg 1440w\" sizes=\"(max-width: 300px) 100vw, 300px\" \/><\/p><p><span style=\"color: #000000;\">\u0410\u043a\u0442\u0443\u0435\u043b\u043d\u043e \u0440\u0430\u0441\u043f\u043e\u043b\u0430\u0436\u0435\u043c\u043e \u043a\u0430\u043f\u0430\u0446\u0438\u0442\u0435\u0442\u043e\u043c 10\u00a0 \u0425\u0414 \u041d\u0438\u043a\u043a\u0438\u0441\u043e \u0430\u043f\u0430\u0440\u0430\u0442\u0430 \u0440\u0430\u0441\u043f\u043e\u0440\u0435\u0452\u0435\u043d\u0438\u043c \u0443 \u0447\u0435\u0442\u0438\u0440\u0438 \u0441\u0430\u043b\u0435 .\u00a0<\/span><\/p><p><span style=\"color: #000000;\">\u0423 \u043d\u0430\u0458\u0432\u0435\u045b\u0435\u043c \u0431\u0440\u043e\u0458\u0443 \u0441\u043b\u0443\u0447\u0430\u0458\u0435\u0432\u0430 \u043d\u0430 \u0434\u0438\u0458\u0430\u043b\u0438\u0437\u0438 \u043f\u0440\u043e\u0432\u043e\u0434\u0435 3 \u043f\u0443\u0442\u0430 \u043d\u0435\u0434\u0435\u043b\u043d\u043e \u0443 \u0442\u0440\u0430\u0458\u0430\u045a\u0443 4-5\u0445.\u00a0<\/span><\/p><p><span style=\"color: #000000;\">\u0421\u0442\u0440\u0443\u0447\u043d\u0443 \u043f\u043e\u043c\u043e\u045b , \u0435\u0434\u0443\u043a\u0430\u0446\u0438\u0458\u0443 \u0438 \u043f\u043e\u0434\u0440\u0448\u043a\u0443 \u043b\u0435\u0447\u0435\u045a\u0443 \u0431\u043e\u043b\u0435\u0441\u043d\u0438\u043a\u0430 \u0441\u0430 \u043f\u043e\u0434\u0440\u0443\u0447\u0458\u0430 \u043e\u043f\u0448\u0442\u0438\u043d\u0435 \u0421\u0432\u0438\u043b\u0430\u0458\u043d\u0430\u0446 \u043f\u0440\u0443\u0436\u0430 \u0442\u0438\u043c \u043e\u0434 \u0442\u0440\u0438 \u043b\u0435\u043a\u0430\u0440\u0430, \u0448\u0435\u0441\u0442 \u043c\u0435\u0434\u0438\u0446\u0438\u043d\u0441\u043a\u0438\u0445 \u0442\u0435\u0445\u043d\u0438\u0447\u0430\u0440\u0430, 2 \u0435\u043b\u0435\u043a\u0442\u0440\u043e\u043d\u0438\u0447\u0430\u0440\u0430, \u043d\u0443\u0442\u0440\u0438\u0446\u0438\u043e\u043d\u0438\u0441\u0442\u0435.<\/span><\/p><p><strong><span style=\"color: #000000;\">\u0417\u0430\u043f\u043e\u0441\u043b\u0435\u043d\u0438<\/span><\/strong><\/p><p><span style=\"color: #000000;\">\u0434\u0440 \u0413\u043e\u0440\u0438\u0446\u0430 \u0414\u0438\u043c\u0447\u0438\u045b \u0422\u0430\u0441\u0438\u045b \u0441\u043f\u0435\u0446 \u0438\u043d\u0442\u0435\u0440\u043d\u0435 \u043c\u0435\u0434\u0438\u0446\u0438\u043d\u0435 \u043d\u0430\u0447\u0435\u043b\u043d\u0438\u043a \u0438\u043d\u0442\u0435\u0440\u043d\u0438\u0441\u0442\u0438\u0447\u043a\u0435 \u0441\u043b\u0443\u0436\u0431\u0435<\/span><\/p><p><span style=\"color: #000000;\">\u0434\u0440 \u0421\u0430\u045a\u0430 \u0422\u0440\u0438\u0448\u0438\u045b \u0441\u043f\u0435\u0446 \u0438\u043d\u0442\u0435\u0440\u043d\u0435 \u043c\u0435\u0434\u0438\u0446\u0438\u043d\u0435\u00a0<\/span><\/p><p><span style=\"color: #000000;\">\u0434\u0440 \u0408\u0430\u0441\u043d\u0430 \u041c\u0438\u043b\u043e\u0441\u0430\u0432\u0459\u0435\u0432\u0438\u045b \u0434\u0435\u0436\u0443\u0440\u043d\u0438 \u043b\u0435\u043a\u0430\u0440<\/span><\/p><p><span style=\"color: #000000;\">\u0414\u0443\u0448\u0430\u043d \u0421\u0442\u0435\u0432\u0430\u043d\u043e\u0432\u0438\u045b \u0433\u043b\u0430\u0432\u043d\u0438 \u0442\u0435\u0445\u043d\u0438\u0447\u0430\u0440\u00a0<\/span><\/p><p><span style=\"color: #000000;\">\u041a\u043e\u043d\u0442\u0430\u043a \u0442\u0435\u043b\u0435\u0444\u043e\u043d 062 657282<\/span><\/p><p><span style=\"color: #000000;\">\u043c\u0435\u0458\u043b \u0430\u0434\u0440\u0435\u0441\u0430\u00a0<a style=\"color: #000000;\" href=\"mailto:hddzsv@gmail.com\">hddzsv@gmail.com<\/a><\/span><\/p>\t\t\t\t\t\t<\/div>\n\t\t\t\t<\/div>\n\t\t\t\t<div class=\"elementor-element elementor-element-0ed628a gallery-spacing-custom elementor-widget elementor-widget-image-gallery\" data-id=\"0ed628a\" data-element_type=\"widget\" data-widget_type=\"image-gallery.default\">\n\t\t\t\t<div class=\"elementor-widget-container\">\n\t\t\t\t\t<div class=\"elementor-image-gallery\">\n\t\t\t\n\t\t\t<style type='text\/css'>\n\t\t\t\t#gallery-1 {\n\t\t\t\t\tmargin: auto;\n\t\t\t\t}\n\t\t\t\t#gallery-1 .gallery-item {\n\t\t\t\t\tfloat: left;\n\t\t\t\t\tmargin-top: 10px;\n\t\t\t\t\ttext-align: center;\n\t\t\t\t\twidth: 25%;\n\t\t\t\t}\n\t\t\t\t#gallery-1 img {\n\t\t\t\t\tborder: 2px solid #cfcfcf;\n\t\t\t\t}\n\t\t\t\t#gallery-1 .gallery-caption {\n\t\t\t\t\tmargin-left: 0;\n\t\t\t\t}\n\t\t\t\t\/* see gallery_shortcode() in wp-includes\/media.php *\/\n\t\t\t<\/style>\n\t\t<div id='gallery-1' class='dt-gallery-container gallery galleryid-4198 gallery-columns-4 gallery-size-medium_large'><dl class='gallery-item'>\n\t\t\t\t<dt class='gallery-icon portrait'>\n\t\t\t\t\t<a class=\"rollover rollover-zoom dt-pswp-item\" title=\"STE_HEM1\" data-dt-img-description=\"\" data-large_image_width=\"1080\" data-large_image_height=\"1439\" href='https:\/\/dzsvilajnac.com\/wp-content\/uploads\/2022\/04\/STE_HEM1.jpg'><img width=\"768\" height=\"1023\" src=\"https:\/\/dzsvilajnac.com\/wp-content\/uploads\/2022\/04\/STE_HEM1-768x1023.jpg\" class=\"attachment-medium_large size-medium_large\" alt=\"\" decoding=\"async\" loading=\"lazy\" srcset=\"https:\/\/dzsvilajnac.com\/wp-content\/uploads\/2022\/04\/STE_HEM1-768x1023.jpg 768w, https:\/\/dzsvilajnac.com\/wp-content\/uploads\/2022\/04\/STE_HEM1-225x300.jpg 225w, https:\/\/dzsvilajnac.com\/wp-content\/uploads\/2022\/04\/STE_HEM1-769x1024.jpg 769w, https:\/\/dzsvilajnac.com\/wp-content\/uploads\/2022\/04\/STE_HEM1.jpg 1080w\" sizes=\"(max-width: 768px) 100vw, 768px\" \/><\/a>\n\t\t\t\t<\/dt><\/dl><dl class='gallery-item'>\n\t\t\t\t<dt class='gallery-icon portrait'>\n\t\t\t\t\t<a class=\"rollover rollover-zoom dt-pswp-item\" title=\"STE_HEM3\" data-dt-img-description=\"\" data-large_image_width=\"1080\" data-large_image_height=\"1440\" href='https:\/\/dzsvilajnac.com\/wp-content\/uploads\/2022\/04\/STE_HEM3.jpg'><img width=\"768\" height=\"1024\" src=\"https:\/\/dzsvilajnac.com\/wp-content\/uploads\/2022\/04\/STE_HEM3-768x1024.jpg\" class=\"attachment-medium_large size-medium_large\" alt=\"\" decoding=\"async\" loading=\"lazy\" srcset=\"https:\/\/dzsvilajnac.com\/wp-content\/uploads\/2022\/04\/STE_HEM3-768x1024.jpg 768w, https:\/\/dzsvilajnac.com\/wp-content\/uploads\/2022\/04\/STE_HEM3-225x300.jpg 225w, https:\/\/dzsvilajnac.com\/wp-content\/uploads\/2022\/04\/STE_HEM3.jpg 1080w\" sizes=\"(max-width: 768px) 100vw, 768px\" \/><\/a>\n\t\t\t\t<\/dt><\/dl><dl class='gallery-item'>\n\t\t\t\t<dt class='gallery-icon portrait'>\n\t\t\t\t\t<a class=\"rollover rollover-zoom dt-pswp-item\" title=\"STE_HEM4\" data-dt-img-description=\"\" data-large_image_width=\"1080\" data-large_image_height=\"1440\" href='https:\/\/dzsvilajnac.com\/wp-content\/uploads\/2022\/04\/STE_HEM4.jpg'><img width=\"768\" height=\"1024\" src=\"https:\/\/dzsvilajnac.com\/wp-content\/uploads\/2022\/04\/STE_HEM4-768x1024.jpg\" class=\"attachment-medium_large size-medium_large\" alt=\"\" decoding=\"async\" loading=\"lazy\" srcset=\"https:\/\/dzsvilajnac.com\/wp-content\/uploads\/2022\/04\/STE_HEM4-768x1024.jpg 768w, https:\/\/dzsvilajnac.com\/wp-content\/uploads\/2022\/04\/STE_HEM4-225x300.jpg 225w, https:\/\/dzsvilajnac.com\/wp-content\/uploads\/2022\/04\/STE_HEM4.jpg 1080w\" sizes=\"(max-width: 768px) 100vw, 768px\" \/><\/a>\n\t\t\t\t<\/dt><\/dl>\n\t\t\t\t<br style='clear: both' \/>\n\t\t\t<\/div>\n\t\t<\/div>\n\t\t\t\t<\/div>\n\t\t\t\t<\/div>\n\t\t\t\t\t<\/div>\n\t\t<\/div>\n\t\t\t\t\t\t\t<\/div>\n\t\t<\/section>\n\t\t\t\t\t\t\t<\/div>","protected":false},"excerpt":{"rendered":"<p>Hemodijaliza\u00a0\u00a0\u00a0\u00a0 U terminalnoj fazi bubre\u017ene insuficijencije, uzrokovane osnovnom bole\u0161\u0107u, javlja se potreba za nekom od metode zamene bubre\u017ene funkcije &#8211; dijalizom ( Hemodijalizom, Peritonealnom dijalizom) ili transplatacijom bubrega.\u00a0 Hroni\u010dni program dijalize podrazumeva le\u010denje bolesnika sa termnalnom bubre\u017enom insuficijencijom, redovnim ponovljenim postupcima dijalize.Dom Zdravlja Svilajnac poseduje slu\u017ebu za Hemodijalizu osnovana 30.11.2011. god Rad Slu\u017ebe organizovan u&hellip;<\/p>","protected":false},"author":1,"featured_media":0,"parent":0,"menu_order":0,"comment_status":"closed","ping_status":"closed","template":"","meta":[],"_links":{"self":[{"href":"https:\/\/dzsvilajnac.com\/cir\/wp-json\/wp\/v2\/pages\/4198"}],"collection":[{"href":"https:\/\/dzsvilajnac.com\/cir\/wp-json\/wp\/v2\/pages"}],"about":[{"href":"https:\/\/dzsvilajnac.com\/cir\/wp-json\/wp\/v2\/types\/page"}],"author":[{"embeddable":true,"href":"https:\/\/dzsvilajnac.com\/cir\/wp-json\/wp\/v2\/users\/1"}],"replies":[{"embeddable":true,"href":"https:\/\/dzsvilajnac.com\/cir\/wp-json\/wp\/v2\/comments?post=4198"}],"version-history":[{"count":10,"href":"https:\/\/dzsvilajnac.com\/cir\/wp-json\/wp\/v2\/pages\/4198\/revisions"}],"predecessor-version":[{"id":4525,"href":"https:\/\/dzsvilajnac.com\/cir\/wp-json\/wp\/v2\/pages\/4198\/revisions\/4525"}],"wp:attachment":[{"href":"https:\/\/dzsvilajnac.com\/cir\/wp-json\/wp\/v2\/media?parent=4198"}],"curies":[{"name":"wp","href":"https:\/\/api.w.org\/{rel}","templated":true}]}}