{"id":4193,"date":"2022-04-05T14:33:46","date_gmt":"2022-04-05T12:33:46","guid":{"rendered":"https:\/\/dz.smartnetmedia.rs\/?page_id=4193"},"modified":"2025-02-25T09:06:56","modified_gmt":"2025-02-25T08:06:56","slug":"elementor-4193","status":"publish","type":"page","link":"https:\/\/dzsvilajnac.com\/cir\/elementor-4193\/","title":{"rendered":"\u0413\u0438\u043d\u0435\u043a\u043e\u043b\u043e\u0448\u043a\u0430 \u0441\u043b\u0443\u0436\u0431\u0430"},"content":{"rendered":"<div data-elementor-type=\"wp-page\" data-elementor-id=\"4193\" class=\"elementor elementor-4193\">\n\t\t\t\t\t\t\t\t\t<section class=\"elementor-section elementor-top-section elementor-element elementor-element-b6356b0 elementor-section-boxed elementor-section-height-default elementor-section-height-default\" data-id=\"b6356b0\" data-element_type=\"section\">\n\t\t\t\t\t\t<div class=\"elementor-container elementor-column-gap-default\">\n\t\t\t\t\t<div class=\"elementor-column elementor-col-100 elementor-top-column elementor-element elementor-element-e402c52\" data-id=\"e402c52\" data-element_type=\"column\">\n\t\t\t<div class=\"elementor-widget-wrap elementor-element-populated\">\n\t\t\t\t\t\t\t\t<div class=\"elementor-element elementor-element-96812f8 elementor-widget elementor-widget-text-editor\" data-id=\"96812f8\" data-element_type=\"widget\" data-widget_type=\"text-editor.default\">\n\t\t\t\t<div class=\"elementor-widget-container\">\n\t\t\t\t\t\t\t<p><span style=\"color: #000000;\">\u00a0\u00a0\u00a0 \u00a0\u0421\u043b\u0443\u0436\u0431\u0430 \u0437\u0430 \u0437\u0434\u0440\u0430\u0432\u0441\u0442\u0432\u0435\u043d\u0443 \u0437\u0430\u0448\u0442\u0438\u0442\u0443 \u0436\u0435\u043d\u0430 \u043e\u0431\u0435\u0437\u0431\u0435\u0452\u0443\u0458\u0435 \u043f\u043e\u0442\u043f\u0443\u043d\u0443 \u0437\u0434\u0440\u0430\u0432\u0441\u0442\u0432\u0435\u043d\u0443 \u0437\u0430\u0448\u0442\u0438\u0442\u0443 \u0436\u0435\u043d\u0430 \u043e\u043f\u0448\u0442\u0438\u043d\u0435 \u0421\u0432\u0438\u043b\u0430\u0458\u043d\u0430\u0446. \u0421\u0432\u043e\u0458\u0443 \u0434\u0435\u043b\u0430\u0442\u043d\u043e\u0441\u0442 \u043e\u0431\u0430\u0432\u0459\u0430 \u043f\u0443\u0442\u0435\u043c \u043f\u0440\u0435\u0432\u0435\u043d\u0442\u0438\u0432\u043d\u043e\u0433 \u0438 \u043a\u0443\u0440\u0430\u0442\u0438\u0432\u043d\u043e\u0433 \u0440\u0430\u0434\u0430, \u043a\u0440\u043e\u0437 \u0440\u0430\u043d\u0443 \u0434\u0438\u0458\u0430\u0433\u043d\u043e\u0441\u0442\u0438\u043a\u0443, \u0442\u0435\u0440\u0430\u043f\u0438\u0458\u0443 \u0438 \u043a\u043e\u043d\u0442\u0438\u043d\u0443\u0438\u0440\u0430\u043d\u0438 \u0437\u0434\u0440\u0430\u0432\u0441\u0442\u0432\u0435\u043d\u043e \u0432\u0430\u0441\u043f\u0438\u0442\u043d\u0438 \u0440\u0430\u0434.<\/span><\/p><p><span style=\"color: #000000;\">\u00a0\u00a0\u00a0\u00a0\u00a0\u00a0\u00a0\u00a0\u00a0 \u00a0\u00a0\u00a0\u00a0\u00a0\u00a0\u00a0\u00a0\u00a0\u00a0\u00a0\u00a0<strong>\u00a0\u00a0<em><u>\u00a0\u0423 \u043e\u043a\u0432\u0438\u0440\u0443 \u0441\u043b\u0443\u0436\u0431\u0435 \u043f\u043e\u0441\u0442\u043e\u0458\u0435 \u0441\u043b\u0435\u0434\u0435\u045b\u0430 \u0441\u0430\u0432\u0435\u0442\u043e\u0432\u0430\u043b\u0438\u0448\u0442\u0430: <\/u><\/em><\/strong><\/span><\/p><p><strong><span style=\"color: #000000;\"><em>\u0421\u0430\u0432\u0435\u0442\u043e\u0432\u0430\u043b\u0438\u0448\u0442\u0435 \u0437\u0430 \u0442\u0440\u0443\u0434\u043d\u0438\u0446\u0435 <\/em><\/span><\/strong><\/p><ul><li><span style=\"color: #000000;\">\u043f\u0440\u0432\u0438 \u043f\u0440\u0435\u0433\u043b\u0435\u0434 \u0443 \u043f\u0440\u0432\u043e\u043c \u0442\u0440\u0438\u043c\u0435\u0441\u0442\u0440\u0443 \u0442\u0440\u0443\u0434\u043d\u043e\u045b\u0435 (\u0443\u0442\u0432\u0440\u0452\u0438\u0432\u0430\u045a\u0435 \u0442\u0440\u0443\u0434\u043d\u043e\u045b\u0435, \u0441\u0438\u0441\u0442\u0435\u043c\u0430\u0442\u0441\u043a\u0438 \u043f\u0440\u0435\u0433\u043b\u0435\u0434, \u043a\u043e\u043b\u043f\u043e\u0441\u043a\u043e\u043f\u0438\u0458\u0430, \u0412\u0421 \u043d\u0430 \u041f\u0410)<\/span><\/li><li><span style=\"color: #000000;\">\u0443\u043f\u043e\u0437\u043d\u0430\u0432\u0430\u045a\u0435 \u0441\u0430 \u043d\u0435\u0438\u043d\u0432\u0430\u0437\u0438\u0432\u043d\u0438\u043c \u043f\u0440\u0435\u043d\u0430\u0442\u0430\u043b\u043d\u0438\u043c \u0442\u0435\u0441\u0442\u043e\u0432\u0438\u043c\u0430<\/span><\/li><li><span style=\"color: #000000;\">\u043a\u043e\u043d\u0442\u0440\u043e\u043b\u043d\u0438 \u043b\u0435\u043a\u0430\u0440\u0441\u043a\u0438 \u043f\u0440\u0435\u0433\u043b\u0435\u0434\u0438 \u0443 \u0442\u0440\u0443\u0434\u043d\u043e\u045b\u0438, \u0443\u043b\u0442\u0440\u0430\u0437\u0432\u0443\u0447\u043d\u0438 \u043f\u0440\u0435\u0433\u043b\u0435\u0434\u0438<\/span><\/li><li><span style=\"color: #000000;\">\u043f\u0440\u0430\u045b\u0435\u045a\u0435 \u0440\u0438\u0437\u0438\u0447\u043d\u0438\u0445 \u0442\u0440\u0443\u0434\u043d\u043e\u045b\u0430<\/span><\/li><li><span style=\"color: #000000;\">\u0446\u0442\u0433 \u043c\u043e\u043d\u0438\u0442\u043e\u0440\u043d\u0438\u043d\u0433<\/span><\/li><li><span style=\"color: #000000;\">\u043f\u0440\u0435\u0433\u043b\u0435\u0434\u0438 \u043f\u043e \u043f\u043e\u0440\u043e\u0452\u0430\u0458\u0443 (\u043f\u043e\u0441\u043b\u0435 \u0448\u0435\u0441\u0442 \u043d\u0435\u0434\u0435\u0459\u0430 \u0438 \u0448\u0435\u0441\u0442 \u043c\u0435\u0441\u0435\u0446\u0438)<\/span><\/li><li><span style=\"color: #000000;\">\u043f\u0430\u0442\u0440\u043e\u043d\u0430\u0436\u043d\u0435 \u043f\u043e\u0441\u0435\u0442\u0435 \u0442\u0440\u0443\u0434\u043d\u0438\u0446\u0438, \u0431\u0430\u0431\u0438\u045a\u0430\u0440\u0438 \u0438 \u043d\u043e\u0432\u043e\u0440\u043e\u0452\u0435\u043d\u0447\u0435\u0442\u0443<\/span><\/li><\/ul><p><strong><span style=\"color: #000000;\">\u00a0\u00a0\u00a0 <em>\u0421\u0430\u0432\u0435\u0442\u043e\u0432\u0430\u043b\u0438\u0448\u0442\u0435 \u0437\u0430 \u043a\u043e\u043d\u0442\u0440\u0430\u0446\u0435\u043f\u0446\u0438\u0458\u0443<\/em><\/span><\/strong><\/p><p><span style=\"color: #000000;\"><em>\u00a0<\/em><\/span><\/p><ul><li><span style=\"color: #000000;\">\u043f\u0440\u0432\u0438 \u043f\u0440\u0435\u0433\u043b\u0435\u0434<\/span><\/li><li><span style=\"color: #000000;\">\u0438\u0437\u0431\u043e\u0440 \u0438 \u043f\u0440\u0438\u043c\u0435\u043d\u0430 \u043e\u0434\u0433\u043e\u0432\u0430\u0440\u0430\u0458\u0443\u045b\u0435\u0433 \u043a\u043e\u043d\u0442\u0440\u0430\u0446\u0435\u043f\u0442\u0438\u0432\u043d\u043e\u0433 \u0441\u0440\u0435\u0434\u0441\u0442\u0430\u0432\u0430<\/span><\/li><li><span style=\"color: #000000;\">\u043a\u043e\u043d\u0442\u0440\u043e\u043b\u043d\u0438 \u043f\u0440\u0435\u0433\u043b\u0435\u0434\u0438 \u0432\u0435\u0437\u0430\u043d\u0438 \u0437\u0430 \u043f\u0440\u0438\u043c\u0435\u045a\u0435\u043d\u043e \u043a\u043e\u043d\u0442\u0440\u0430\u0446\u0435\u043f\u0442\u0438\u0432\u043d\u043e \u0441\u0440\u0435\u0434\u0441\u0442\u0432\u043e, \u043d\u0430\u0434\u0437\u043e\u0440<\/span><\/li><\/ul><p><span style=\"color: #000000;\">\u00a0\u00a0\u00a0\u00a0\u00a0\u00a0\u00a0\u00a0\u00a0\u00a0\u00a0\u00a0\u00a0\u00a0\u00a0\u00a0\u00a0<strong>\u00a0\u00a0\u00a0\u00a0 <em>\u0421\u0430\u0432\u0435\u0442\u043e\u0432\u0430\u043b\u0438\u0448\u0442\u0435 \u0437\u0430 \u0441\u0442\u0435\u0440\u0438\u043b\u0438\u0442\u0435\u0442 \u0438 \u043f\u043b\u0430\u043d\u0438\u0440\u0430\u045a\u0435 \u043f\u043e\u0440\u043e\u0434\u0438\u0446\u0435<\/em><\/strong><\/span><\/p><p><span style=\"color: #000000;\"><em>\u00a0<\/em><\/span><\/p><ul><li><span style=\"color: #000000;\">\u043f\u0440\u0432\u0438 \u043f\u0440\u0435\u0433\u043b\u0435\u0434 (\u0441\u0438\u0441\u0442\u0435\u043c\u0430\u0442\u0441\u043a\u0438 \u043f\u0440\u0435\u0433\u043b\u0435\u0434 \u0443\u0437 \u043e\u0442\u043a\u0440\u0438\u0432\u0430\u045a\u0435 \u0444\u0430\u043a\u0442\u043e\u0440\u0430 \u043a\u043e\u0458\u0438 \u0434\u043e\u0432\u043e\u0434\u0435 \u0434\u043e \u043d\u0435\u043c\u043e\u0433\u0443\u045b\u043d\u043e\u0441\u0442\u0438 \u0437\u0430\u0447\u0435\u045b\u0430)<\/span><\/li><li><span style=\"color: #000000;\">\u043a\u043e\u043d\u0442\u0440\u043e\u043b\u043d\u0438 \u043f\u0440\u0435\u0433\u043b\u0435\u0434\u0438 \u043d\u0430 \u043e\u0442\u043a\u0440\u0438\u0432\u0430\u045a\u0443 \u0438 \u0443\u043a\u043b\u0430\u045a\u0430\u045a\u0443 \u0444\u0430\u043a\u0442\u043e\u0440\u0430 \u043a\u043e\u0458\u0438 \u0434\u043e\u0432\u043e\u0434\u0435 \u0434\u043e \u043d\u0435\u043c\u043e\u0433\u0443\u045b\u043d\u043e\u0441\u0442\u0438 \u0437\u0430\u0447\u0435\u045b\u0430<\/span><\/li><li><span style=\"color: #000000;\">\u0443\u0437\u043e\u0440\u043a\u043e\u0432\u0430\u045a\u0435 \u0438 \u0441\u043b\u0430\u045a\u0435 \u043c\u0430\u0442\u0435\u0440\u0438\u0458\u0430\u043b\u0430 \u043d\u0430 \u043c\u0438\u043a\u0440\u043e\u0431\u0438\u043e\u043b\u043e\u0448\u043a\u0443 \u0430\u043d\u0430\u043b\u0438\u0442\u0438\u043a\u0443, \u043e\u0441\u043d\u043e\u0432\u043d\u0443 \u0430\u043b\u0438 \u0438 \u0446\u0438\u0459\u0430\u043d\u0443 \u0443 \u043a\u043e\u043d\u0442\u0435\u0441\u0442\u0443 \u043d\u0430\u0458\u043d\u043e\u0432\u0438\u0458\u0438\u0445 \u0438\u0441\u0442\u0440\u0430\u0436\u0438\u0432\u0430\u045a\u0430<\/span><\/li><\/ul><p><img decoding=\"async\" loading=\"lazy\" class=\"alignnone size-medium wp-image-4328\" src=\"https:\/\/dz.smartnetmedia.rs\/wp-content\/uploads\/2022\/04\/STE_G11-300x225.jpg\" alt=\"\" width=\"300\" height=\"225\" srcset=\"https:\/\/dzsvilajnac.com\/wp-content\/uploads\/2022\/04\/STE_G11-300x225.jpg 300w, https:\/\/dzsvilajnac.com\/wp-content\/uploads\/2022\/04\/STE_G11-1024x768.jpg 1024w, https:\/\/dzsvilajnac.com\/wp-content\/uploads\/2022\/04\/STE_G11-768x576.jpg 768w, https:\/\/dzsvilajnac.com\/wp-content\/uploads\/2022\/04\/STE_G11.jpg 1440w\" sizes=\"(max-width: 300px) 100vw, 300px\" \/> <img decoding=\"async\" loading=\"lazy\" class=\"alignnone size-medium wp-image-4329\" src=\"https:\/\/dz.smartnetmedia.rs\/wp-content\/uploads\/2022\/04\/STE_G12-300x225.jpg\" alt=\"\" width=\"300\" height=\"225\" srcset=\"https:\/\/dzsvilajnac.com\/wp-content\/uploads\/2022\/04\/STE_G12-300x225.jpg 300w, https:\/\/dzsvilajnac.com\/wp-content\/uploads\/2022\/04\/STE_G12-1024x768.jpg 1024w, https:\/\/dzsvilajnac.com\/wp-content\/uploads\/2022\/04\/STE_G12-768x576.jpg 768w, https:\/\/dzsvilajnac.com\/wp-content\/uploads\/2022\/04\/STE_G12.jpg 1440w\" sizes=\"(max-width: 300px) 100vw, 300px\" \/> <img decoding=\"async\" loading=\"lazy\" class=\"alignnone size-medium wp-image-4330\" src=\"https:\/\/dz.smartnetmedia.rs\/wp-content\/uploads\/2022\/04\/STE_G13-300x225.jpg\" alt=\"\" width=\"300\" height=\"225\" srcset=\"https:\/\/dzsvilajnac.com\/wp-content\/uploads\/2022\/04\/STE_G13-300x225.jpg 300w, https:\/\/dzsvilajnac.com\/wp-content\/uploads\/2022\/04\/STE_G13-1024x768.jpg 1024w, https:\/\/dzsvilajnac.com\/wp-content\/uploads\/2022\/04\/STE_G13-768x576.jpg 768w, https:\/\/dzsvilajnac.com\/wp-content\/uploads\/2022\/04\/STE_G13.jpg 1440w\" sizes=\"(max-width: 300px) 100vw, 300px\" \/><\/p><p><span style=\"color: #000000;\"><b>\u00a0\u00a0\u00a0 \u00a0\u00a0\u00a0\u00a0\u00a0\u00a0\u00a0\u00a0\u00a0\u00a0<em><u>\u0423 \u0441\u043b\u0443\u0436\u0431\u0438 \u0437\u0434\u0440\u0430\u0432\u0441\u0442\u0432\u0435\u043d\u0435 \u0437\u0430\u0448\u0442\u0438\u0442\u0435 \u0436\u0435\u043d\u0430 \u043c\u043e\u0433\u0443 \u0441\u0435 \u043e\u0431\u0430\u0432\u0438\u0442\u0438 \u0441\u043b\u0435\u0434\u0435\u045b\u0438 \u043f\u0440\u0435\u0433\u043b\u0435\u0434\u0438:<\/u><\/em><\/b><\/span><\/p><p><span style=\"color: #000000;\">\u00a0\u00a0\u00a0\u00a0\u00a0 <strong>\u041f\u0440\u0435\u0432\u0435\u043d\u0442\u0438\u0432\u043d\u0438 \u0433\u0438\u043d\u0435\u043a\u043e\u043b\u043e\u0448\u043a\u0438 \u043f\u0440\u0435\u0433\u043b\u0435\u0434 <\/strong>\u043a\u043e\u0458\u0438 \u043e\u0431\u0443\u0445\u0432\u0430\u0442\u0430: \u0433\u0438\u043d\u0435\u043a\u043e\u043b\u043e\u0448\u043a\u0438 \u043f\u0440\u0435\u0433\u043b\u0435\u0434, \u0443\u0437\u0438\u043c\u0430\u045a\u0435 \u041f\u0430\u043f\u0430\u043d\u0438\u043a\u043e\u043b\u0430\u0443 \u0431\u0440\u0438\u0441\u0430, \u043a\u043e\u043b\u043f\u043e\u0441\u043a\u043e\u043f\u0441\u043a\u0438 \u043f\u0440\u0435\u0433\u043b\u0435\u0434, \u043f\u0430\u043b\u043f\u0430\u0442\u043e\u0440\u043d\u0438 \u043f\u0440\u0435\u0433\u043b\u0435\u0434 \u0434\u043e\u0458\u043a\u0438 ( \u043f\u043e \u043f\u043e\u0442\u0440\u0435\u0431\u0438 \u0443\u043f\u0443\u045b\u0438\u0432\u0430\u045a\u0435 \u043d\u0430 \u0443\u043b\u0442\u0440\u0430\u0437\u0432\u0443\u0447\u043d\u0438 \u043f\u0440\u0435\u0433\u043b\u0435\u0434 \u0434\u043e\u0458\u043a\u0438, \u043c\u0430\u043c\u043e\u0433\u0440\u0430\u0444\u0438\u0458\u0443, \u041c\u041d\u0420).<\/span><\/p><ul><li><span style=\"color: #000000;\">\u0414\u0440 \u041c\u0438\u043b\u0430\u043d \u0412\u0443\u043a\u0447\u0435\u0432\u0438\u045b \u043f\u0435\u0442\u043a\u043e\u043c<\/span><\/li><li><span style=\"color: #000000;\">\u0414\u0440 \u041f\u0440\u0435\u0434\u0440\u0430\u0433 \u0417\u043b\u0430\u0442\u0430\u043d\u043e\u0432\u0438\u045b \u0443\u0442\u043e\u0440\u043a\u043e\u043c.<\/span><\/li><\/ul><p><span style=\"color: #000000;\">\u00a0\u00a0\u00a0 <strong>\u0426\u0438\u0459\u0430\u043d\u0438 \u0433\u0438\u043d\u0435\u043a\u043e\u043b\u043e\u0448\u043a\u0438 \u043f\u0440\u0435\u0433\u043b\u0435\u0434 <\/strong>\u043a\u043e\u0458\u0438 \u043e\u0431\u0443\u0445\u0432\u0430\u0442\u0430: \u0431\u0438\u043c\u0430\u043d\u0443\u0435\u043b\u043d\u0438 \u043f\u0440\u0435\u0433\u043b\u0435\u0434, \u0443\u0437\u0438\u043c\u0430\u045a\u0435 \u041f\u0430\u043f\u0430\u043d\u0438\u043a\u043e\u043b\u0430\u0443 \u0442\u0435\u0441\u0442\u0430, \u043c\u0438\u043a\u0440\u043e\u0431\u0438\u043e\u043b\u043e\u0448\u043a\u043e \u0438\u0441\u043f\u0438\u0442\u0438\u0432\u0430\u045a\u0435.<\/span><\/p><p><span style=\"color: #000000;\">\u00a0\u00a0\u00a0\u00a0 <strong>\u00a0\u0413\u0438\u043d\u0435\u043a\u043e\u043b\u043e\u0448\u043a\u0438 \u043f\u0440\u0435\u0433\u043b\u0435\u0434 \u0440\u0430\u0434\u0438 \u043b\u0435\u0447\u0435\u045a\u0430 <\/strong>\u043a\u043e\u0458\u0438 \u043e\u0431\u0443\u0445\u0432\u0430\u0442\u0430 \u0433\u0438\u043d\u0435\u043a\u043e\u043b\u043e\u0448\u043a\u0438 \u043f\u0440\u0435\u0433\u043b\u0435\u0434 \u0438 \u043e\u0441\u0442\u0430\u043b\u0435 \u043f\u0440\u0435\u0433\u043b\u0435\u0434\u0435 \u0446\u0438\u0459\u0430\u043d\u043e \u0438 \u0443 \u0441\u043a\u043b\u0430\u0434\u0443 \u0441\u0430 \u0442\u0435\u0433\u043e\u0431\u0430\u043c\u0430 \u0438 \u043f\u0440\u043e\u0446\u0435\u043d\u043e\u043c \u043b\u0435\u043a\u0430\u0440\u0430.<\/span><\/p><p><span style=\"color: #000000;\">\u00a0\u00a0\u00a0\u00a0\u00a0 <strong>\u041f\u0440\u0432\u0438 \u043f\u0440\u0435\u0433\u043b\u0435\u0434 \u0442\u0440\u0443\u0434\u043d\u0438\u0446\u0435 <\/strong>\u043a\u043e\u0458\u0438 \u043e\u0431\u0443\u0445\u0432\u0430\u0442\u0430 \u0443\u0442\u0432\u0440\u0452\u0438\u0432\u0430\u045a\u0435 \u0441\u0442\u0430\u0440\u043e\u0441\u0442\u0438 \u0442\u0440\u0443\u0434\u043d\u043e\u045b\u0435, \u043e\u0434\u0440\u0435\u0452\u0438\u0432\u0430\u045a\u0435 \u041e\u0422\u041f ( \u0432\u0435\u0440\u043e\u0432\u0430\u0442\u043d\u0438 \u0442\u0435\u0440\u043c\u0438\u043d \u043f\u043e\u0440\u043e\u0452\u0430\u0458\u0430), \u0443\u043f\u0443\u045b\u0438\u0432\u0430\u045a\u0435 \u043d\u0430 \u043b\u0430\u0431\u043e\u0440\u0430\u0442\u043e\u0440\u0438\u0458\u0441\u043a\u0435 \u0430\u043d\u0430\u043b\u0438\u0437\u0435 \u0438 \u0434\u0440\u0443\u0433\u043e<\/span><\/p><p><span style=\"color: #000000;\">\u00a0\u00a0\u00a0\u00a0 <strong>\u041a\u043e\u043d\u0442\u0440\u043e\u043b\u043d\u0438 \u043f\u0440\u0435\u0433\u043b\u0435\u0434 \u0442\u0440\u0443\u0434\u043d\u0438\u0446\u0435<\/strong> koji obuhvata kontrolu telesne te\u017eine i arterijskog krvnog pritiska, ultrazvu\u010dnu kontrolu, pra\u0107enje trudno\u0107e i stanje ploda<\/span><\/p><p><span style=\"color: #000000;\">\u00a0\u00a0\u00a0\u00a0 <strong>\u0414\u0438\u0458\u0430\u0433\u043d\u043e\u0441\u0442\u0438\u0447\u043a\u0438 \u0443\u043b\u0442\u0440\u0430\u0437\u0432\u0443\u0447\u043d\u0438 \u043f\u0440\u0435\u0433\u043b\u0435\u0434\u0438<\/strong> \u0442\u0440\u0430\u043d\u0441\u0430\u0431\u0434\u043e\u043c\u0438\u043d\u0430\u043b\u043d\u043e\u043c \u0438 \u0442\u0440\u0430\u043d\u0441\u0432\u0430\u0433\u0438\u043d\u0430\u043b\u043d\u043e\u043c \u0441\u043e\u043d\u0434\u043e\u043c \u043e\u0431\u0430\u0432\u0459\u0430\u0458\u0443 \u0441\u0435 \u0443 \u0434\u043e\u0433\u043e\u0432\u043e\u0440\u0443 \u0441\u0430 \u0438\u0437\u0430\u0431\u0440\u0430\u043d\u0438\u043c \u043b\u0435\u043a\u0430\u0440\u043e\u043c \u0441\u0432\u0430\u043a\u0438\u043c \u0440\u0430\u0434\u043d\u0438\u043c \u0434\u0430\u043d\u043e\u043c \u043e\u0441\u0438\u043c \u043f\u0435\u0442\u043a\u043e\u043c.<\/span><\/p><p><span style=\"color: #000000;\">\u0414\u0440 \u041c\u0438\u043b\u0430\u043d \u0412\u0443\u043a\u0447\u0435\u0432\u0438\u045b \u0443 \u043f\u0435\u0440\u0438\u043e\u0434\u0443 \u043e\u0434 10\u0447 \u2013 11\u0447, \u0414\u0440 \u041f\u0440\u0435\u0434\u0440\u0430\u0433 \u0417\u043b\u0430\u0442\u0430\u043d\u043e\u0432\u0438\u045b \u0443 \u043f\u0435\u0440\u0438\u043e\u0434\u0443 \u043e\u0434 11\u0447 \u2013 12\u0447.<\/span><\/p><ul><li><span style=\"color: #000000;\">Radno vreme slu\u017ebe za zdravstvenu za\u0161titu \u017eena je radnim danima od 07:00h \u2013 17:00h.<\/span><\/li><\/ul><ul><li><span style=\"color: #000000;\">\u0417\u0430\u043a\u0430\u0437\u0438\u0432\u0430\u045a\u0435 \u043f\u0440\u0435\u0433\u043b\u0435\u0434\u0430 \u0442\u0435\u043b\u0435\u0444\u043e\u043d\u0441\u043a\u0438\u043c \u043f\u0443\u0442\u0435\u043c \u043d\u0430 \u0431\u0440\u043e\u0458 062 657 209 \u0438\u043b\u0438 \u043b\u0438\u0447\u043d\u0438\u043c \u0434\u043e\u043b\u0430\u0441\u043a\u043e\u043c. \u0425\u0438\u0442\u043d\u0438 \u0441\u043b\u0443\u0447\u0430\u0458\u0435\u0432\u0438 \u0441\u0435 \u043f\u0440\u0438\u043c\u0430\u0458\u0443 \u043e\u0434\u043c\u0430\u0445 \u2013 \u0431\u0435\u0437 \u0437\u0430\u043a\u0430\u0437\u0438\u0432\u0430\u045a\u0430.<\/span><\/li><li>Zakazivanje skrininga grli\u0107a materice na broj 062\/657488<\/li><\/ul><p><span style=\"color: #000000;\">\u00a0 <em>\u00a0\u0417\u0430\u043f\u043e\u0441\u043b\u0435\u043d\u0438 \u0443 \u0441\u043b\u0443\u0436\u0431\u0438:<\/em><\/span><\/p><p><span style=\"color: #000000;\"><em>\u00a0<\/em><\/span><\/p><ul><li><span style=\"color: #000000;\">\u0414\u0440 \u041c\u0438\u043b\u0430\u043d \u0412\u0443\u043a\u0447\u0435\u0432\u0438\u045b, \u0441\u043f\u0435\u0446\u0438\u0458\u0430\u043b\u0438\u0441\u0442\u0430 \u0433\u0438\u043d\u0435\u043a\u043e\u043b\u043e\u0433\u0438\u0458\u0435 \u0438 \u0430\u043a\u0443\u0448\u0435\u0440\u0441\u0442\u0432\u0430, \u043d\u0430\u0447\u0435\u043b\u043d\u0438\u043a \u0441\u043b\u0443\u0436\u0431\u0435<\/span><\/li><li><span style=\"color: #000000;\">\u0414\u0440 \u041f\u0440\u0435\u0434\u0440\u0430\u0433 \u0417\u043b\u0430\u0442\u0430\u043d\u043e\u0432\u0438\u045b, \u0441\u043f\u0435\u0446\u0438\u0458\u0430\u043b\u0438\u0441\u0442\u0430 \u0433\u0438\u043d\u0435\u043a\u043e\u043b\u043e\u0433\u0438\u0458\u0435 \u0438 \u0430\u043a\u0443\u0448\u0435\u0440\u0441\u0442\u0432\u0430<\/span><\/li><li><span style=\"color: #000000;\">\u0408\u0435\u043b\u0435\u043d\u0430 \u041c\u0430\u0440\u0442\u0438\u045b, \u0441\u0442\u0440\u0443\u043a\u043e\u0432\u043d\u0430 \u043c\u0435\u0434\u0438\u0446\u0438\u043d\u0441\u043a\u0430 \u0441\u0435\u0441\u0442\u0440\u0430 \u0431\u0430\u0431\u0438\u0446\u0430, \u0433\u043b\u0430\u0432\u043d\u0430 \u0441\u0435\u0441\u0442\u0440\u0430<\/span><\/li><li><span style=\"color: #000000;\">\u0422\u0430\u0442\u0458\u0430\u043d\u0430 \u0414\u0435\u0441\u043f\u043e\u0442\u043e\u0432\u0438\u045b, \u0441\u0442\u0440\u0443\u043a\u043e\u0432\u043d\u0430 \u043c\u0435\u0434\u0438\u0446\u0438\u043d\u0441\u043a\u0430 \u0441\u0435\u0441\u0442\u0440\u0430 \u0431\u0430\u0431\u0438\u0446\u0430<\/span><\/li><li><span style=\"color: #000000;\">\u0422\u0430\u0442\u0458\u0430\u043d\u0430 \u041a\u043e\u0441\u0442\u0438\u045b, \u0441\u0442\u0440\u0443\u043a\u043e\u0432\u043d\u0430 \u043c\u0435\u0434\u0438\u0446\u0438\u043d\u0441\u043a\u0430 \u0441\u0435\u0441\u0442\u0440\u0430 \u0431\u0430\u0431\u0438\u0446\u0430<\/span><\/li><li><span style=\"color: #000000;\">\u0414\u0430\u043d\u0438\u0458\u0435\u043b\u0430 \u0413\u0430\u0440\u0430\u0448\u0435\u0432\u0438\u045b, \u0433\u0438\u043d\u0435\u043a\u043e\u043b\u043e\u0448\u043a\u043e \u0430\u043a\u0443\u0448\u0435\u0440\u0441\u043a\u0430 \u0441\u0435\u0441\u0442\u0430\u0440<\/span><\/li><\/ul><p><span style=\"color: #000000;\">\u041d\u0430\u0447\u0435\u043b\u043d\u0438\u043a \u0441\u043b\u0443\u0436\u0431\u0435:<\/span><\/p><p><span style=\"color: #000000;\">\u0414\u0440 \u041c\u0438\u043b\u0430\u043d \u0412\u0443\u043a\u0447\u0435\u0432\u0438\u045b<\/span><\/p>\t\t\t\t\t\t<\/div>\n\t\t\t\t<\/div>\n\t\t\t\t<div class=\"elementor-element elementor-element-05ea4f5 gallery-spacing-custom elementor-widget elementor-widget-image-gallery\" data-id=\"05ea4f5\" data-element_type=\"widget\" data-widget_type=\"image-gallery.default\">\n\t\t\t\t<div class=\"elementor-widget-container\">\n\t\t\t\t\t<div class=\"elementor-image-gallery\">\n\t\t\t\n\t\t\t<style type='text\/css'>\n\t\t\t\t#gallery-1 {\n\t\t\t\t\tmargin: auto;\n\t\t\t\t}\n\t\t\t\t#gallery-1 .gallery-item {\n\t\t\t\t\tfloat: left;\n\t\t\t\t\tmargin-top: 10px;\n\t\t\t\t\ttext-align: center;\n\t\t\t\t\twidth: 25%;\n\t\t\t\t}\n\t\t\t\t#gallery-1 img {\n\t\t\t\t\tborder: 2px solid #cfcfcf;\n\t\t\t\t}\n\t\t\t\t#gallery-1 .gallery-caption {\n\t\t\t\t\tmargin-left: 0;\n\t\t\t\t}\n\t\t\t\t\/* see gallery_shortcode() in wp-includes\/media.php *\/\n\t\t\t<\/style>\n\t\t<div id='gallery-1' class='dt-gallery-container gallery galleryid-4193 gallery-columns-4 gallery-size-medium_large'><dl class='gallery-item'>\n\t\t\t\t<dt class='gallery-icon landscape'>\n\t\t\t\t\t<a class=\"rollover rollover-zoom dt-pswp-item\" title=\"STE_G14\" data-dt-img-description=\"\" data-large_image_width=\"1440\" data-large_image_height=\"1080\" href='https:\/\/dzsvilajnac.com\/wp-content\/uploads\/2022\/04\/STE_G14.jpg'><img width=\"768\" height=\"576\" src=\"https:\/\/dzsvilajnac.com\/wp-content\/uploads\/2022\/04\/STE_G14-768x576.jpg\" class=\"attachment-medium_large size-medium_large\" alt=\"\" decoding=\"async\" loading=\"lazy\" srcset=\"https:\/\/dzsvilajnac.com\/wp-content\/uploads\/2022\/04\/STE_G14-768x576.jpg 768w, https:\/\/dzsvilajnac.com\/wp-content\/uploads\/2022\/04\/STE_G14-300x225.jpg 300w, https:\/\/dzsvilajnac.com\/wp-content\/uploads\/2022\/04\/STE_G14-1024x768.jpg 1024w, https:\/\/dzsvilajnac.com\/wp-content\/uploads\/2022\/04\/STE_G14.jpg 1440w\" sizes=\"(max-width: 768px) 100vw, 768px\" \/><\/a>\n\t\t\t\t<\/dt><\/dl><dl class='gallery-item'>\n\t\t\t\t<dt class='gallery-icon landscape'>\n\t\t\t\t\t<a class=\"rollover rollover-zoom dt-pswp-item\" title=\"STE_G15\" data-dt-img-description=\"\" data-large_image_width=\"1440\" data-large_image_height=\"1080\" href='https:\/\/dzsvilajnac.com\/wp-content\/uploads\/2022\/04\/STE_G15.jpg'><img width=\"768\" height=\"576\" src=\"https:\/\/dzsvilajnac.com\/wp-content\/uploads\/2022\/04\/STE_G15-768x576.jpg\" class=\"attachment-medium_large size-medium_large\" alt=\"\" decoding=\"async\" loading=\"lazy\" srcset=\"https:\/\/dzsvilajnac.com\/wp-content\/uploads\/2022\/04\/STE_G15-768x576.jpg 768w, https:\/\/dzsvilajnac.com\/wp-content\/uploads\/2022\/04\/STE_G15-300x225.jpg 300w, https:\/\/dzsvilajnac.com\/wp-content\/uploads\/2022\/04\/STE_G15-1024x768.jpg 1024w, https:\/\/dzsvilajnac.com\/wp-content\/uploads\/2022\/04\/STE_G15.jpg 1440w\" sizes=\"(max-width: 768px) 100vw, 768px\" \/><\/a>\n\t\t\t\t<\/dt><\/dl>\n\t\t\t\t<br style='clear: both' \/>\n\t\t\t<\/div>\n\t\t<\/div>\n\t\t\t\t<\/div>\n\t\t\t\t<\/div>\n\t\t\t\t\t<\/div>\n\t\t<\/div>\n\t\t\t\t\t\t\t<\/div>\n\t\t<\/section>\n\t\t\t\t\t\t\t<\/div>","protected":false},"excerpt":{"rendered":"<p>\u00a0\u00a0\u00a0 \u00a0Slu\u017eba za zdravstvenu za\u0161titu \u017eena obezbe\u0111uje potpunu zdravstvenu za\u0161titu \u017eena op\u0161tine Svilajnac. Svoju delatnost obavlja putem preventivnog i kurativnog rada, kroz ranu dijagnostiku, terapiju i kontinuirani zdravstveno vaspitni rad. \u00a0\u00a0\u00a0\u00a0\u00a0\u00a0\u00a0\u00a0\u00a0 \u00a0\u00a0\u00a0\u00a0\u00a0\u00a0\u00a0\u00a0\u00a0\u00a0\u00a0\u00a0\u00a0\u00a0\u00a0U okviru slu\u017ebe postoje slede\u0107a savetovali\u0161ta: Savetovali\u0161te za trudnice prvi pregled u prvom trimestru trudno\u0107e (utvr\u0111ivanje trudno\u0107e, sistematski pregled, kolposkopija, VS na PA) upoznavanje&hellip;<\/p>","protected":false},"author":1,"featured_media":0,"parent":0,"menu_order":0,"comment_status":"closed","ping_status":"closed","template":"","meta":[],"_links":{"self":[{"href":"https:\/\/dzsvilajnac.com\/cir\/wp-json\/wp\/v2\/pages\/4193"}],"collection":[{"href":"https:\/\/dzsvilajnac.com\/cir\/wp-json\/wp\/v2\/pages"}],"about":[{"href":"https:\/\/dzsvilajnac.com\/cir\/wp-json\/wp\/v2\/types\/page"}],"author":[{"embeddable":true,"href":"https:\/\/dzsvilajnac.com\/cir\/wp-json\/wp\/v2\/users\/1"}],"replies":[{"embeddable":true,"href":"https:\/\/dzsvilajnac.com\/cir\/wp-json\/wp\/v2\/comments?post=4193"}],"version-history":[{"count":17,"href":"https:\/\/dzsvilajnac.com\/cir\/wp-json\/wp\/v2\/pages\/4193\/revisions"}],"predecessor-version":[{"id":5104,"href":"https:\/\/dzsvilajnac.com\/cir\/wp-json\/wp\/v2\/pages\/4193\/revisions\/5104"}],"wp:attachment":[{"href":"https:\/\/dzsvilajnac.com\/cir\/wp-json\/wp\/v2\/media?parent=4193"}],"curies":[{"name":"wp","href":"https:\/\/api.w.org\/{rel}","templated":true}]}}