{"id":2,"date":"2022-04-05T11:43:34","date_gmt":"2022-04-05T09:43:34","guid":{"rendered":"https:\/\/dz.smartnetmedia.rs\/?page_id=2"},"modified":"2024-07-15T10:48:08","modified_gmt":"2024-07-15T08:48:08","slug":"primer-strane","status":"publish","type":"page","link":"https:\/\/dzsvilajnac.com\/cir\/primer-strane\/","title":{"rendered":"\u0414\u0435\u0447\u0438\u0458\u0438 \u0434\u0438\u0441\u043f\u0430\u043d\u0437\u0435\u0440"},"content":{"rendered":"<div data-elementor-type=\"wp-page\" data-elementor-id=\"2\" class=\"elementor elementor-2\">\n\t\t\t\t\t\t\t\t\t<section class=\"elementor-section elementor-top-section elementor-element elementor-element-2aebf125 elementor-section-boxed elementor-section-height-default elementor-section-height-default\" data-id=\"2aebf125\" data-element_type=\"section\">\n\t\t\t\t\t\t<div class=\"elementor-container elementor-column-gap-default\">\n\t\t\t\t\t<div class=\"elementor-column elementor-col-100 elementor-top-column elementor-element elementor-element-793b8f70\" data-id=\"793b8f70\" data-element_type=\"column\">\n\t\t\t<div class=\"elementor-widget-wrap elementor-element-populated\">\n\t\t\t\t\t\t\t\t<div class=\"elementor-element elementor-element-54ed7679 elementor-widget elementor-widget-text-editor\" data-id=\"54ed7679\" data-element_type=\"widget\" data-widget_type=\"text-editor.default\">\n\t\t\t\t<div class=\"elementor-widget-container\">\n\t\t\t\t\t\t\t<p><span style=\"color: #000000;\"><!-- wp:paragraph --><\/span><\/p>\n<p><span style=\"color: #000000;\"><strong>\u0421\u043b\u0443\u0436\u0431\u0430 \u0437\u0430 \u0437\u0434\u0440\u0430\u0432\u0441\u0442\u0432\u0435\u043d\u0443 \u0437\u0430\u0448\u0442\u0438\u0442\u0443 \u0434\u0435\u0446\u0435 <\/strong><\/span><\/p>\n<p><span style=\"color: #000000;\"><strong>&nbsp;<\/strong><\/span><\/p>\n<p><span style=\"color: #000000;\">&nbsp;&nbsp; U&nbsp; Slu\u017ebi za zdravstvenu za\u0161titu dece&nbsp; DZ Svilajnacu&nbsp; svakodnevno se obavljaju preventivni i kurativni pregledi pred\u0161kolske i \u0161kolske dece.<\/span><br><span style=\"color: #000000;\">&nbsp;&nbsp; Preventivni pregledi&nbsp; dece pred\u0161kolskog uzrasta&nbsp; podrazumevaju:<\/span><\/p>\n<ul>\n<li><span style=\"color: #000000;\">\u043f\u0440\u0435\u0433\u043b\u0435\u0434\u0435 \u0443 \u0441\u0430\u0432\u0435\u0442\u043e\u0432\u0430\u043b\u0438\u0448\u0442\u0443 ( \u043f\u0440\u0430\u0442\u0438 \u0441\u0435 \u0440\u0430\u0441\u0442 \u0438 \u0440\u0430\u0437\u0432\u043e\u0458 \u043d\u043e\u0432\u043e\u0440\u043e\u0452\u0435\u043d\u0447\u0435\u0442\u0430 \u0438 \u043e\u0434\u043e\u0458\u0447\u0435\u0442\u0430 \u0438 \u0432\u0440\u0448\u0438 \u0441\u043a\u0440\u0438\u043d\u0438\u043d\u0433 \u0437\u0430 \u0440\u0430\u043d\u043e \u043e\u0442\u043a\u0440\u0438\u0432\u0430\u045a\u0435 \u0434\u0435\u0444\u043e\u0440\u043c\u0438\u0442\u0435\u0442\u0430 \u043a\u0443\u043a\u043e\u0432\u0430 \u0443\u043b\u0442\u0440\u0430\u0437\u0432\u0443\u0447\u043d\u043e\u043c \u0434\u0438\u0458\u0430\u0433\u043d\u043e\u0441\u0442\u0438\u043a\u043e\u043c),<\/span><\/li>\n<li><span style=\"color: #000000;\">\u0441\u0438\u0441\u0442\u0435\u043c\u0430\u0442\u0441\u043a\u0435 \u043f\u0440\u0435\u0433\u043b\u0435\u0434\u0435 \u0434\u0435\u0446\u0435 \u0443 \u0434\u0440\u0443\u0433\u043e\u0458 \u0438 \u0447\u0435\u0442\u0432\u0440\u0442\u043e\u0458 \u0433\u043e\u0434\u0438\u043d\u0438 \u0436\u0438\u0432\u043e\u0442\u0430 \u0438 \u0434\u0435\u0446\u0435 \u043f\u0440\u0435 \u043f\u043e\u043b\u0430\u0441\u043a\u0430 \u0443 \u0448\u043a\u043e\u043b\u0443, \u043a\u0430\u043e \u0438 \u043a\u043e\u043d\u0442\u0440\u043e\u043b\u043d\u0438 \u0441\u0438\u0441\u0442\u0435\u043c\u0430\u0442\u0441\u043a\u0438 \u043f\u0440\u0435\u0433\u043b\u0435\u0434\u0438 \u0434\u0435\u0446\u0435 \u0443 \u0442\u0440\u0435\u045b\u043e\u0458 \u0438 \u043f\u0435\u0442\u043e\u0458 \u0433\u043e\u0434\u0438\u043d\u0438 \u0436\u0438\u0432\u043e\u0442\u0430.<\/span><\/li>\n<\/ul>\n<p><span style=\"color: #000000;\">&nbsp;&nbsp; \u041f\u0440\u0435\u0432\u0435\u043d\u0442\u0438\u0432\u043d\u0438 \u043f\u0440\u0435\u0433\u043b\u0435\u0434\u0438 \u0434\u0435\u0446\u0435 \u0448\u043a\u043e\u043b\u0441\u043a\u043e\u0433 \u0443\u0437\u0440\u0430\u0441\u0442\u0430 \u043f\u043e\u0434\u0440\u0430\u0437\u0443\u043c\u0435\u0432\u0430\u0458\u0443:<\/span><\/p>\n<ul>\n<li><span style=\"color: #000000;\">\u0440\u0435\u0434\u043e\u0432\u043d\u0435 \u0441\u0438\u0441\u0442\u0435\u043c\u0430\u0442\u0441\u043a\u0435 \u0438 \u043a\u043e\u043d\u0442\u0440\u043e\u043b\u043d\u0435 \u0441\u0438\u0441\u0442\u0435\u043c\u0430\u0442\u0441\u043a\u0435 \u043f\u0440\u0435\u0433\u043b\u0435\u0434\u0435 \u0434\u0435\u0446\u0435 \u043e\u0441\u043d\u043e\u0432\u043d\u0438\u0445 \u0438 \u0441\u0440\u0435\u0434\u045a\u0438\u0445 \u0448\u043a\u043e\u043b\u0430 \u0440\u0430\u0434\u0438 \u043f\u0440\u0430\u045b\u0435\u045a\u0430 \u045a\u0438\u0445\u043e\u0432\u043e\u0433 \u0440\u0430\u0441\u0442\u0430, \u0440\u0430\u0437\u0432\u043e\u0458\u0430 \u0438 \u0440\u0430\u043d\u043e\u0433 \u043e\u0442\u043a\u0440\u0438\u0432\u0430\u045a\u0430 \u0435\u0432\u0435\u043d\u0442\u0443\u0430\u043b\u043d\u0438\u0445 \u043f\u0430\u0442\u043e\u043b\u043e\u0448\u043a\u0438\u0445 \u0441\u0442\u0430\u045a\u0430,<\/span><\/li>\n<li><span style=\"color: #000000;\">\u043f\u0440\u0435\u0433\u043b\u0435\u0434\u0435 \u0434\u0435\u0446\u0435 \u0438 \u043e\u043c\u043b\u0430\u0434\u0438\u043d\u0435 \u0443 \u0446\u0438\u0459\u0443 \u0438\u0441\u043f\u0438\u0442\u0438\u0432\u0430\u045a\u0430 \u045a\u0438\u0445\u043e\u0432\u0435 \u043f\u0441\u0438\u0445\u043e\u0444\u0438\u0437\u0438\u0447\u043a\u0435 \u0441\u043f\u043e\u0441\u043e\u0431\u043d\u043e\u0441\u0442\u0438 \u0437\u0430 \u0431\u0430\u0432\u0459\u0435\u045a\u0435 \u043e\u0434\u0440\u0435\u0452\u0435\u043d\u0438\u043c \u0441\u043f\u043e\u0440\u0442\u043e\u043c (\u043e\u043f\u0448\u0442\u0438 \u043f\u0440\u0435\u0433\u043b\u0435\u0434, \u0415\u041a\u0413)<\/span><\/li>\n<\/ul>\n<p><span style=\"color: #000000;\">&nbsp;&nbsp;&nbsp;&nbsp; \u0421\u043b\u0443\u0436\u0431\u0430 \u0432\u0430\u043a\u0446\u0438\u043d\u0430\u0446\u0438\u0458\u0435 \u0432\u0440\u0448\u0438 \u0438\u043c\u0443\u043d\u0438\u0437\u0430\u0446\u0438\u0458\u0443 \u0434\u0435\u0446\u0435 \u0441\u0430 \u0442\u0435\u0440\u0438\u0442\u043e\u0440\u0438\u0458\u0435 \u043e\u043f\u0448\u0442\u0438\u043d\u0435 \u043f\u043e \u043a\u0430\u043b\u0435\u043d\u0434\u0430\u0440\u0443 \u0432\u0430\u043a\u0446\u0438\u043d\u0430\u0446\u0438\u0458\u0435.<\/span><br><span style=\"color: #000000;\">&nbsp;<\/span><\/p>\n<p class=\" translation-block\">\u00a0\u00a0\u00a0 \u0421\u0432\u0430\u043a\u043e\u0434\u043d\u0435\u0432\u043d\u043e \u0441\u0435 \u043e\u0431\u0430\u0432\u0459\u0430 \u0438 \u0432\u0435\u043b\u0438\u043a\u0438 \u0431\u0440\u043e\u0458 \u043a\u0443\u0440\u0430\u0442\u0438\u0432\u043d\u0438\u0445 \u043f\u0440\u0435\u0433\u043b\u0435\u0434\u0430, \u0441\u043f\u0440\u043e\u0432\u043e\u0434\u0435 \u0441\u0435 \u043e\u0434\u0440\u0435\u0452\u0435\u043d\u0435 \u043c\u0435\u0434\u0438\u0446\u0438\u043d\u0441\u043a\u043e-\u0442\u0435\u0445\u043d\u0438\u0447\u043a\u0435 \u0443\u0441\u043b\u0443\u0433\u0435 (\u0434\u0430\u0432\u0430\u045a\u0435 \u043f\u0430\u0440\u0435\u043d\u0442\u0435\u0440\u0430\u043b\u043d\u0435 \u0442\u0435\u0440\u0430\u043f\u0438\u0458\u0435, \u0438\u043d\u0445\u0430\u043b\u0430\u0446\u0438\u0458\u0435, \u0437\u0431\u0440\u0438\u045a\u0430\u0432\u0430\u045a\u0435 \u043f\u043e\u0432\u0440\u0435\u0434\u0430, \u043e\u0431\u0440\u0430\u0434\u0430 \u0438 \u043f\u0440\u0435\u0432\u0438\u0458\u0430\u045a\u0435 \u0438\u0441\u0442\u0438\u0445, \u0443\u0437\u0438\u043c\u0430\u045a\u0430 \u043c\u0430\u0442\u0435\u0440\u0458\u0430\u043b\u0430 \u0437\u0430 \u043b\u0430\u0431\u043e\u0440\u0430\u0442\u043e\u0440\u0438\u0458\u0441\u043a\u0435 \u0430\u043d\u0430\u043b\u0438\u0437\u0435 \u0438 \u0434\u0440\u0443\u0433\u0435\u2026)\u00a0\u00a0\u00a0 \u0418\u043d\u0444\u043e\u0440\u043c\u0430\u0446\u0438\u0458\u0435 \u0441\u0435 \u043c\u043e\u0433\u0443 \u0434\u043e\u0431\u0438\u0442\u0438 \u0438 \u043f\u0440\u0435\u0433\u043b\u0435\u0434\u0438\u00a0 \u0437\u0430\u043a\u0430\u0437\u0430\u0442\u0438 \u043b\u0438\u0447\u043d\u043e \u043d\u0430 \u0448\u0430\u043b\u0442\u0435\u0440\u0443 \u0441\u043b\u0438\u0436\u0431\u0435 \u0438\u043b\u0438 \u043d\u0430 \u0441\u043b\u0435\u0434\u0435\u045b\u0435 \u0431\u0440\u043e\u0458\u0435\u0432\u0435 \u0442\u0435\u043b\u0435\u0444\u043e\u043d\u0430: 035\/321-141, 062\/657-281.<\/p>\n<p><\/p>\n<p><span style=\"color: #000000;\"><strong>\u0420\u0430\u0434\u043d\u043e \u0432\u0440\u0435\u043c\u0435 \u0441\u043b\u0443\u0436\u0431\u0435: 7 \u2013 20\u0447<\/strong><\/span><\/p>\n<p><span style=\"color: #000000;\">Subotom: 8 &#8211; 18h<\/span><br><span style=\"color: #000000;\">Nedeljom: 8-18h<\/span><\/p><p><span style=\"color: #000000;\">Telefon:<\/span><\/p><p><span style=\"color: #000000;\">035\/321-141<\/span><\/p><p><span style=\"color: #000000;\">062\/657281<\/span><\/p>\n<p><\/p>\n<p><span style=\"color: #000000;\">Dr.med. Dragan Stanojevi\u0107, specijalista pedijatrije<\/span><br><span style=\"color: #000000;\">Dr.med. Biljana Jevti\u0107, specijalista pedijatrije, na\u010delnik slu\u017ebe<\/span><br><span style=\"color: #000000;\">\u0414\u0440 \u043c\u0435\u0434. \u0422\u043e\u043f\u043b\u0438\u0446\u0430 \u0408\u0435\u0432\u0440\u0435\u043c\u043e\u0432\u0438\u045b, \u0441\u043f\u0435\u0446\u0438\u0458\u0430\u043b\u0438\u0441\u0442\u0430 \u043f\u0435\u0434\u0438\u0458\u0430\u0442\u0440\u0438\u0458\u0435<\/span><br><span style=\"color: #000000;\">\u0414\u0440 \u043c\u0435\u0434. \u041c\u0438\u043d\u0430 \u0408\u0435\u0432\u0440\u0435\u043c\u043e\u0432\u0438\u045b, \u0441\u043f\u0435\u0446\u0438\u0458\u0430\u043b\u0438\u0441\u0442\u0430 \u043f\u0435\u0434\u0438\u0458\u0430\u0442\u0440\u0438\u0458\u0435<\/span><\/p>\n<p><span style=\"color: #000000;\">Mr sci. dr Vera Branisavljevi\u0107, specijalista pedijatrije<br><\/span><span style=\"color: #000000;\">Vladanka Stepanovi\u0107,&nbsp; strukovna medicinska sestra, glavna sestra<\/span><\/p>\n<p><span style=\"color: #000000;\"><!-- \/wp:paragraph --><\/span><\/p>\t\t\t\t\t\t<\/div>\n\t\t\t\t<\/div>\n\t\t\t\t<div class=\"elementor-element elementor-element-f62b9bb elementor-widget elementor-widget-image-gallery\" data-id=\"f62b9bb\" data-element_type=\"widget\" data-widget_type=\"image-gallery.default\">\n\t\t\t\t<div class=\"elementor-widget-container\">\n\t\t\t\t\t<div class=\"elementor-image-gallery\">\n\t\t\t\n\t\t\t<style type='text\/css'>\n\t\t\t\t#gallery-1 {\n\t\t\t\t\tmargin: auto;\n\t\t\t\t}\n\t\t\t\t#gallery-1 .gallery-item {\n\t\t\t\t\tfloat: left;\n\t\t\t\t\tmargin-top: 10px;\n\t\t\t\t\ttext-align: center;\n\t\t\t\t\twidth: 25%;\n\t\t\t\t}\n\t\t\t\t#gallery-1 img {\n\t\t\t\t\tborder: 2px solid #cfcfcf;\n\t\t\t\t}\n\t\t\t\t#gallery-1 .gallery-caption {\n\t\t\t\t\tmargin-left: 0;\n\t\t\t\t}\n\t\t\t\t\/* see gallery_shortcode() in wp-includes\/media.php *\/\n\t\t\t<\/style>\n\t\t<div id='gallery-1' class='dt-gallery-container gallery galleryid-2 gallery-columns-4 gallery-size-medium_large'><dl class='gallery-item'>\n\t\t\t\t<dt class='gallery-icon landscape'>\n\t\t\t\t\t<a class=\"rollover rollover-zoom dt-pswp-item\" title=\"STE_D11\" data-dt-img-description=\"\" data-large_image_width=\"1440\" data-large_image_height=\"1080\" href='https:\/\/dzsvilajnac.com\/wp-content\/uploads\/2022\/04\/STE_D11.jpg'><img width=\"768\" height=\"576\" src=\"https:\/\/dzsvilajnac.com\/wp-content\/uploads\/2022\/04\/STE_D11-768x576.jpg\" class=\"attachment-medium_large size-medium_large\" alt=\"\" decoding=\"async\" loading=\"lazy\" srcset=\"https:\/\/dzsvilajnac.com\/wp-content\/uploads\/2022\/04\/STE_D11-768x576.jpg 768w, https:\/\/dzsvilajnac.com\/wp-content\/uploads\/2022\/04\/STE_D11-300x225.jpg 300w, https:\/\/dzsvilajnac.com\/wp-content\/uploads\/2022\/04\/STE_D11-1024x768.jpg 1024w, https:\/\/dzsvilajnac.com\/wp-content\/uploads\/2022\/04\/STE_D11.jpg 1440w\" sizes=\"(max-width: 768px) 100vw, 768px\" \/><\/a>\n\t\t\t\t<\/dt><\/dl><dl class='gallery-item'>\n\t\t\t\t<dt class='gallery-icon landscape'>\n\t\t\t\t\t<a class=\"rollover rollover-zoom dt-pswp-item\" title=\"STE_D12\" data-dt-img-description=\"\" data-large_image_width=\"1440\" data-large_image_height=\"1080\" href='https:\/\/dzsvilajnac.com\/wp-content\/uploads\/2022\/04\/STE_D12.jpg'><img width=\"768\" height=\"576\" src=\"https:\/\/dzsvilajnac.com\/wp-content\/uploads\/2022\/04\/STE_D12-768x576.jpg\" class=\"attachment-medium_large size-medium_large\" alt=\"\" decoding=\"async\" loading=\"lazy\" srcset=\"https:\/\/dzsvilajnac.com\/wp-content\/uploads\/2022\/04\/STE_D12-768x576.jpg 768w, https:\/\/dzsvilajnac.com\/wp-content\/uploads\/2022\/04\/STE_D12-300x225.jpg 300w, https:\/\/dzsvilajnac.com\/wp-content\/uploads\/2022\/04\/STE_D12-1024x768.jpg 1024w, https:\/\/dzsvilajnac.com\/wp-content\/uploads\/2022\/04\/STE_D12.jpg 1440w\" sizes=\"(max-width: 768px) 100vw, 768px\" \/><\/a>\n\t\t\t\t<\/dt><\/dl><dl class='gallery-item'>\n\t\t\t\t<dt class='gallery-icon landscape'>\n\t\t\t\t\t<a class=\"rollover rollover-zoom dt-pswp-item\" title=\"STE_D13\" data-dt-img-description=\"\" data-large_image_width=\"1440\" data-large_image_height=\"1080\" href='https:\/\/dzsvilajnac.com\/wp-content\/uploads\/2022\/04\/STE_D13.jpg'><img width=\"768\" height=\"576\" src=\"https:\/\/dzsvilajnac.com\/wp-content\/uploads\/2022\/04\/STE_D13-768x576.jpg\" class=\"attachment-medium_large size-medium_large\" alt=\"\" decoding=\"async\" loading=\"lazy\" srcset=\"https:\/\/dzsvilajnac.com\/wp-content\/uploads\/2022\/04\/STE_D13-768x576.jpg 768w, https:\/\/dzsvilajnac.com\/wp-content\/uploads\/2022\/04\/STE_D13-300x225.jpg 300w, https:\/\/dzsvilajnac.com\/wp-content\/uploads\/2022\/04\/STE_D13-1024x768.jpg 1024w, https:\/\/dzsvilajnac.com\/wp-content\/uploads\/2022\/04\/STE_D13.jpg 1440w\" sizes=\"(max-width: 768px) 100vw, 768px\" \/><\/a>\n\t\t\t\t<\/dt><\/dl><dl class='gallery-item'>\n\t\t\t\t<dt class='gallery-icon landscape'>\n\t\t\t\t\t<a class=\"rollover rollover-zoom dt-pswp-item\" title=\"STE_D14\" data-dt-img-description=\"\" data-large_image_width=\"1440\" data-large_image_height=\"1080\" href='https:\/\/dzsvilajnac.com\/wp-content\/uploads\/2022\/04\/STE_D14.jpg'><img width=\"768\" height=\"576\" src=\"https:\/\/dzsvilajnac.com\/wp-content\/uploads\/2022\/04\/STE_D14-768x576.jpg\" class=\"attachment-medium_large size-medium_large\" alt=\"\" decoding=\"async\" loading=\"lazy\" srcset=\"https:\/\/dzsvilajnac.com\/wp-content\/uploads\/2022\/04\/STE_D14-768x576.jpg 768w, https:\/\/dzsvilajnac.com\/wp-content\/uploads\/2022\/04\/STE_D14-300x225.jpg 300w, https:\/\/dzsvilajnac.com\/wp-content\/uploads\/2022\/04\/STE_D14-1024x768.jpg 1024w, https:\/\/dzsvilajnac.com\/wp-content\/uploads\/2022\/04\/STE_D14.jpg 1440w\" sizes=\"(max-width: 768px) 100vw, 768px\" \/><\/a>\n\t\t\t\t<\/dt><\/dl><br style=\"clear: both\" \/><dl class='gallery-item'>\n\t\t\t\t<dt class='gallery-icon landscape'>\n\t\t\t\t\t<a class=\"rollover rollover-zoom dt-pswp-item\" title=\"STE_D15\" data-dt-img-description=\"\" data-large_image_width=\"1440\" data-large_image_height=\"1080\" href='https:\/\/dzsvilajnac.com\/wp-content\/uploads\/2022\/04\/STE_D15.jpg'><img width=\"768\" height=\"576\" src=\"https:\/\/dzsvilajnac.com\/wp-content\/uploads\/2022\/04\/STE_D15-768x576.jpg\" class=\"attachment-medium_large size-medium_large\" alt=\"\" decoding=\"async\" loading=\"lazy\" srcset=\"https:\/\/dzsvilajnac.com\/wp-content\/uploads\/2022\/04\/STE_D15-768x576.jpg 768w, https:\/\/dzsvilajnac.com\/wp-content\/uploads\/2022\/04\/STE_D15-300x225.jpg 300w, https:\/\/dzsvilajnac.com\/wp-content\/uploads\/2022\/04\/STE_D15-1024x768.jpg 1024w, https:\/\/dzsvilajnac.com\/wp-content\/uploads\/2022\/04\/STE_D15.jpg 1440w\" sizes=\"(max-width: 768px) 100vw, 768px\" \/><\/a>\n\t\t\t\t<\/dt><\/dl><dl class='gallery-item'>\n\t\t\t\t<dt class='gallery-icon landscape'>\n\t\t\t\t\t<a class=\"rollover rollover-zoom dt-pswp-item\" title=\"STE_D17\" data-dt-img-description=\"\" data-large_image_width=\"1440\" data-large_image_height=\"1080\" href='https:\/\/dzsvilajnac.com\/wp-content\/uploads\/2022\/04\/STE_D17.jpg'><img width=\"768\" height=\"576\" src=\"https:\/\/dzsvilajnac.com\/wp-content\/uploads\/2022\/04\/STE_D17-768x576.jpg\" class=\"attachment-medium_large size-medium_large\" alt=\"\" decoding=\"async\" loading=\"lazy\" srcset=\"https:\/\/dzsvilajnac.com\/wp-content\/uploads\/2022\/04\/STE_D17-768x576.jpg 768w, https:\/\/dzsvilajnac.com\/wp-content\/uploads\/2022\/04\/STE_D17-300x225.jpg 300w, https:\/\/dzsvilajnac.com\/wp-content\/uploads\/2022\/04\/STE_D17-1024x768.jpg 1024w, https:\/\/dzsvilajnac.com\/wp-content\/uploads\/2022\/04\/STE_D17.jpg 1440w\" sizes=\"(max-width: 768px) 100vw, 768px\" \/><\/a>\n\t\t\t\t<\/dt><\/dl><dl class='gallery-item'>\n\t\t\t\t<dt class='gallery-icon landscape'>\n\t\t\t\t\t<a class=\"rollover rollover-zoom dt-pswp-item\" title=\"STE_D18\" data-dt-img-description=\"\" data-large_image_width=\"1440\" data-large_image_height=\"1080\" href='https:\/\/dzsvilajnac.com\/wp-content\/uploads\/2022\/04\/STE_D18.jpg'><img width=\"768\" height=\"576\" src=\"https:\/\/dzsvilajnac.com\/wp-content\/uploads\/2022\/04\/STE_D18-768x576.jpg\" class=\"attachment-medium_large size-medium_large\" alt=\"\" decoding=\"async\" loading=\"lazy\" srcset=\"https:\/\/dzsvilajnac.com\/wp-content\/uploads\/2022\/04\/STE_D18-768x576.jpg 768w, https:\/\/dzsvilajnac.com\/wp-content\/uploads\/2022\/04\/STE_D18-300x225.jpg 300w, https:\/\/dzsvilajnac.com\/wp-content\/uploads\/2022\/04\/STE_D18-1024x768.jpg 1024w, https:\/\/dzsvilajnac.com\/wp-content\/uploads\/2022\/04\/STE_D18.jpg 1440w\" sizes=\"(max-width: 768px) 100vw, 768px\" \/><\/a>\n\t\t\t\t<\/dt><\/dl><dl class='gallery-item'>\n\t\t\t\t<dt class='gallery-icon landscape'>\n\t\t\t\t\t<a class=\"rollover rollover-zoom dt-pswp-item\" title=\"STE_D19\" data-dt-img-description=\"\" data-large_image_width=\"1440\" data-large_image_height=\"1080\" href='https:\/\/dzsvilajnac.com\/wp-content\/uploads\/2022\/04\/STE_D19.jpg'><img width=\"768\" height=\"576\" src=\"https:\/\/dzsvilajnac.com\/wp-content\/uploads\/2022\/04\/STE_D19-768x576.jpg\" class=\"attachment-medium_large size-medium_large\" alt=\"\" decoding=\"async\" loading=\"lazy\" srcset=\"https:\/\/dzsvilajnac.com\/wp-content\/uploads\/2022\/04\/STE_D19-768x576.jpg 768w, https:\/\/dzsvilajnac.com\/wp-content\/uploads\/2022\/04\/STE_D19-300x225.jpg 300w, https:\/\/dzsvilajnac.com\/wp-content\/uploads\/2022\/04\/STE_D19-1024x768.jpg 1024w, https:\/\/dzsvilajnac.com\/wp-content\/uploads\/2022\/04\/STE_D19.jpg 1440w\" sizes=\"(max-width: 768px) 100vw, 768px\" \/><\/a>\n\t\t\t\t<\/dt><\/dl><br style=\"clear: both\" \/><dl class='gallery-item'>\n\t\t\t\t<dt class='gallery-icon portrait'>\n\t\t\t\t\t<a class=\"rollover rollover-zoom dt-pswp-item\" title=\"STE_D16\" data-dt-img-description=\"\" data-large_image_width=\"1080\" data-large_image_height=\"1440\" href='https:\/\/dzsvilajnac.com\/wp-content\/uploads\/2022\/04\/STE_D16.jpg'><img width=\"768\" height=\"1024\" src=\"https:\/\/dzsvilajnac.com\/wp-content\/uploads\/2022\/04\/STE_D16-768x1024.jpg\" class=\"attachment-medium_large size-medium_large\" alt=\"\" decoding=\"async\" loading=\"lazy\" srcset=\"https:\/\/dzsvilajnac.com\/wp-content\/uploads\/2022\/04\/STE_D16-768x1024.jpg 768w, https:\/\/dzsvilajnac.com\/wp-content\/uploads\/2022\/04\/STE_D16-225x300.jpg 225w, https:\/\/dzsvilajnac.com\/wp-content\/uploads\/2022\/04\/STE_D16.jpg 1080w\" sizes=\"(max-width: 768px) 100vw, 768px\" \/><\/a>\n\t\t\t\t<\/dt><\/dl>\n\t\t\t\t<br style='clear: both' \/>\n\t\t\t<\/div>\n\t\t<\/div>\n\t\t\t\t<\/div>\n\t\t\t\t<\/div>\n\t\t\t\t\t<\/div>\n\t\t<\/div>\n\t\t\t\t\t\t\t<\/div>\n\t\t<\/section>\n\t\t\t\t\t\t\t<\/div>","protected":false},"excerpt":{"rendered":"<p>Slu\u017eba za zdravstvenu za\u0161titu dece &nbsp; &nbsp;&nbsp; U&nbsp; Slu\u017ebi za zdravstvenu za\u0161titu dece&nbsp; DZ Svilajnacu&nbsp; svakodnevno se obavljaju preventivni i kurativni pregledi pred\u0161kolske i \u0161kolske dece.&nbsp;&nbsp; Preventivni pregledi&nbsp; dece pred\u0161kolskog uzrasta&nbsp; podrazumevaju: preglede u savetovali\u0161tu ( prati se rast i razvoj novoro\u0111en\u010deta i odoj\u010deta i vr\u0161i skrining za rano otkrivanje deformiteta kukova ultrazvu\u010dnom dijagnostikom), sistematske&hellip;<\/p>","protected":false},"author":1,"featured_media":0,"parent":0,"menu_order":0,"comment_status":"closed","ping_status":"closed","template":"","meta":[],"_links":{"self":[{"href":"https:\/\/dzsvilajnac.com\/cir\/wp-json\/wp\/v2\/pages\/2"}],"collection":[{"href":"https:\/\/dzsvilajnac.com\/cir\/wp-json\/wp\/v2\/pages"}],"about":[{"href":"https:\/\/dzsvilajnac.com\/cir\/wp-json\/wp\/v2\/types\/page"}],"author":[{"embeddable":true,"href":"https:\/\/dzsvilajnac.com\/cir\/wp-json\/wp\/v2\/users\/1"}],"replies":[{"embeddable":true,"href":"https:\/\/dzsvilajnac.com\/cir\/wp-json\/wp\/v2\/comments?post=2"}],"version-history":[{"count":34,"href":"https:\/\/dzsvilajnac.com\/cir\/wp-json\/wp\/v2\/pages\/2\/revisions"}],"predecessor-version":[{"id":5084,"href":"https:\/\/dzsvilajnac.com\/cir\/wp-json\/wp\/v2\/pages\/2\/revisions\/5084"}],"wp:attachment":[{"href":"https:\/\/dzsvilajnac.com\/cir\/wp-json\/wp\/v2\/media?parent=2"}],"curies":[{"name":"wp","href":"https:\/\/api.w.org\/{rel}","templated":true}]}}